{"id":49256,"date":"2020-11-24T10:11:38","date_gmt":"2020-11-24T15:11:38","guid":{"rendered":"https:\/\/www.coldjet.com\/producao-de-gelo-seco\/aplicacoes\/medical-and-pharmaceutical-shipment-cooling\/"},"modified":"2020-12-11T10:23:58","modified_gmt":"2020-12-11T15:23:58","slug":"refrigeracao-de-produtos-medicos-e-farmaceuticos","status":"publish","type":"page","link":"https:\/\/www.coldjet.com\/pt-br\/producao-de-gelo-seco\/aplicacoes\/refrigeracao-de-produtos-medicos-e-farmaceuticos\/","title":{"rendered":"Refrigera\u00e7\u00e3o de Envios de Produtos M\u00e9dicos e Farmac\u00eauticos"},"content":{"rendered":"","protected":false},"excerpt":{"rendered":"","protected":false},"author":3,"featured_media":0,"parent":22418,"menu_order":4,"comment_status":"closed","ping_status":"closed","template":"","meta":{"_acf_changed":false,"footnotes":""},"class_list":["post-49256","page","type-page","status-publish","hentry"],"acf":[],"_links":{"self":[{"href":"https:\/\/www.coldjet.com\/pt-br\/wp-json\/wp\/v2\/pages\/49256","targetHints":{"allow":["GET"]}}],"collection":[{"href":"https:\/\/www.coldjet.com\/pt-br\/wp-json\/wp\/v2\/pages"}],"about":[{"href":"https:\/\/www.coldjet.com\/pt-br\/wp-json\/wp\/v2\/types\/page"}],"author":[{"embeddable":true,"href":"https:\/\/www.coldjet.com\/pt-br\/wp-json\/wp\/v2\/users\/3"}],"replies":[{"embeddable":true,"href":"https:\/\/www.coldjet.com\/pt-br\/wp-json\/wp\/v2\/comments?post=49256"}],"version-history":[{"count":0,"href":"https:\/\/www.coldjet.com\/pt-br\/wp-json\/wp\/v2\/pages\/49256\/revisions"}],"up":[{"embeddable":true,"href":"https:\/\/www.coldjet.com\/pt-br\/wp-json\/wp\/v2\/pages\/22418"}],"wp:attachment":[{"href":"https:\/\/www.coldjet.com\/pt-br\/wp-json\/wp\/v2\/media?parent=49256"}],"curies":[{"name":"wp","href":"https:\/\/api.w.org\/{rel}","templated":true}]}}