{"id":38267,"date":"2020-02-10T23:56:51","date_gmt":"2020-02-11T04:56:51","guid":{"rendered":"https:\/\/www.coldjet.com\/?page_id=38267"},"modified":"2020-02-14T01:24:35","modified_gmt":"2020-02-14T06:24:35","slug":"calendario-de-eventos","status":"publish","type":"page","link":"https:\/\/www.coldjet.com\/pt-br\/calendario-de-eventos\/","title":{"rendered":"Calend\u00e1rio De Eventos"},"content":{"rendered":"<section class=\"section-background container gradient-primary-to-lower-right margin-top--none margin-bottom--none padding-top--xl padding-bottom--xl container--full-width\" style=\"text-align:center\">\n<div class=\"wysiwyg-content container text-component margin-top--lg margin-bottom--xl padding-top--none padding-bottom--none container--xs\">\n<h1 class=\"g-h-kicker color--secondary\">CALEND\u00c1RIO DE EVENTOS<\/h1>\n<h2 class=\"color--white text--xxxl text-shadow-heavy balance-text\">Encontre-nos num evento mais pr\u00f3ximo de voc\u00ea<\/h2>\n<p class=\"color--white opacity-90 text--lg text-shadow-dark balance-text\">Estamos planejando expor, apresentar ou assistir \u00e0s seguintes feiras e eventos. Todas as datas e locais est\u00e3o sujeitos a altera\u00e7\u00f5es. Para mais informa\u00e7\u00f5es ou para marcar uma reuni\u00e3o conosco em algum desses eventos, por favor contacte-nos em\u00a0info@coldjet.com<\/p>\n<\/div>\n<\/section>\n","protected":false},"excerpt":{"rendered":"<p>CALEND\u00c1RIO DE EVENTOS Encontre-nos num evento mais pr\u00f3ximo de voc\u00ea Estamos planejando expor, apresentar ou assistir \u00e0s seguintes feiras e eventos. Todas as datas e locais est\u00e3o sujeitos a altera\u00e7\u00f5es. Para mais informa\u00e7\u00f5es ou para marcar uma reuni\u00e3o conosco em algum desses eventos, por favor contacte-nos em\u00a0info@coldjet.com<\/p>\n","protected":false},"author":3,"featured_media":0,"parent":0,"menu_order":7,"comment_status":"closed","ping_status":"closed","template":"template-events.php","meta":{"_acf_changed":false,"footnotes":""},"class_list":["post-38267","page","type-page","status-publish","hentry"],"acf":[],"_links":{"self":[{"href":"https:\/\/www.coldjet.com\/pt-br\/wp-json\/wp\/v2\/pages\/38267","targetHints":{"allow":["GET"]}}],"collection":[{"href":"https:\/\/www.coldjet.com\/pt-br\/wp-json\/wp\/v2\/pages"}],"about":[{"href":"https:\/\/www.coldjet.com\/pt-br\/wp-json\/wp\/v2\/types\/page"}],"author":[{"embeddable":true,"href":"https:\/\/www.coldjet.com\/pt-br\/wp-json\/wp\/v2\/users\/3"}],"replies":[{"embeddable":true,"href":"https:\/\/www.coldjet.com\/pt-br\/wp-json\/wp\/v2\/comments?post=38267"}],"version-history":[{"count":0,"href":"https:\/\/www.coldjet.com\/pt-br\/wp-json\/wp\/v2\/pages\/38267\/revisions"}],"wp:attachment":[{"href":"https:\/\/www.coldjet.com\/pt-br\/wp-json\/wp\/v2\/media?parent=38267"}],"curies":[{"name":"wp","href":"https:\/\/api.w.org\/{rel}","templated":true}]}}