{"id":31873,"date":"2019-08-13T09:16:07","date_gmt":"2019-08-13T13:16:59","guid":{"rendered":"https:\/\/www.coldjet.com\/jateamento-de-gelo-seco\/aplicacoes\/coatings-corrosion-removal\/"},"modified":"2020-10-27T11:14:41","modified_gmt":"2020-10-27T15:14:41","slug":"remocao-de-revestimentos-e-corrosao","status":"publish","type":"page","link":"https:\/\/www.coldjet.com\/pt-br\/jateamento-com-gelo-seco\/aplicacoes\/remocao-de-revestimentos-e-corrosao\/","title":{"rendered":"Remo\u00e7\u00e3o de Revestimentos e Corros\u00e3o"},"content":{"rendered":"","protected":false},"excerpt":{"rendered":"","protected":false},"author":3,"featured_media":0,"parent":23398,"menu_order":4,"comment_status":"closed","ping_status":"closed","template":"","meta":{"_acf_changed":false,"footnotes":""},"class_list":["post-31873","page","type-page","status-publish","hentry"],"acf":[],"_links":{"self":[{"href":"https:\/\/www.coldjet.com\/pt-br\/wp-json\/wp\/v2\/pages\/31873","targetHints":{"allow":["GET"]}}],"collection":[{"href":"https:\/\/www.coldjet.com\/pt-br\/wp-json\/wp\/v2\/pages"}],"about":[{"href":"https:\/\/www.coldjet.com\/pt-br\/wp-json\/wp\/v2\/types\/page"}],"author":[{"embeddable":true,"href":"https:\/\/www.coldjet.com\/pt-br\/wp-json\/wp\/v2\/users\/3"}],"replies":[{"embeddable":true,"href":"https:\/\/www.coldjet.com\/pt-br\/wp-json\/wp\/v2\/comments?post=31873"}],"version-history":[{"count":0,"href":"https:\/\/www.coldjet.com\/pt-br\/wp-json\/wp\/v2\/pages\/31873\/revisions"}],"up":[{"embeddable":true,"href":"https:\/\/www.coldjet.com\/pt-br\/wp-json\/wp\/v2\/pages\/23398"}],"wp:attachment":[{"href":"https:\/\/www.coldjet.com\/pt-br\/wp-json\/wp\/v2\/media?parent=31873"}],"curies":[{"name":"wp","href":"https:\/\/api.w.org\/{rel}","templated":true}]}}