{"id":23146,"date":"2019-06-10T17:27:01","date_gmt":"2019-06-10T21:27:01","guid":{"rendered":"http:\/\/coldjetprod.wpengine.com\/legal\/"},"modified":"2019-07-28T16:50:00","modified_gmt":"2019-07-28T20:50:00","slug":"legal","status":"publish","type":"page","link":"https:\/\/www.coldjet.com\/pt-br\/legal\/","title":{"rendered":"Legal"},"content":{"rendered":"","protected":false},"excerpt":{"rendered":"","protected":false},"author":3,"featured_media":0,"parent":0,"menu_order":39,"comment_status":"closed","ping_status":"closed","template":"","meta":{"_acf_changed":false,"footnotes":""},"class_list":["post-23146","page","type-page","status-publish","hentry"],"acf":[],"acf_processed":{"show_breadcrumbs":true,"page_content":[{"acf_fc_layout":"general_content","content":"<h2>Avisos Legais<\/h2>\n<h3>Em Geral<\/h3>\n<p>As informa\u00e7\u00f5es contidas nesta publica\u00e7\u00e3o (website), incluindo texto, especifica\u00e7\u00f5es, n\u00fameros de pe\u00e7as, imagens e links, s\u00e3o fornecidas para fins de refer\u00eancia apenas pela Cold Jet como uma conveni\u00eancia para seus clientes, sem garantia de qualquer tipo, expressa ou impl\u00edcita, incluindo, mas n\u00e3o limitado a, garantias impl\u00edcitas de comerciabilidade, par\u00e2metros operacionais ou resultados do cliente ou adequa\u00e7\u00e3o a uma aplica\u00e7\u00e3o espec\u00edfica.<\/p>\n<p>A Cold Jet LLC n\u00e3o assume qualquer responsabilidade por erros ou omiss\u00f5es neste website ou noutros documentos que sejam referenciados por ou ligados a este website. Este website pode incluir imprecis\u00f5es t\u00e9cnicas ou outras, e nem todos os produtos ou servi\u00e7os aqui referidos est\u00e3o dispon\u00edveis em todas as \u00e1reas. Altera\u00e7\u00f5es s\u00e3o periodicamente adicionadas a essas informa\u00e7\u00f5es, e a Cold Jet pode alterar os produtos ou servi\u00e7os aqui descritos a qualquer momento. Para obter as informa\u00e7\u00f5es mais atualizadas, entre em contato com seu representante da Cold Jet.<\/p>\n<h3>Especifica\u00e7\u00f5es e representa\u00e7\u00f5es dos produtos<\/h3>\n<p>Todas as especifica\u00e7\u00f5es do produto aqui apresentadas referem-se a &#8220;capacidades classificadas\/design&#8221; e n\u00e3o implicam ou garantem que estas sejam especifica\u00e7\u00f5es operacionais finais, que podem variar com base nas configura\u00e7\u00f5es do equipamento do cliente, par\u00e2metros operacionais e instala\u00e7\u00f5es. As especifica\u00e7\u00f5es e representa\u00e7\u00f5es do produto apresentadas n\u00e3o constituem informa\u00e7\u00f5es completas necess\u00e1rias para que o cliente opere adequadamente o equipamento. As imagens dos produtos apresentadas destinam-se apenas a fins representativos e os produtos podem diferir das imagens apresentadas. A Cold Jet sempre enviar\u00e1 a vers\u00e3o mais recente de cada produto e pe\u00e7a.<\/p>\n<h3>Aplica\u00e7\u00f5es\/Resultados\/Testemunhos<\/h3>\n<p>Todas as reivindica\u00e7\u00f5es, aplica\u00e7\u00f5es, resultados e testemunhos de produtos aqui representados s\u00e3o precisos sob condi\u00e7\u00f5es no momento do desempenho, ou conforme relatados \u00e0 Cold Jet pelas partes mencionadas, e n\u00e3o garantem resultados ou adequa\u00e7\u00e3o para aplica\u00e7\u00f5es sob todas as condi\u00e7\u00f5es operacionais. Discuta todas as aplica\u00e7\u00f5es pretendidas com seu representante da Cold Jet.<\/p>\n","margin_top":"margin-top--none","margin_bottom":"margin-bottom--xxl","padding_top":"padding-top--none","padding_bottom":"padding-bottom--none","heading_type":"div","container_max_width":"container--sm"}]},"seo":{"title":"Legal","description":"","canonical":"https:\/\/www.coldjet.com\/pt-br\/legal\/","robots":{"noindex":false,"nofollow":false,"directives":["index","follow","max-image-preview:large","max-snippet:-1","max-video-preview:-1"],"raw":"index, follow, max-image-preview:large, max-snippet:-1, max-video-preview:-1"},"og":{"title":"Legal","description":"","image":"","image_id":null,"type":"article","url":"https:\/\/www.coldjet.com\/pt-br\/legal\/","locale":"pt_BR","site_name":"Cold Jet","article_modified":"2019-07-28 20:50:00+00:00","article_published":"2019-06-10 21:27:01+00:00"},"twitter":{"card":"summary_large_image","title":"Legal","description":"","image":"","image_id":null,"creator":"","site":""},"hreflang":[{"lang":"en-US","url":"https:\/\/www.coldjet.com\/legal\/","lang_code":"en","locale":"en_US","is_default":true},{"lang":"nl-NL","url":"https:\/\/www.coldjet.com\/nl\/wettelijk\/","lang_code":"nl","locale":"nl_NL"},{"lang":"fr-FR","url":"https:\/\/www.coldjet.com\/fr\/juridique\/","lang_code":"fr","locale":"fr_FR"},{"lang":"de-DE","url":"https:\/\/www.coldjet.com\/de\/rechtliche-hinweise\/","lang_code":"de","locale":"de_DE"},{"lang":"it-IT","url":"https:\/\/www.coldjet.com\/it\/legale\/","lang_code":"it","locale":"it_IT"},{"lang":"ja","url":"https:\/\/www.coldjet.com\/ja\/%e6%b3%95%e5%be%8b\/","lang_code":"ja","locale":"ja"},{"lang":"pl-PL","url":"https:\/\/www.coldjet.com\/pl\/informacje-prawne\/","lang_code":"pl","locale":"pl_PL"},{"lang":"pt-BR","url":"https:\/\/www.coldjet.com\/pt-br\/legal\/","lang_code":"pt-br","locale":"pt_BR"},{"lang":"es-ES","url":"https:\/\/www.coldjet.com\/es\/legal\/","lang_code":"es","locale":"es_ES"},{"lang":"x-default","url":"https:\/\/www.coldjet.com\/legal\/","lang_code":"en"}],"schema":{"@context":"https:\/\/schema.org","@graph":[{"@type":"WebPage","@id":"https:\/\/www.coldjet.com\/pt-br\/legal\/","url":"https:\/\/www.coldjet.com\/pt-br\/legal\/","name":"Legal - Cold Jet","isPartOf":{"@id":"https:\/\/www.coldjet.com\/pt-br\/#website"},"datePublished":"2019-06-10T21:27:01+00:00","dateModified":"2019-07-28T20:50:00+00:00","breadcrumb":{"@id":"https:\/\/www.coldjet.com\/pt-br\/legal\/#breadcrumb"},"inLanguage":"pt-BR","potentialAction":[{"@type":"ReadAction","target":["https:\/\/www.coldjet.com\/pt-br\/legal\/"]}]},{"@type":"BreadcrumbList","@id":"https:\/\/www.coldjet.com\/pt-br\/legal\/#breadcrumb","itemListElement":[{"@type":"ListItem","position":1,"name":"Home","item":"https:\/\/www.coldjet.com\/pt-br\/"},{"@type":"ListItem","position":2,"name":"Legal"}]},{"@type":"WebSite","@id":"https:\/\/www.coldjet.com\/pt-br\/#website","url":"https:\/\/www.coldjet.com\/pt-br\/","name":"Cold Jet","description":"Dry Ice Blasting Equipment and Machines by Cold Jet","publisher":{"@id":"https:\/\/www.coldjet.com\/pt-br\/#organization"},"potentialAction":[{"@type":"SearchAction","target":{"@type":"EntryPoint","urlTemplate":"https:\/\/www.coldjet.com\/pt-br\/?s={search_term_string}"},"query-input":{"@type":"PropertyValueSpecification","valueRequired":true,"valueName":"search_term_string"}}],"inLanguage":"pt-BR"},{"@type":"Organization","@id":"https:\/\/www.coldjet.com\/pt-br\/#organization","name":"Cold Jet","url":"https:\/\/www.coldjet.com\/pt-br\/","logo":{"@type":"ImageObject","inLanguage":"pt-BR","@id":"https:\/\/www.coldjet.com\/pt-br\/#\/schema\/logo\/image\/","url":"https:\/\/www.coldjet.com\/wp-content\/uploads\/blue-tagline_transparent.png","contentUrl":"https:\/\/www.coldjet.com\/wp-content\/uploads\/blue-tagline_transparent.png","width":957,"height":237,"caption":"Cold Jet"},"image":{"@id":"https:\/\/www.coldjet.com\/pt-br\/#\/schema\/logo\/image\/"}}]},"breadcrumb_title":"","focus_keyphrase":"","seo_score":null,"readability_score":30,"is_cornerstone":false,"plugin":"yoast","plugin_version":"26.3"},"_links":{"self":[{"href":"https:\/\/www.coldjet.com\/pt-br\/wp-json\/wp\/v2\/pages\/23146","targetHints":{"allow":["GET"]}}],"collection":[{"href":"https:\/\/www.coldjet.com\/pt-br\/wp-json\/wp\/v2\/pages"}],"about":[{"href":"https:\/\/www.coldjet.com\/pt-br\/wp-json\/wp\/v2\/types\/page"}],"author":[{"embeddable":true,"href":"https:\/\/www.coldjet.com\/pt-br\/wp-json\/wp\/v2\/users\/3"}],"replies":[{"embeddable":true,"href":"https:\/\/www.coldjet.com\/pt-br\/wp-json\/wp\/v2\/comments?post=23146"}],"version-history":[{"count":0,"href":"https:\/\/www.coldjet.com\/pt-br\/wp-json\/wp\/v2\/pages\/23146\/revisions"}],"wp:attachment":[{"href":"https:\/\/www.coldjet.com\/pt-br\/wp-json\/wp\/v2\/media?parent=23146"}],"curies":[{"name":"wp","href":"https:\/\/api.w.org\/{rel}","templated":true}]}}