{"id":21904,"date":"2019-07-16T14:58:59","date_gmt":"2019-07-16T18:58:59","guid":{"rendered":"http:\/\/coldjetprod.wpengine.com\/customer-service-thank-you\/"},"modified":"2019-08-02T14:32:46","modified_gmt":"2019-08-02T18:32:46","slug":"obrigado-servico-de-atencao-ao-cliente","status":"publish","type":"page","link":"https:\/\/www.coldjet.com\/pt-br\/obrigado-servico-de-atencao-ao-cliente\/","title":{"rendered":"Obrigado &#8211; Servi\u00e7o de Aten\u00e7\u00e3o ao Cliente"},"content":{"rendered":"","protected":false},"excerpt":{"rendered":"","protected":false},"author":3,"featured_media":0,"parent":0,"menu_order":0,"comment_status":"closed","ping_status":"closed","template":"","meta":{"_acf_changed":false,"footnotes":""},"class_list":["post-21904","page","type-page","status-publish","hentry"],"acf":[],"_links":{"self":[{"href":"https:\/\/www.coldjet.com\/pt-br\/wp-json\/wp\/v2\/pages\/21904","targetHints":{"allow":["GET"]}}],"collection":[{"href":"https:\/\/www.coldjet.com\/pt-br\/wp-json\/wp\/v2\/pages"}],"about":[{"href":"https:\/\/www.coldjet.com\/pt-br\/wp-json\/wp\/v2\/types\/page"}],"author":[{"embeddable":true,"href":"https:\/\/www.coldjet.com\/pt-br\/wp-json\/wp\/v2\/users\/3"}],"replies":[{"embeddable":true,"href":"https:\/\/www.coldjet.com\/pt-br\/wp-json\/wp\/v2\/comments?post=21904"}],"version-history":[{"count":0,"href":"https:\/\/www.coldjet.com\/pt-br\/wp-json\/wp\/v2\/pages\/21904\/revisions"}],"wp:attachment":[{"href":"https:\/\/www.coldjet.com\/pt-br\/wp-json\/wp\/v2\/media?parent=21904"}],"curies":[{"name":"wp","href":"https:\/\/api.w.org\/{rel}","templated":true}]}}