{"id":64177,"date":"2022-03-04T13:20:22","date_gmt":"2022-03-04T18:20:22","guid":{"rendered":"https:\/\/www.coldjet.com\/sustainability\/"},"modified":"2026-03-31T05:30:17","modified_gmt":"2026-03-31T09:30:17","slug":"zrownowazony-rozwoj","status":"publish","type":"page","link":"https:\/\/www.coldjet.com\/pl\/zrownowazony-rozwoj\/","title":{"rendered":"Zr\u00f3wnowa\u017cony rozw\u00f3j w Cold Jet"},"content":{"rendered":"","protected":false},"excerpt":{"rendered":"","protected":false},"author":46,"featured_media":0,"parent":0,"menu_order":28,"comment_status":"closed","ping_status":"closed","template":"","meta":{"_acf_changed":false,"footnotes":""},"class_list":["post-64177","page","type-page","status-publish","hentry"],"acf":[],"_links":{"self":[{"href":"https:\/\/www.coldjet.com\/pl\/wp-json\/wp\/v2\/pages\/64177","targetHints":{"allow":["GET"]}}],"collection":[{"href":"https:\/\/www.coldjet.com\/pl\/wp-json\/wp\/v2\/pages"}],"about":[{"href":"https:\/\/www.coldjet.com\/pl\/wp-json\/wp\/v2\/types\/page"}],"author":[{"embeddable":true,"href":"https:\/\/www.coldjet.com\/pl\/wp-json\/wp\/v2\/users\/46"}],"replies":[{"embeddable":true,"href":"https:\/\/www.coldjet.com\/pl\/wp-json\/wp\/v2\/comments?post=64177"}],"version-history":[{"count":1,"href":"https:\/\/www.coldjet.com\/pl\/wp-json\/wp\/v2\/pages\/64177\/revisions"}],"predecessor-version":[{"id":108013,"href":"https:\/\/www.coldjet.com\/pl\/wp-json\/wp\/v2\/pages\/64177\/revisions\/108013"}],"wp:attachment":[{"href":"https:\/\/www.coldjet.com\/pl\/wp-json\/wp\/v2\/media?parent=64177"}],"curies":[{"name":"wp","href":"https:\/\/api.w.org\/{rel}","templated":true}]}}