{"id":61303,"date":"2021-09-28T11:16:30","date_gmt":"2021-09-28T15:16:30","guid":{"rendered":"https:\/\/www.coldjet.com\/produkcja-suchego-lodu\/zastosowania\/food-home-delivery\/"},"modified":"2025-06-25T07:35:04","modified_gmt":"2025-06-25T11:35:04","slug":"suchy-lod-do-transportu-zywnosci","status":"publish","type":"page","link":"https:\/\/www.coldjet.com\/pl\/produkcja-suchego-lodu\/zastosowania\/suchy-lod-do-transportu-zywnosci\/","title":{"rendered":"Suchy L\u00f3d do Transportu \u017bywno\u015bci"},"content":{"rendered":"","protected":false},"excerpt":{"rendered":"","protected":false},"author":46,"featured_media":59467,"parent":22417,"menu_order":2,"comment_status":"closed","ping_status":"closed","template":"","meta":{"_acf_changed":false,"footnotes":""},"class_list":["post-61303","page","type-page","status-publish","has-post-thumbnail","hentry"],"acf":[],"_links":{"self":[{"href":"https:\/\/www.coldjet.com\/pl\/wp-json\/wp\/v2\/pages\/61303","targetHints":{"allow":["GET"]}}],"collection":[{"href":"https:\/\/www.coldjet.com\/pl\/wp-json\/wp\/v2\/pages"}],"about":[{"href":"https:\/\/www.coldjet.com\/pl\/wp-json\/wp\/v2\/types\/page"}],"author":[{"embeddable":true,"href":"https:\/\/www.coldjet.com\/pl\/wp-json\/wp\/v2\/users\/46"}],"replies":[{"embeddable":true,"href":"https:\/\/www.coldjet.com\/pl\/wp-json\/wp\/v2\/comments?post=61303"}],"version-history":[{"count":0,"href":"https:\/\/www.coldjet.com\/pl\/wp-json\/wp\/v2\/pages\/61303\/revisions"}],"up":[{"embeddable":true,"href":"https:\/\/www.coldjet.com\/pl\/wp-json\/wp\/v2\/pages\/22417"}],"wp:featuredmedia":[{"embeddable":true,"href":"https:\/\/www.coldjet.com\/pl\/wp-json\/wp\/v2\/media\/59467"}],"wp:attachment":[{"href":"https:\/\/www.coldjet.com\/pl\/wp-json\/wp\/v2\/media?parent=61303"}],"curies":[{"name":"wp","href":"https:\/\/api.w.org\/{rel}","templated":true}]}}