{"id":45707,"date":"2020-05-14T11:13:07","date_gmt":"2020-05-14T15:13:07","guid":{"rendered":"https:\/\/www.coldjet.com\/czyszczenie-suchym-lodem\/zastosowania\/nonwoven-die-cleaning\/"},"modified":"2025-02-22T03:59:13","modified_gmt":"2025-02-22T08:59:13","slug":"czyszczenie-glowic-do-produkcji-wlokniny","status":"publish","type":"page","link":"https:\/\/www.coldjet.com\/pl\/czyszczenie-suchym-lodem\/zastosowania\/czyszczenie-glowic-do-produkcji-wlokniny\/","title":{"rendered":"Czyszczenie g\u0142owic do produkcji w\u0142\u00f3kniny"},"content":{"rendered":"","protected":false},"excerpt":{"rendered":"","protected":false},"author":3,"featured_media":0,"parent":23409,"menu_order":9,"comment_status":"closed","ping_status":"closed","template":"","meta":{"_acf_changed":false,"footnotes":""},"class_list":["post-45707","page","type-page","status-publish","hentry"],"acf":[],"_links":{"self":[{"href":"https:\/\/www.coldjet.com\/pl\/wp-json\/wp\/v2\/pages\/45707","targetHints":{"allow":["GET"]}}],"collection":[{"href":"https:\/\/www.coldjet.com\/pl\/wp-json\/wp\/v2\/pages"}],"about":[{"href":"https:\/\/www.coldjet.com\/pl\/wp-json\/wp\/v2\/types\/page"}],"author":[{"embeddable":true,"href":"https:\/\/www.coldjet.com\/pl\/wp-json\/wp\/v2\/users\/3"}],"replies":[{"embeddable":true,"href":"https:\/\/www.coldjet.com\/pl\/wp-json\/wp\/v2\/comments?post=45707"}],"version-history":[{"count":0,"href":"https:\/\/www.coldjet.com\/pl\/wp-json\/wp\/v2\/pages\/45707\/revisions"}],"up":[{"embeddable":true,"href":"https:\/\/www.coldjet.com\/pl\/wp-json\/wp\/v2\/pages\/23409"}],"wp:attachment":[{"href":"https:\/\/www.coldjet.com\/pl\/wp-json\/wp\/v2\/media?parent=45707"}],"curies":[{"name":"wp","href":"https:\/\/api.w.org\/{rel}","templated":true}]}}