{"id":38261,"date":"2020-02-10T23:56:51","date_gmt":"2020-02-11T04:56:51","guid":{"rendered":"https:\/\/www.coldjet.com\/?page_id=38261"},"modified":"2025-02-21T08:54:50","modified_gmt":"2025-02-21T13:54:50","slug":"kalendarz-imprez","status":"publish","type":"page","link":"https:\/\/www.coldjet.com\/pl\/kalendarz-imprez\/","title":{"rendered":"Kalendarz Imprez"},"content":{"rendered":"<section class=\"section-background container gradient-primary-to-lower-right margin-top--none margin-bottom--none padding-top--xl padding-bottom--xl container--full-width\" style=\"text-align: center;\">\n<div class=\"wysiwyg-content container text-component margin-top--lg margin-bottom--xl padding-top--none padding-bottom--none container--xs\">\n<h1 class=\"g-h-kicker color--secondary\">KALENDARZ IMPREZ<\/h1>\n<h2 class=\"color--white text--xxxl text-shadow-heavy balance-text\">Spotkaj si\u0119 z nami podczas jednego z wydarze\u0144 w pobli\u017cu Twojej lokalizacji.<\/h2>\n<p class=\"color--white opacity-90 text--lg text-shadow-dark balance-text\">Poni\u017cej znajduje si\u0119 lista planowanych wydarze\u0144. Wszystkie terminy i lokalizacje mog\u0105 ulec zmianie. Aby uzyska\u0107 wi\u0119cej informacji lub um\u00f3wi\u0107 si\u0119 na spotkanie, prosimy o kontakt pod adresem info.eu@coldjet.com<\/p>\n<\/div>\n<\/section>\n","protected":false},"excerpt":{"rendered":"<p>KALENDARZ IMPREZ Spotkaj si\u0119 z nami podczas jednego z wydarze\u0144 w pobli\u017cu Twojej lokalizacji. Poni\u017cej znajduje si\u0119 lista planowanych wydarze\u0144. Wszystkie terminy i lokalizacje mog\u0105 ulec zmianie. Aby uzyska\u0107 wi\u0119cej informacji lub um\u00f3wi\u0107 si\u0119 na spotkanie, prosimy o kontakt pod adresem info.eu@coldjet.com<\/p>\n","protected":false},"author":3,"featured_media":0,"parent":0,"menu_order":7,"comment_status":"closed","ping_status":"closed","template":"template-events.php","meta":{"_acf_changed":false,"footnotes":""},"class_list":["post-38261","page","type-page","status-publish","hentry"],"acf":[],"acf_processed":{"show_breadcrumbs":true,"is_restricted":false},"seo":{"title":"Kalendarz wydarze\u0144 organizowanych przez firm\u0119 | Cold Jet","description":"","canonical":"https:\/\/www.coldjet.com\/pl\/kalendarz-imprez\/","robots":{"noindex":false,"nofollow":false,"directives":["index","follow","max-image-preview:large","max-snippet:-1","max-video-preview:-1"],"raw":"index, follow, max-image-preview:large, max-snippet:-1, max-video-preview:-1"},"og":{"title":"Kalendarz wydarze\u0144 organizowanych przez firm\u0119 | Cold Jet","description":"","image":"","image_id":null,"type":"article","url":"https:\/\/www.coldjet.com\/pl\/kalendarz-imprez\/","locale":"pl_PL","site_name":"Cold Jet","article_modified":"2025-02-21 13:54:50+00:00","article_published":"2020-02-11 04:56:51+00:00"},"twitter":{"card":"summary_large_image","title":"Kalendarz wydarze\u0144 organizowanych przez firm\u0119 | Cold Jet","description":"","image":"","image_id":null,"creator":"","site":""},"hreflang":[{"lang":"en-US","url":"https:\/\/www.coldjet.com\/events-calendar\/","lang_code":"en","locale":"en_US","is_default":true},{"lang":"nl-NL","url":"https:\/\/www.coldjet.com\/nl\/evenementenkalender\/","lang_code":"nl","locale":"nl_NL"},{"lang":"fr-FR","url":"https:\/\/www.coldjet.com\/fr\/calendrier-des-evenements\/","lang_code":"fr","locale":"fr_FR"},{"lang":"de-DE","url":"https:\/\/www.coldjet.com\/de\/veranstaltungskalender\/","lang_code":"de","locale":"de_DE"},{"lang":"it-IT","url":"https:\/\/www.coldjet.com\/it\/events-calendar\/","lang_code":"it","locale":"it_IT"},{"lang":"ja","url":"https:\/\/www.coldjet.com\/ja\/%e5%b9%b4%e9%96%93%e3%81%ae%e3%82%a4%e3%83%99%e3%83%b3%e3%83%88\/","lang_code":"ja","locale":"ja"},{"lang":"pl-PL","url":"https:\/\/www.coldjet.com\/pl\/kalendarz-imprez\/","lang_code":"pl","locale":"pl_PL"},{"lang":"pt-BR","url":"https:\/\/www.coldjet.com\/pt-br\/calendario-de-eventos\/","lang_code":"pt-br","locale":"pt_BR"},{"lang":"es-ES","url":"https:\/\/www.coldjet.com\/es\/calendario-de-eventos\/","lang_code":"es","locale":"es_ES"},{"lang":"x-default","url":"https:\/\/www.coldjet.com\/events-calendar\/","lang_code":"en"}],"schema":{"@context":"https:\/\/schema.org","@graph":[{"@type":"WebPage","@id":"https:\/\/www.coldjet.com\/pl\/kalendarz-imprez\/","url":"https:\/\/www.coldjet.com\/pl\/kalendarz-imprez\/","name":"Kalendarz wydarze\u0144 organizowanych przez firm\u0119 | Cold Jet","isPartOf":{"@id":"https:\/\/www.coldjet.com\/pl\/#website"},"datePublished":"2020-02-11T04:56:51+00:00","dateModified":"2025-02-21T13:54:50+00:00","breadcrumb":{"@id":"https:\/\/www.coldjet.com\/pl\/kalendarz-imprez\/#breadcrumb"},"inLanguage":"pl-PL","potentialAction":[{"@type":"ReadAction","target":["https:\/\/www.coldjet.com\/pl\/kalendarz-imprez\/"]}]},{"@type":"BreadcrumbList","@id":"https:\/\/www.coldjet.com\/pl\/kalendarz-imprez\/#breadcrumb","itemListElement":[{"@type":"ListItem","position":1,"name":"Home","item":"https:\/\/www.coldjet.com\/pl\/"},{"@type":"ListItem","position":2,"name":"Kalendarz Imprez"}]},{"@type":"WebSite","@id":"https:\/\/www.coldjet.com\/pl\/#website","url":"https:\/\/www.coldjet.com\/pl\/","name":"Cold Jet","description":"Dry Ice Blasting Equipment and Machines by Cold Jet","publisher":{"@id":"https:\/\/www.coldjet.com\/pl\/#organization"},"potentialAction":[{"@type":"SearchAction","target":{"@type":"EntryPoint","urlTemplate":"https:\/\/www.coldjet.com\/pl\/?s={search_term_string}"},"query-input":{"@type":"PropertyValueSpecification","valueRequired":true,"valueName":"search_term_string"}}],"inLanguage":"pl-PL"},{"@type":"Organization","@id":"https:\/\/www.coldjet.com\/pl\/#organization","name":"Cold Jet","url":"https:\/\/www.coldjet.com\/pl\/","logo":{"@type":"ImageObject","inLanguage":"pl-PL","@id":"https:\/\/www.coldjet.com\/pl\/#\/schema\/logo\/image\/","url":"https:\/\/www.coldjet.com\/wp-content\/uploads\/blue-tagline_transparent.png","contentUrl":"https:\/\/www.coldjet.com\/wp-content\/uploads\/blue-tagline_transparent.png","width":957,"height":237,"caption":"Cold Jet"},"image":{"@id":"https:\/\/www.coldjet.com\/pl\/#\/schema\/logo\/image\/"}}]},"breadcrumb_title":"","focus_keyphrase":"","seo_score":null,"readability_score":90,"is_cornerstone":false,"plugin":"yoast","plugin_version":"26.3"},"_links":{"self":[{"href":"https:\/\/www.coldjet.com\/pl\/wp-json\/wp\/v2\/pages\/38261","targetHints":{"allow":["GET"]}}],"collection":[{"href":"https:\/\/www.coldjet.com\/pl\/wp-json\/wp\/v2\/pages"}],"about":[{"href":"https:\/\/www.coldjet.com\/pl\/wp-json\/wp\/v2\/types\/page"}],"author":[{"embeddable":true,"href":"https:\/\/www.coldjet.com\/pl\/wp-json\/wp\/v2\/users\/3"}],"replies":[{"embeddable":true,"href":"https:\/\/www.coldjet.com\/pl\/wp-json\/wp\/v2\/comments?post=38261"}],"version-history":[{"count":0,"href":"https:\/\/www.coldjet.com\/pl\/wp-json\/wp\/v2\/pages\/38261\/revisions"}],"wp:attachment":[{"href":"https:\/\/www.coldjet.com\/pl\/wp-json\/wp\/v2\/media?parent=38261"}],"curies":[{"name":"wp","href":"https:\/\/api.w.org\/{rel}","templated":true}]}}