{"id":23647,"date":"2019-05-14T10:06:09","date_gmt":"2019-05-14T14:06:09","guid":{"rendered":"http:\/\/coldjetprod.wpengine.com\/contact-us\/"},"modified":"2026-01-16T09:21:22","modified_gmt":"2026-01-16T14:21:22","slug":"skontaktuj-sie-z-nami","status":"publish","type":"page","link":"https:\/\/www.coldjet.com\/pl\/skontaktuj-sie-z-nami\/","title":{"rendered":"Skontaktuj Si\u0119 z Nami"},"content":{"rendered":"","protected":false},"excerpt":{"rendered":"","protected":false},"author":3,"featured_media":0,"parent":0,"menu_order":29,"comment_status":"closed","ping_status":"closed","template":"","meta":{"_acf_changed":false,"footnotes":""},"class_list":["post-23647","page","type-page","status-publish","hentry"],"acf":[],"acf_processed":{"show_breadcrumbs":true,"page_content":[{"acf_fc_layout":"background_start","background_style":"gradient","background_color":{"color":"color--primary-darker"},"gradient_color":"gradient-primary-to-lower-right","margin_top":"margin-top--none","margin_bottom":"margin-bottom--none","padding_top":"padding-top--xl","padding_bottom":"padding-bottom--xl","heading_type":"div","container_max_width":"container--full-width"},{"acf_fc_layout":"general_content","content":"<h1 class=\"color--white text--xxxl text-shadow-heavy balance-text\" style=\"text-align: center;\">Skontaktuj si\u0119 z Nami<\/h1>\n<p class=\"color--white opacity-90 text--lg text-shadow-dark balance-text\" style=\"text-align: center;\">Jeste\u015bmy po to, aby odpowiedzie\u0107 na wszystkie Twoje pytania i pom\u00f3c Tobie znale\u017a\u0107 rozwi\u0105zanie, kt\u00f3rego potrzebujesz.<br \/>\nJe\u015bli zatem zastanawiasz si\u0119 nad wdro\u017ceniem technologii czyszczenia suchym lodem w Twojej firmie, zr\u00f3b kolejny krok.<\/p>\n","margin_top":"margin-top--lg","margin_bottom":"margin-bottom--xl","padding_top":"padding-top--none","padding_bottom":"padding-bottom--none","heading_type":"div","container_max_width":"container--xs"},{"acf_fc_layout":"two_column_content","column_1":"<p class=\"font-weight--600 color--white text--lg\" style=\"text-align: center;\">Zadzwo\u0144<\/p>\n<p><a class=\"color--white\" style=\"text-align: center; text-decoration: underline; display: block;\" href=\"tel:+48798338800\">+48 798 33 88 00<\/a><\/p>\n<p class=\"font-weight--600 color--white text--lg\" style=\"text-align: center;\">lub napisz do nas<\/p>\n<p><a class=\"color--white\" style=\"text-align: center; text-decoration: underline; display: block;\" href=\"mailto:info@coldjet.pl\">info@coldjet.pl<\/a><\/p>\n<p class=\"font-weight--600 color--white text--lg\" style=\"text-align: center;\">Mo\u017cesz te\u017c odwiedzi\u0107 nasze biuro, gdzie przeprowadzamy testy i szkolimy<\/p>\n<p class=\"color--secondary-dark\" style=\"text-align: center;\"><strong>Cold Jet Sp. z o.o.<\/strong><br \/>\n<strong>ul. \u0141ukowska 12<\/strong><br \/>\n<strong>64-600 Oborniki\u00a0<\/strong><\/p>\n<p>&nbsp;<\/p>\n<p style=\"text-align: center;\"><a class=\"g-link g-link--icon-text g-link--chevron g-link--secondary\" href=\"#offices\">Albo znajd\u017a swoje lokalne biuro<\/a><\/p>\n","column_2":"<p class=\"font-weight--600 color--white text--lg\" style=\"text-align: center;\">Jeste\u015b naszym klientem?<\/p>\n<p class=\"color--white\" style=\"text-align: center;\">Je\u015bli szukasz wsparcia technicznego, wskaz\u00f3wek lub cz\u0119\u015bci i akcesori\u00f3w, jeste\u015bmy po to, aby Ci pom\u00f3c!<\/p>\n<p style=\"text-align: center;\"><a class=\"g-link g-link--icon-text g-link--chevron g-link--secondary\" href=\"https:\/\/www.coldjet.com\/pl\/obsluga-klienta\/\">Zacznij teraz<\/a><\/p>\n<p><a class=\"color--white\" style=\"text-align: center; text-decoration: underline; display: block;\" href=\"tel:+32013539655\">+32 (0) 1353 9655 (obs\u0142uga klienta w Europie)<\/a><a class=\"color--white\" style=\"text-align: center; text-decoration: underline; display: block;\" href=\"tel:+15135768981\">+1 513-576-8981 (poza Europ\u0105)<\/a><\/p>\n","column_1_width":"small","add_border":true,"add_background_to_column_2":false,"margin_top":"margin-top--lg","margin_bottom":"margin-bottom--lg","padding_top":"padding-top--none","padding_bottom":"padding-bottom--none","heading_type":"div"},{"acf_fc_layout":"background_end"},{"acf_fc_layout":"general_content","content":"<p><script charset=\"utf-8\" type=\"text\/javascript\" src=\"\/\/js.hsforms.net\/forms\/embed\/v2.js\"><span data-mce-type=\"bookmark\" style=\"display: inline-block; width: 0px; overflow: hidden; line-height: 0;\" class=\"mce_SELRES_start\">\ufeff<\/span><\/script><br \/>\n<script>\n  hbspt.forms.create({\n    region: \"na1\",\n    portalId: \"3271929\",\n    formId: \"9c693774-4f5a-41eb-8605-02e81eb010fc\"\n  });\n<\/script><\/p>\n","margin_top":"margin-top--none","margin_bottom":"margin-bottom--none","padding_top":"padding-top--none","padding_bottom":"padding-bottom--none","heading_type":"div","container_max_width":"container--md"},{"acf_fc_layout":"anchor_nav_item","link_hash":"offices"},{"acf_fc_layout":"general_content","content":"<h3 class=\"g-h-kicker color--primary-light\" style=\"text-align: center;\">LOKALIZACJE BIUR<\/h3>\n<p class=\"text--xxl font-weight--600\" style=\"text-align: center;\">Cold Jet na \u015awiecie<\/p>\n","margin_top":"margin-top--xl","margin_bottom":"margin-bottom--lg","padding_top":"padding-top--none","padding_bottom":"padding-bottom--none","heading_type":"div","container_max_width":"container--xs"},{"acf_fc_layout":"locations_listing","accordion":[{"title":"G\u0142\u00f3wna Siedziba","locations":[905]},{"title":"P\u00f3\u0142nocna Ameryka ","locations":[905,920,921]},{"title":"Ameryka \u0141aci\u0144ska","locations":[936]},{"title":"Europa, Bliski Wsch\u00f3d, Afryka","locations":[937,34477,1008,1418,1417]},{"title":"Azja - Pacyfik","locations":[1419,16623,1420,16624]}],"margin_top":"margin-top--none","margin_bottom":"margin-bottom--xl","padding_top":"padding-top--none","padding_bottom":"padding-bottom--none","heading_type":"div"}],"is_restricted":false,"hide_contact_form":true,"custom_header_code":"","disable_schema_from_yoast":false},"seo":{"title":"Skontaktuj si\u0119 z Nami - Cold Jet","description":"","canonical":"https:\/\/www.coldjet.com\/pl\/skontaktuj-sie-z-nami\/","robots":{"noindex":false,"nofollow":false,"directives":["index","follow","max-image-preview:large","max-snippet:-1","max-video-preview:-1"],"raw":"index, follow, max-image-preview:large, max-snippet:-1, max-video-preview:-1"},"og":{"title":"Skontaktuj si\u0119 z Nami - Cold Jet","description":"","image":"","image_id":null,"type":"article","url":"https:\/\/www.coldjet.com\/pl\/skontaktuj-sie-z-nami\/","locale":"pl_PL","site_name":"Cold Jet","article_modified":"2026-01-16 14:21:22+00:00","article_published":"2019-05-14 14:06:09+00:00"},"twitter":{"card":"summary_large_image","title":"Skontaktuj si\u0119 z Nami - Cold Jet","description":"","image":"","image_id":null,"creator":"","site":""},"hreflang":[{"lang":"en-US","url":"https:\/\/www.coldjet.com\/contact-us\/","lang_code":"en","locale":"en_US","is_default":true},{"lang":"nl-NL","url":"https:\/\/www.coldjet.com\/nl\/contacteer-ons\/","lang_code":"nl","locale":"nl_NL"},{"lang":"fr-FR","url":"https:\/\/www.coldjet.com\/fr\/contactez-nous\/","lang_code":"fr","locale":"fr_FR"},{"lang":"de-DE","url":"https:\/\/www.coldjet.com\/de\/kontaktieren-sie-uns\/","lang_code":"de","locale":"de_DE"},{"lang":"it-IT","url":"https:\/\/www.coldjet.com\/it\/contattaci\/","lang_code":"it","locale":"it_IT"},{"lang":"ja","url":"https:\/\/www.coldjet.com\/ja\/%e3%81%8a%e5%95%8f%e5%90%88%e3%82%8f%e3%81%9b\/","lang_code":"ja","locale":"ja"},{"lang":"pl-PL","url":"https:\/\/www.coldjet.com\/pl\/skontaktuj-sie-z-nami\/","lang_code":"pl","locale":"pl_PL"},{"lang":"pt-BR","url":"https:\/\/www.coldjet.com\/pt-br\/fale-conosco\/","lang_code":"pt-br","locale":"pt_BR"},{"lang":"es-ES","url":"https:\/\/www.coldjet.com\/es\/contactenos\/","lang_code":"es","locale":"es_ES"},{"lang":"x-default","url":"https:\/\/www.coldjet.com\/contact-us\/","lang_code":"en"}],"schema":{"@context":"https:\/\/schema.org","@graph":[{"@type":"WebPage","@id":"https:\/\/www.coldjet.com\/pl\/skontaktuj-sie-z-nami\/","url":"https:\/\/www.coldjet.com\/pl\/skontaktuj-sie-z-nami\/","name":"Skontaktuj si\u0119 z Nami - Cold Jet","isPartOf":{"@id":"https:\/\/www.coldjet.com\/pl\/#website"},"datePublished":"2019-05-14T14:06:09+00:00","dateModified":"2026-01-16T14:21:22+00:00","breadcrumb":{"@id":"https:\/\/www.coldjet.com\/pl\/skontaktuj-sie-z-nami\/#breadcrumb"},"inLanguage":"pl-PL","potentialAction":[{"@type":"ReadAction","target":["https:\/\/www.coldjet.com\/pl\/skontaktuj-sie-z-nami\/"]}]},{"@type":"BreadcrumbList","@id":"https:\/\/www.coldjet.com\/pl\/skontaktuj-sie-z-nami\/#breadcrumb","itemListElement":[{"@type":"ListItem","position":1,"name":"Home","item":"https:\/\/www.coldjet.com\/pl\/"},{"@type":"ListItem","position":2,"name":"Skontaktuj Si\u0119 z Nami"}]},{"@type":"WebSite","@id":"https:\/\/www.coldjet.com\/pl\/#website","url":"https:\/\/www.coldjet.com\/pl\/","name":"Cold Jet","description":"Dry Ice Blasting Equipment and Machines by Cold Jet","publisher":{"@id":"https:\/\/www.coldjet.com\/pl\/#organization"},"potentialAction":[{"@type":"SearchAction","target":{"@type":"EntryPoint","urlTemplate":"https:\/\/www.coldjet.com\/pl\/?s={search_term_string}"},"query-input":{"@type":"PropertyValueSpecification","valueRequired":true,"valueName":"search_term_string"}}],"inLanguage":"pl-PL"},{"@type":"Organization","@id":"https:\/\/www.coldjet.com\/pl\/#organization","name":"Cold Jet","url":"https:\/\/www.coldjet.com\/pl\/","logo":{"@type":"ImageObject","inLanguage":"pl-PL","@id":"https:\/\/www.coldjet.com\/pl\/#\/schema\/logo\/image\/","url":"https:\/\/www.coldjet.com\/wp-content\/uploads\/blue-tagline_transparent.png","contentUrl":"https:\/\/www.coldjet.com\/wp-content\/uploads\/blue-tagline_transparent.png","width":957,"height":237,"caption":"Cold Jet"},"image":{"@id":"https:\/\/www.coldjet.com\/pl\/#\/schema\/logo\/image\/"}}]},"breadcrumb_title":"","focus_keyphrase":"","seo_score":null,"readability_score":90,"is_cornerstone":false,"plugin":"yoast","plugin_version":"26.3"},"_links":{"self":[{"href":"https:\/\/www.coldjet.com\/pl\/wp-json\/wp\/v2\/pages\/23647","targetHints":{"allow":["GET"]}}],"collection":[{"href":"https:\/\/www.coldjet.com\/pl\/wp-json\/wp\/v2\/pages"}],"about":[{"href":"https:\/\/www.coldjet.com\/pl\/wp-json\/wp\/v2\/types\/page"}],"author":[{"embeddable":true,"href":"https:\/\/www.coldjet.com\/pl\/wp-json\/wp\/v2\/users\/3"}],"replies":[{"embeddable":true,"href":"https:\/\/www.coldjet.com\/pl\/wp-json\/wp\/v2\/comments?post=23647"}],"version-history":[{"count":0,"href":"https:\/\/www.coldjet.com\/pl\/wp-json\/wp\/v2\/pages\/23647\/revisions"}],"wp:attachment":[{"href":"https:\/\/www.coldjet.com\/pl\/wp-json\/wp\/v2\/media?parent=23647"}],"curies":[{"name":"wp","href":"https:\/\/api.w.org\/{rel}","templated":true}]}}