{"id":23509,"date":"2019-05-14T10:06:10","date_gmt":"2019-05-14T14:06:10","guid":{"rendered":"http:\/\/coldjetprod.wpengine.com\/about-cold-jet\/"},"modified":"2026-04-28T07:13:54","modified_gmt":"2026-04-28T11:13:54","slug":"o-cold-jet","status":"publish","type":"page","link":"https:\/\/www.coldjet.com\/pl\/o-cold-jet\/","title":{"rendered":"O Cold Jet"},"content":{"rendered":"","protected":false},"excerpt":{"rendered":"","protected":false},"author":3,"featured_media":0,"parent":0,"menu_order":27,"comment_status":"closed","ping_status":"closed","template":"","meta":{"_acf_changed":false,"footnotes":""},"class_list":["post-23509","page","type-page","status-publish","hentry"],"acf":[],"acf_processed":{"show_breadcrumbs":true,"page_content":[{"acf_fc_layout":"billboard","content":"<h1 class=\"g-h-kicker color--secondary\">Producent maszyn do suchego lodu Cold Jet<\/h1>\n<h2 class=\"color--white text--xxxl text-shadow-heavy balance-text\">Firma Cold Jet<\/h2>\n<p class=\"color--white opacity-90 text--lg text-shadow-dark balance-text margin-bottom--sm\">Zapewniamy najbardziej zaawansowane technologicznie systemy do czyszczenia suchym lodem, przygotowywania powierzchni, obr\u00f3bki wyko\u0144czeniowej cz\u0119\u015bci oraz systemy do produkcji suchego lodu.<\/p>\n<p class=\"color--white opacity-90 text--lg text-shadow-dark balance-text\">Aby spe\u0142ni\u0107 nasz\u0105 misj\u0119 tworzenia warto\u015bci i ochrony \u015brodowiska produkujemy urz\u0105dzenia, kt\u00f3re wykorzystuj\u0105 lub wytwarzaj\u0105 medium oboj\u0119tne, nieprzewodz\u0105ce, niekorozyjne i nie generuj\u0105ce niebezpiecznych odpad\u00f3w.<\/p>\n","content_width":"sm","background_photos":{"first":{"ID":"https:\/\/www.coldjet.com\/wp-content\/uploads\/2019\/06\/mountains.jpg","id":"https:\/\/www.coldjet.com\/wp-content\/uploads\/2019\/06\/mountains.jpg","title":"mountains","filename":"mountains.jpg","filesize":118580,"url":"https:\/\/www.coldjet.com\/wp-content\/uploads\/2019\/06\/mountains.jpg","link":"https:\/\/www.coldjet.com\/pl\/czyszczenie-suchym-lodem\/dlaczego-cold-jet\/mountains-2\/","alt":"","author":"3","description":"","caption":"","name":"mountains-2","status":"inherit","uploaded_to":23388,"date":"2019-06-07 17:49:18","modified":"2019-06-07 17:49:18","menu_order":0,"mime_type":"image\/jpeg","type":"image","subtype":"jpeg","icon":"https:\/\/www.coldjet.com\/wp-includes\/images\/media\/default.png","width":"https:\/\/www.coldjet.com\/wp-content\/uploads\/2019\/06\/parts-accessories-image.jpg","height":"https:\/\/www.coldjet.com\/wp-content\/uploads\/2019\/06\/IMG_0224.jpg","sizes":{"thumbnail":"https:\/\/www.coldjet.com\/wp-content\/uploads\/2019\/06\/mountains-150x150.jpg","thumbnail-width":150,"thumbnail-height":150,"medium":"https:\/\/www.coldjet.com\/wp-content\/uploads\/2019\/06\/mountains-300x113.jpg","medium-width":"https:\/\/www.coldjet.com\/wp-content\/uploads\/2019\/06\/DRY-ICE-BLASTING.png","medium-height":"https:\/\/www.coldjet.com\/wp-content\/uploads\/2019\/06\/westrock-logo-square.jpg","medium_large":"https:\/\/www.coldjet.com\/wp-content\/uploads\/2019\/06\/mountains-768x289.jpg","medium_large-width":"https:\/\/www.coldjet.com\/wp-content\/uploads\/2019\/06\/red-d-arc.png","medium_large-height":"https:\/\/www.coldjet.com\/wp-content\/uploads\/2019\/06\/DRY-ICE-BLASTING.png","large":"https:\/\/www.coldjet.com\/wp-content\/uploads\/2019\/06\/mountains-1024x385.jpg","large-width":"https:\/\/www.coldjet.com\/wp-content\/uploads\/2019\/06\/thailand.png","large-height":"https:\/\/www.coldjet.com\/wp-content\/uploads\/2019\/06\/DRY-ICE-BLASTING.jpg","1536x1536":"https:\/\/www.coldjet.com\/wp-content\/uploads\/2019\/06\/mountains.jpg","1536x1536-width":"https:\/\/www.coldjet.com\/wp-content\/uploads\/2019\/06\/parts-accessories-image.jpg","1536x1536-height":"https:\/\/www.coldjet.com\/wp-content\/uploads\/2019\/06\/IMG_0224.jpg","2048x2048":"https:\/\/www.coldjet.com\/wp-content\/uploads\/2019\/06\/mountains.jpg","2048x2048-width":"https:\/\/www.coldjet.com\/wp-content\/uploads\/2019\/06\/parts-accessories-image.jpg","2048x2048-height":"https:\/\/www.coldjet.com\/wp-content\/uploads\/2019\/06\/IMG_0224.jpg","gallery-slider":"https:\/\/www.coldjet.com\/wp-content\/uploads\/2019\/06\/mountains.jpg","gallery-slider-width":"https:\/\/www.coldjet.com\/wp-content\/uploads\/2019\/06\/silgan.png","gallery-slider-height":301,"square-500":"https:\/\/www.coldjet.com\/wp-content\/uploads\/2019\/06\/mountains.jpg","square-500-width":"https:\/\/www.coldjet.com\/wp-content\/uploads\/2019\/06\/we-are-cold-jet-bg.jpg","square-500-height":188,"square-700":"https:\/\/www.coldjet.com\/wp-content\/uploads\/2019\/06\/mountains.jpg","square-700-width":"https:\/\/www.coldjet.com\/wp-content\/uploads\/2019\/06\/honeywell.png","square-700-height":"https:\/\/www.coldjet.com\/wp-content\/uploads\/2019\/06\/dry-ice-blasting-plastics.jpg","square-150":"https:\/\/www.coldjet.com\/wp-content\/uploads\/2019\/06\/mountains.jpg","square-150-width":150,"square-150-height":56,"large-1000":"https:\/\/www.coldjet.com\/wp-content\/uploads\/2019\/06\/mountains.jpg","large-1000-width":"https:\/\/www.coldjet.com\/wp-content\/uploads\/2019\/06\/mexico.png","large-1000-height":"https:\/\/www.coldjet.com\/wp-content\/uploads\/2019\/06\/global-offices.png","large-2000":"https:\/\/www.coldjet.com\/wp-content\/uploads\/2019\/06\/mountains.jpg","large-2000-width":"https:\/\/www.coldjet.com\/wp-content\/uploads\/2019\/06\/parts-accessories-image.jpg","large-2000-height":"https:\/\/www.coldjet.com\/wp-content\/uploads\/2019\/06\/IMG_0224.jpg","large-500":"https:\/\/www.coldjet.com\/wp-content\/uploads\/2019\/06\/mountains.jpg","large-500-width":"https:\/\/www.coldjet.com\/wp-content\/uploads\/2019\/06\/we-are-cold-jet-bg.jpg","large-500-height":188,"large-500-300":"https:\/\/www.coldjet.com\/wp-content\/uploads\/2019\/06\/mountains.jpg","large-500-300-width":"https:\/\/www.coldjet.com\/wp-content\/uploads\/2019\/06\/we-are-cold-jet-bg.jpg","large-500-300-height":188}},"second":false}},{"acf_fc_layout":"two_column_content","column_1":"<p class=\"g-h-kicker\">Nasza misja<\/p>\n<h2>Doskonalenie organizacji.<br \/>\nZapewnienie bezpiecze\u0144stwa pracownik\u00f3w.<br \/>\nOchrona \u015brodowiska.<\/h2>\n<p class=\"color--primary-light\">Nasz\u0105 misj\u0105 jest budowanie warto\u015bci dla naszych klient\u00f3w poprzez pomoc w rozwi\u0105zywaniu problem\u00f3w z czyszczeniem, przygotowaniem powierzchni, obr\u00f3bk\u0105 cz\u0119\u015bci i produkcj\u0105 suchego lodu. Osi\u0105gamy to poprzez dostarczanie produkt\u00f3w i us\u0142ug, kt\u00f3re obni\u017caj\u0105 koszty operacyjne, poprawiaj\u0105 jako\u015b\u0107 element\u00f3w gotowych i zwi\u0119kszaj\u0105 wydajno\u015b\u0107.<\/p>\n<p class=\"color--primary-light\">D\u0105\u017cymy do rozwoju technologii suchego lodu i ochrony \u015brodowiska poprzez wykorzystanie medium, kt\u00f3re nie wytwarza szkodliwych odpad\u00f3w i jest bezpieczne dla pracownik\u00f3w.<\/p>\n","column_2":"<p class=\"g-h-kicker\">Podstawowe warto\u015bci:<\/p>\n<ul class=\"icon-list icon-list--arrow\">\n<li class=\"font-weight--600\">Tworzenie efektywno\u015bci operacyjnej<\/li>\n<li class=\"font-weight--600\">Ochrona \u015brodowiska naturalnego<\/li>\n<li class=\"font-weight--600\">Zwi\u0119kszenie bezpiecze\u0144stwa pracownik\u00f3w<\/li>\n<li class=\"font-weight--600\">Zaawansowana technologia suchego lodu<\/li>\n<\/ul>\n","column_1_width":"large","add_border":false,"add_background_to_column_2":false,"margin_top":"margin-top--xxl","margin_bottom":"margin-bottom--xxl","padding_top":"padding-top--none","padding_bottom":"padding-bottom--none","heading_type":"div"},{"acf_fc_layout":"boxed_content_image","content":"<p class=\"g-h-kicker color--secondary\">Nasza historia<\/p>\n<h3 class=\"color--white text--xxl\">Pionierzy w dziedzinie suchego lodu<\/h3>\n<p class=\"color--gray\">Firma Cold Jet stworzy\u0142a nowoczesn\u0105 technologi\u0119 suchego lodu. Od ponad 30 lat skupiamy si\u0119 wy\u0142\u0105cznie na opracowywaniu i wdra\u017caniu najbardziej zaawansowanych technologicznie rozwi\u0105za\u0144 w dziedzinie suchego lodu. W ca\u0142ej naszej historii wyznaczali\u015bmy standardy jako\u015bci, wydajno\u015bci i niezawodno\u015bci dla naszej bran\u017cy. Jeste\u015bmy zaanga\u017cowani w rozw\u00f3j technologii suchego lodu ka\u017cdego dnia.<\/p>\n<p class=\"color--gray\">Cold Jet posiada oryginalny patent na nowoczesne urz\u0105dzenia do wydmuchiwania suchego lodu &#8211; patent USA 4 617 064 (1986) oraz ponad 100 patent\u00f3w na ca\u0142ym \u015bwiecie.<\/p>\n","image":{"ID":"https:\/\/www.coldjet.com\/wp-content\/uploads\/2019\/06\/cold-jet-history.jpg","id":"https:\/\/www.coldjet.com\/wp-content\/uploads\/2019\/06\/cold-jet-history.jpg","title":"cold-jet-history","filename":"cold-jet-history.jpg","filesize":"https:\/\/www.coldjet.com\/wp-content\/uploads\/Modern-Marvels.jpg","url":"https:\/\/www.coldjet.com\/wp-content\/uploads\/2019\/06\/cold-jet-history.jpg","link":"https:\/\/www.coldjet.com\/pl\/o-cold-jet\/cold-jet-history-2\/","alt":"","author":"3","description":"","caption":"","name":"cold-jet-history-2","status":"inherit","uploaded_to":23509,"date":"2019-06-27 16:58:43","modified":"2019-06-27 16:58:43","menu_order":0,"mime_type":"image\/jpeg","type":"image","subtype":"jpeg","icon":"https:\/\/www.coldjet.com\/wp-includes\/images\/media\/default.png","width":"https:\/\/www.coldjet.com\/wp-content\/uploads\/2019\/06\/ge.png","height":"https:\/\/www.coldjet.com\/wp-content\/uploads\/2019\/06\/siemens.png","sizes":{"thumbnail":"https:\/\/www.coldjet.com\/wp-content\/uploads\/2019\/06\/cold-jet-history-150x150.jpg","thumbnail-width":150,"thumbnail-height":150,"medium":"https:\/\/www.coldjet.com\/wp-content\/uploads\/2019\/06\/cold-jet-history-254x300.jpg","medium-width":"https:\/\/www.coldjet.com\/wp-content\/uploads\/2019\/06\/dry-ice-blasting-plastics.jpg","medium-height":"https:\/\/www.coldjet.com\/wp-content\/uploads\/2019\/06\/DRY-ICE-BLASTING.png","medium_large":"https:\/\/www.coldjet.com\/wp-content\/uploads\/2019\/06\/cold-jet-history.jpg","medium_large-width":"https:\/\/www.coldjet.com\/wp-content\/uploads\/2019\/06\/ge.png","medium_large-height":"https:\/\/www.coldjet.com\/wp-content\/uploads\/2019\/06\/siemens.png","large":"https:\/\/www.coldjet.com\/wp-content\/uploads\/2019\/06\/cold-jet-history.jpg","large-width":"https:\/\/www.coldjet.com\/wp-content\/uploads\/2019\/06\/ge.png","large-height":"https:\/\/www.coldjet.com\/wp-content\/uploads\/2019\/06\/siemens.png","1536x1536":"https:\/\/www.coldjet.com\/wp-content\/uploads\/2019\/06\/cold-jet-history.jpg","1536x1536-width":"https:\/\/www.coldjet.com\/wp-content\/uploads\/2019\/06\/ge.png","1536x1536-height":"https:\/\/www.coldjet.com\/wp-content\/uploads\/2019\/06\/siemens.png","2048x2048":"https:\/\/www.coldjet.com\/wp-content\/uploads\/2019\/06\/cold-jet-history.jpg","2048x2048-width":"https:\/\/www.coldjet.com\/wp-content\/uploads\/2019\/06\/ge.png","2048x2048-height":"https:\/\/www.coldjet.com\/wp-content\/uploads\/2019\/06\/siemens.png","gallery-slider":"https:\/\/www.coldjet.com\/wp-content\/uploads\/2019\/06\/cold-jet-history.jpg","gallery-slider-width":"https:\/\/www.coldjet.com\/wp-content\/uploads\/2019\/06\/global-offices.png","gallery-slider-height":"https:\/\/www.coldjet.com\/wp-content\/uploads\/2019\/06\/DRY-ICE-BLASTING-SYSTEMS-1.png","square-500":"https:\/\/www.coldjet.com\/wp-content\/uploads\/2019\/06\/cold-jet-history.jpg","square-500-width":"https:\/\/www.coldjet.com\/wp-content\/uploads\/2019\/06\/PARTS-FINISHING.jpg","square-500-height":"https:\/\/www.coldjet.com\/wp-content\/uploads\/2019\/06\/we-are-cold-jet-bg.jpg","square-700":"https:\/\/www.coldjet.com\/wp-content\/uploads\/2019\/06\/cold-jet-history.jpg","square-700-width":"https:\/\/www.coldjet.com\/wp-content\/uploads\/2019\/06\/global-offices-2.jpg","square-700-height":"https:\/\/www.coldjet.com\/wp-content\/uploads\/2019\/06\/honeywell.png","square-150":"https:\/\/www.coldjet.com\/wp-content\/uploads\/2019\/06\/cold-jet-history.jpg","square-150-width":127,"square-150-height":150,"large-1000":"https:\/\/www.coldjet.com\/wp-content\/uploads\/2019\/06\/cold-jet-history.jpg","large-1000-width":"https:\/\/www.coldjet.com\/wp-content\/uploads\/2019\/06\/ge.png","large-1000-height":"https:\/\/www.coldjet.com\/wp-content\/uploads\/2019\/06\/siemens.png","large-2000":"https:\/\/www.coldjet.com\/wp-content\/uploads\/2019\/06\/cold-jet-history.jpg","large-2000-width":"https:\/\/www.coldjet.com\/wp-content\/uploads\/2019\/06\/ge.png","large-2000-height":"https:\/\/www.coldjet.com\/wp-content\/uploads\/2019\/06\/siemens.png","large-500":"https:\/\/www.coldjet.com\/wp-content\/uploads\/2019\/06\/cold-jet-history.jpg","large-500-width":"https:\/\/www.coldjet.com\/wp-content\/uploads\/2019\/06\/we-are-cold-jet-bg.jpg","large-500-height":"https:\/\/www.coldjet.com\/wp-content\/uploads\/2019\/06\/global-offices-2.jpg","large-500-300":"https:\/\/www.coldjet.com\/wp-content\/uploads\/2019\/06\/cold-jet-history.jpg","large-500-300-width":"https:\/\/www.coldjet.com\/wp-content\/uploads\/2019\/06\/dry-ice-blasting-plastics.jpg","large-500-300-height":"https:\/\/www.coldjet.com\/wp-content\/uploads\/2019\/06\/DRY-ICE-BLASTING.png"}},"mobile_image":false,"raised_image":false,"text_column_size":"default","reverse_order_on_desktop":false,"margin_top":"margin-top--xxl","margin_bottom":"margin-bottom--none","padding_top":"padding-top--none","padding_bottom":"padding-bottom--none","heading_type":"div"},{"acf_fc_layout":"timeline","timeline":[{"year":"https:\/\/www.coldjet.com\/wp-content\/uploads\/2019\/06\/USS-Monitor1.jpg","content":"<p>Firma Cold Jet powsta\u0142a w Loveland, w stanie Ohio. Mia\u0142a wtedy 25 pracownik\u00f3w, jeden zak\u0142ad produkcyjny i siln\u0105 motywacj\u0119, aby wielkie pomys\u0142y przekszta\u0142ca\u0107 w coraz lepsze produkty.<\/p>\n"},{"year":"https:\/\/www.coldjet.com\/wp-content\/uploads\/2019\/06\/Turret-Canopy-Stanchion-Before-scaled.jpg","content":"<p>Firma Cold Jet stworzy\u0142a pierwszy na \u015bwiecie opatentowany i z certyfikatem przemys\u0142owym system czyszczenia suchym lodem.<\/p>\n"},{"year":"https:\/\/www.coldjet.com\/wp-content\/uploads\/2019\/06\/Turret-Canopy-Stanchion-After-scaled.jpg","content":"<p>Firma Cold Jet wyprodukowa\u0142a du\u017cy, zintegrowany system do wytwarzania i wydmuchiwania granulek suchego lodu. <\/p>\n"},{"year":"https:\/\/www.coldjet.com\/wp-content\/uploads\/2019\/06\/uss-monitor-logos.jpg","content":"<p>Si\u0142y powietrzne Stan\u00f3w Zjednoczonych udzieli\u0142y firmie Cold Jet kontraktu na rozw\u00f3j systemu czyszczenia i usuwania pow\u0142ok malarskich przez wydmuchiwanie suchego lodu.<\/p>\n"},{"year":"https:\/\/www.coldjet.com\/wp-content\/uploads\/2019\/06\/lighted-nozzle-2.jpg","content":"<p>Systemy wytwarzania i czyszczenia suchym lodem zosta\u0142y oddzielone. Umo\u017cliwi\u0142o to zakup suchego lodu wg indywidualnych potrzeb.<\/p>\n"},{"year":"https:\/\/www.coldjet.com\/wp-content\/uploads\/2019\/06\/lighted-nozzle-3.jpg","content":"<p>Opatentowany proces usuwania pow\u0142ok FLASHJET\u00ae uzyska\u0142 aprobat\u0119 federalnej agencji FAA w USA.<\/p>\n"},{"year":"1994","content":"<p>Aby sprosta\u0107 rosn\u0105cym wymaganiom w Stanach Zjednoczonych, Europie i Japonii powsta\u0142y kompetentne o\u015brodki wspieraj\u0105ce instalacj\u0119 produkt\u00f3w.<\/p>\n"},{"year":"https:\/\/www.coldjet.com\/wp-content\/uploads\/2019\/06\/Computer-Cable-3-scaled.jpg","content":"<p>Zastosowano technologie pochodz\u0105ce z przemys\u0142u lotniczego, prawie wyeliminowano potrzeb\u0119 u\u017cywania urz\u0105dze\u0144 dodatkowych, zwi\u0119kszono wydajno\u015b\u0107 wydmuchiwania, zmniejszono gabaryty urz\u0105dze\u0144, zmniejszono ha\u0142as oraz zredukowano ceny.<\/p>\n"},{"year":"https:\/\/www.coldjet.com\/wp-content\/uploads\/2019\/06\/ReformerVideo-005-3-scaled.jpg","content":"<p>Na bazie w\u0142asnych technologii i materia\u0142\u00f3w opracowano seri\u0119 dysz niskoci\u015bnieniowych ze zmniejszon\u0105 obj\u0119to\u015bci\u0105 wydmuchu<\/p>\n"},{"year":"https:\/\/www.coldjet.com\/wp-content\/uploads\/2019\/06\/chocolate-2-2-scaled.jpg","content":"<p>Na rynek wprowadzono granulator P3000.<\/p>\n"},{"year":"https:\/\/www.coldjet.com\/wp-content\/uploads\/2019\/06\/chocolate-2-3-scaled.jpg","content":"<p>Do produkcji wesz\u0142a linia produkt\u00f3w Radial Feed serii AeRO i minigranulator P325.<\/p>\n"},{"year":"2003","content":"<p>Cold Jet przejmuje Alpheus.<\/p>\n"},{"year":"https:\/\/www.coldjet.com\/wp-content\/uploads\/2019\/06\/20130723_MERU_Maharishi_European_Research_University_in_Vlodrop_Holland_-_CC_BY-NC-ND_1000x368-2.jpg","content":"<p>Powstanie nowej firmy Cold Jet BVBA w Brukselii w Belgii.<\/p>\n"},{"year":"https:\/\/www.coldjet.com\/wp-content\/uploads\/2019\/06\/20130723_MERU_Maharishi_European_Research_University_in_Vlodrop_Holland_-_CC_BY-NC-ND_1000x368-2.jpg","content":"<p>Otwarcie Cold Jet Deutschland GmbH w Weinsheim w Niemczech.<\/p>\n"},{"year":"https:\/\/www.coldjet.com\/wp-content\/uploads\/2019\/06\/20130723_MERU_Maharishi_European_Research_University_in_Vlodrop_Holland_-_CC_BY-NC-ND_1000x368-3.jpg","content":"<p>Wprowadzenie na rynek i\u00b3 MicroClean\u00ae<\/p>\n"},{"year":"2006","content":"<p>Otwarcie dw\u00f3ch nowych firm: Cold Jet Canada i Cold Jet Latin America (w Meksyku), prowadz\u0105cych sprzeda\u017c, serwis i wynajem.<\/p>\n"},{"year":"https:\/\/www.coldjet.com\/wp-content\/uploads\/2019\/06\/Contractor6-1-3.jpg","content":"<p>Otwarcie nowej firmy: Cold Jet Middle East, prowadz\u0105cej sprzeda\u017c, serwis, dystrybucj\u0119 cz\u0119\u015bci i wynajem w regionie Bliskiego Wschodu.<\/p>\n"},{"year":"2009","content":"<p>Otwarcie nowego zak\u0142adu produkcyjnego z technologicznie zaawansowan\u0105 obr\u00f3bk\u0105 skrawaniem w Milford w stanie Ohio w USA. Zak\u0142ad dysponuje najnowocze\u015bniejszym wyposa\u017ceniem i procesami w celu zapewnienia najwy\u017cszej jako\u015bci wytwarzanych produkt\u00f3w.<\/p>\n"},{"year":"https:\/\/www.coldjet.com\/wp-content\/uploads\/2019\/06\/Reinigung-2-2.jpg","content":"<p>Prezentacja zintegrowanego systemu do produkcji granulatu PR750. <\/p>\n"},{"year":"https:\/\/www.coldjet.com\/wp-content\/uploads\/2019\/06\/Reinigung-2-2.jpg","content":"<p>Otwarcie dw\u00f3ch nowych biur sprzeda\u017cy we Francji i w Polsce.<\/p>\n"},{"year":"https:\/\/www.coldjet.com\/wp-content\/uploads\/2019\/06\/Reinigung-2-3.jpg","content":"<p>Wprowadzenie na rynek maszyny SDI Select\u2122 60.<\/p>\n"},{"year":"2012","content":"<p>Otwarcie dw\u00f3ch nowych biur w Chinach i Japonii zapewniaj\u0105c sprzeda\u017c i serwis na terenie Azji. <\/p>\n"},{"year":"https:\/\/www.coldjet.com\/wp-content\/uploads\/2019\/06\/DSCF0811-2-scaled.jpg","content":"<p>Otwarcie nowej lokalizacji, Cold Jet Hiszpania, zapewniaj\u0105c sprzeda\u017c i serwis w tym regionie. <\/p>\n"},{"year":"https:\/\/www.coldjet.com\/wp-content\/uploads\/2019\/06\/DSCF0811-3-scaled.jpg","content":"<p>Wprowadzenie nowej linii akcesori\u00f3w \u201cXP User Experience\u201d.<\/p>\n"},{"year":"2015","content":"<p>Premiera nowej Serii Aero\u00ae.<\/p>\n"},{"year":"2015","content":"<p>Wprowadzenie na rynek urz\u0105dzenia E160 do produkcji suchego lodu. <\/p>\n"},{"year":"https:\/\/www.coldjet.com\/wp-content\/uploads\/2019\/06\/Eichler-trockeneis-CJ-1-1-2-scaled.jpg","content":"<p>Cold Jet przejmuje firm\u0119 IceTech\u00ae- \u0142\u0105cz\u0105c dw\u00f3ch wiod\u0105cych innowator\u00f3w w dziedzinie technologii suchego lodu i umo\u017cliwiaj\u0105c firmie Cold Jet zwi\u0119kszenie warto\u015bci, kt\u00f3re dostarcza klientom. Dzi\u0119ki zak\u0142adom na ca\u0142ym \u015bwiecie - w tym w Stanach Zjednoczonych, Kanadzie, Meksyku, Danii, Niemczech, Polsce, Belgii, Hiszpanii, Japonii i Chinach - firma zwi\u0119kszy\u0142a sw\u00f3j globalny zasi\u0119g umo\u017cliwiaj\u0105c obs\u0142ug\u0119 klient\u00f3w na ca\u0142ym \u015bwiecie.<\/p>\n"},{"year":"https:\/\/www.coldjet.com\/wp-content\/uploads\/2019\/06\/Medical3-2.jpg","content":"<p>Cold Jet ponownie odkrywa wydmuchiwanie suchego lodu wraz z wprowadzeniem na rynek urz\u0105dzenia  PCS\u00ae 60. Maszyna wyposa\u017cona jest w opatentowany system kontroli cz\u0105stek, kt\u00f3ry precyzyjnie tnie suchy l\u00f3d na cz\u0105steczki w kszta\u0142cie diamentu o dok\u0142adnych wymiarach wskazanych przez operatora (od 3 mm do 0,3 mm - i ka\u017cdy rozmiar pomi\u0119dzy nimi).<\/p>\n"}],"margin_top":"margin-top--none","margin_bottom":"margin-bottom--xxl","padding_top":"padding-top--none","padding_bottom":"padding-bottom--none","heading_type":"div"},{"acf_fc_layout":"general_content","content":"<h2 class=\"g-h-kicker color--primary-light\" style=\"text-align: center;\">Globalne Biura<\/h2>\n<h3 class=\"text--xxl\" style=\"text-align: center;\">Jeste\u015bmy w zasi\u0119gu r\u0119ki<\/h3>\n<p style=\"text-align: center;\">Reagowanie na potrzeby naszych klient\u00f3w ma kluczowe znaczenie dla naszego zespo\u0142u serwisowego. Dzi\u0119ki oddzia\u0142om serwisowym na ca\u0142ym \u015bwiecie, nasi technicy s\u0105 zawsze w zasi\u0119gu r\u0119ki.<\/p>\n","margin_top":"margin-top--xxl","margin_bottom":"margin-bottom--lg","padding_top":"padding-top--none","padding_bottom":"padding-bottom--none","heading_type":"div","container_max_width":"container--xs"},{"acf_fc_layout":"locations_listing","accordion":[{"title":"G\u0142\u00f3wna Siedziba","locations":[905]},{"title":"P\u00f3\u0142nocna Ameryka ","locations":[905,920,921]},{"title":"Ameryki \u0141aci\u0144skiej","locations":[936]},{"title":"Europa, Bliski Wsch\u00f3d, Afryka","locations":[937,34477,1008,1418,1417]},{"title":"Azja-Pacyfik","locations":[1419,16623,1420,16624]}],"margin_top":"margin-top--none","margin_bottom":"margin-bottom--xxl","padding_top":"padding-top--none","padding_bottom":"padding-bottom--none","heading_type":"h3"}],"is_restricted":false,"hide_contact_form":false,"custom_header_code":"","disable_schema_from_yoast":false},"seo":{"title":"Producent maszyn do suchego lodu | Cold Jet","description":"Cold Jet jest producentem urz\u0105dze\u0144 do czyszczenia suchym lodem i do produkcji suchego lodu. Dowiedz si\u0119 wi\u0119cej o firmie Cold Jet ju\u017c teraz!","canonical":"https:\/\/www.coldjet.com\/pl\/o-cold-jet\/","robots":{"noindex":false,"nofollow":false,"directives":["index","follow","max-image-preview:large","max-snippet:-1","max-video-preview:-1"],"raw":"index, follow, max-image-preview:large, max-snippet:-1, max-video-preview:-1"},"og":{"title":"Producent maszyn do suchego lodu | Cold Jet","description":"Cold Jet jest producentem urz\u0105dze\u0144 do czyszczenia suchym lodem i do produkcji suchego lodu. Dowiedz si\u0119 wi\u0119cej o firmie Cold Jet ju\u017c teraz!","image":"","image_id":null,"type":"article","url":"https:\/\/www.coldjet.com\/pl\/o-cold-jet\/","locale":"pl_PL","site_name":"Cold Jet","article_modified":"2026-04-28 11:13:54+00:00","article_published":"2019-05-14 14:06:10+00:00"},"twitter":{"card":"summary_large_image","title":"Producent maszyn do suchego lodu | Cold Jet","description":"Cold Jet jest producentem urz\u0105dze\u0144 do czyszczenia suchym lodem i do produkcji suchego lodu. Dowiedz si\u0119 wi\u0119cej o firmie Cold Jet ju\u017c teraz!","image":"","image_id":null,"creator":"","site":""},"hreflang":[{"lang":"en-US","url":"https:\/\/www.coldjet.com\/about-cold-jet\/","lang_code":"en","locale":"en_US","is_default":true},{"lang":"nl-NL","url":"https:\/\/www.coldjet.com\/nl\/over-cold-jet\/","lang_code":"nl","locale":"nl_NL"},{"lang":"fr-FR","url":"https:\/\/www.coldjet.com\/fr\/a-propos-de-cold-jet\/","lang_code":"fr","locale":"fr_FR"},{"lang":"de-DE","url":"https:\/\/www.coldjet.com\/de\/ueber-cold-jet\/","lang_code":"de","locale":"de_DE"},{"lang":"it-IT","url":"https:\/\/www.coldjet.com\/it\/informazioni-su-cold-jet\/","lang_code":"it","locale":"it_IT"},{"lang":"ja","url":"https:\/\/www.coldjet.com\/ja\/about-cold-jet\/","lang_code":"ja","locale":"ja"},{"lang":"pl-PL","url":"https:\/\/www.coldjet.com\/pl\/o-cold-jet\/","lang_code":"pl","locale":"pl_PL"},{"lang":"pt-BR","url":"https:\/\/www.coldjet.com\/pt-br\/sobre-cold-jet\/","lang_code":"pt-br","locale":"pt_BR"},{"lang":"es-ES","url":"https:\/\/www.coldjet.com\/es\/acerca-de-cold-jet\/","lang_code":"es","locale":"es_ES"},{"lang":"x-default","url":"https:\/\/www.coldjet.com\/about-cold-jet\/","lang_code":"en"}],"schema":{"@context":"https:\/\/schema.org","@graph":[{"@type":"WebPage","@id":"https:\/\/www.coldjet.com\/pl\/o-cold-jet\/","url":"https:\/\/www.coldjet.com\/pl\/o-cold-jet\/","name":"Producent maszyn do suchego lodu | Cold Jet","isPartOf":{"@id":"https:\/\/www.coldjet.com\/pl\/#website"},"datePublished":"2019-05-14T14:06:10+00:00","dateModified":"2026-04-28T11:13:54+00:00","description":"Cold Jet jest producentem urz\u0105dze\u0144 do czyszczenia suchym lodem i do produkcji suchego lodu. Dowiedz si\u0119 wi\u0119cej o firmie Cold Jet ju\u017c teraz!","breadcrumb":{"@id":"https:\/\/www.coldjet.com\/pl\/o-cold-jet\/#breadcrumb"},"inLanguage":"pl-PL","potentialAction":[{"@type":"ReadAction","target":["https:\/\/www.coldjet.com\/pl\/o-cold-jet\/"]}]},{"@type":"BreadcrumbList","@id":"https:\/\/www.coldjet.com\/pl\/o-cold-jet\/#breadcrumb","itemListElement":[{"@type":"ListItem","position":1,"name":"Home","item":"https:\/\/www.coldjet.com\/pl\/"},{"@type":"ListItem","position":2,"name":"O Cold Jet"}]},{"@type":"WebSite","@id":"https:\/\/www.coldjet.com\/pl\/#website","url":"https:\/\/www.coldjet.com\/pl\/","name":"Cold Jet","description":"Dry Ice Blasting Equipment and Machines by Cold Jet","publisher":{"@id":"https:\/\/www.coldjet.com\/pl\/#organization"},"potentialAction":[{"@type":"SearchAction","target":{"@type":"EntryPoint","urlTemplate":"https:\/\/www.coldjet.com\/pl\/?s={search_term_string}"},"query-input":{"@type":"PropertyValueSpecification","valueRequired":true,"valueName":"search_term_string"}}],"inLanguage":"pl-PL"},{"@type":"Organization","@id":"https:\/\/www.coldjet.com\/pl\/#organization","name":"Cold Jet","url":"https:\/\/www.coldjet.com\/pl\/","logo":{"@type":"ImageObject","inLanguage":"pl-PL","@id":"https:\/\/www.coldjet.com\/pl\/#\/schema\/logo\/image\/","url":"https:\/\/www.coldjet.com\/wp-content\/uploads\/blue-tagline_transparent.png","contentUrl":"https:\/\/www.coldjet.com\/wp-content\/uploads\/blue-tagline_transparent.png","width":957,"height":237,"caption":"Cold Jet"},"image":{"@id":"https:\/\/www.coldjet.com\/pl\/#\/schema\/logo\/image\/"}}]},"breadcrumb_title":"","focus_keyphrase":"producent maszyn do suchego lodu Cold Jet","seo_score":64,"readability_score":60,"is_cornerstone":false,"plugin":"yoast","plugin_version":"26.3"},"_links":{"self":[{"href":"https:\/\/www.coldjet.com\/pl\/wp-json\/wp\/v2\/pages\/23509","targetHints":{"allow":["GET"]}}],"collection":[{"href":"https:\/\/www.coldjet.com\/pl\/wp-json\/wp\/v2\/pages"}],"about":[{"href":"https:\/\/www.coldjet.com\/pl\/wp-json\/wp\/v2\/types\/page"}],"author":[{"embeddable":true,"href":"https:\/\/www.coldjet.com\/pl\/wp-json\/wp\/v2\/users\/3"}],"replies":[{"embeddable":true,"href":"https:\/\/www.coldjet.com\/pl\/wp-json\/wp\/v2\/comments?post=23509"}],"version-history":[{"count":1,"href":"https:\/\/www.coldjet.com\/pl\/wp-json\/wp\/v2\/pages\/23509\/revisions"}],"predecessor-version":[{"id":108412,"href":"https:\/\/www.coldjet.com\/pl\/wp-json\/wp\/v2\/pages\/23509\/revisions\/108412"}],"wp:attachment":[{"href":"https:\/\/www.coldjet.com\/pl\/wp-json\/wp\/v2\/media?parent=23509"}],"curies":[{"name":"wp","href":"https:\/\/api.w.org\/{rel}","templated":true}]}}