{"id":22846,"date":"2019-07-02T14:33:16","date_gmt":"2019-07-02T18:33:16","guid":{"rendered":"http:\/\/coldjetprod.wpengine.com\/applications\/cold-chain-management\/"},"modified":"2024-12-02T10:45:27","modified_gmt":"2024-12-02T15:45:27","slug":"zarzadzanie-lancuchem-chlodniczym","status":"publish","type":"page","link":"https:\/\/www.coldjet.com\/pl\/produkcja-suchego-lodu\/zastosowania\/zarzadzanie-lancuchem-chlodniczym\/","title":{"rendered":"Zarz\u0105dzanie \u0141a\u0144cuchem Ch\u0142odniczym"},"content":{"rendered":"","protected":false},"excerpt":{"rendered":"","protected":false},"author":3,"featured_media":0,"parent":22417,"menu_order":1,"comment_status":"closed","ping_status":"closed","template":"","meta":{"_acf_changed":false,"footnotes":""},"class_list":["post-22846","page","type-page","status-publish","hentry"],"acf":[],"_links":{"self":[{"href":"https:\/\/www.coldjet.com\/pl\/wp-json\/wp\/v2\/pages\/22846","targetHints":{"allow":["GET"]}}],"collection":[{"href":"https:\/\/www.coldjet.com\/pl\/wp-json\/wp\/v2\/pages"}],"about":[{"href":"https:\/\/www.coldjet.com\/pl\/wp-json\/wp\/v2\/types\/page"}],"author":[{"embeddable":true,"href":"https:\/\/www.coldjet.com\/pl\/wp-json\/wp\/v2\/users\/3"}],"replies":[{"embeddable":true,"href":"https:\/\/www.coldjet.com\/pl\/wp-json\/wp\/v2\/comments?post=22846"}],"version-history":[{"count":0,"href":"https:\/\/www.coldjet.com\/pl\/wp-json\/wp\/v2\/pages\/22846\/revisions"}],"up":[{"embeddable":true,"href":"https:\/\/www.coldjet.com\/pl\/wp-json\/wp\/v2\/pages\/22417"}],"wp:attachment":[{"href":"https:\/\/www.coldjet.com\/pl\/wp-json\/wp\/v2\/media?parent=22846"}],"curies":[{"name":"wp","href":"https:\/\/api.w.org\/{rel}","templated":true}]}}