{"id":22014,"date":"2019-07-04T14:49:35","date_gmt":"2019-07-04T18:49:35","guid":{"rendered":"http:\/\/coldjetprod.wpengine.com\/restoration-remediation\/"},"modified":"2026-04-22T05:14:36","modified_gmt":"2026-04-22T09:14:36","slug":"renowacja-usuwanie-szkod","status":"publish","type":"page","link":"https:\/\/www.coldjet.com\/pl\/czyszczenie-suchym-lodem\/branze\/renowacja-usuwanie-szkod\/","title":{"rendered":"Usuwanie ple\u015bni, dymu i skutk\u00f3w po\u017caru"},"content":{"rendered":"","protected":false},"excerpt":{"rendered":"","protected":false},"author":3,"featured_media":0,"parent":23419,"menu_order":15,"comment_status":"closed","ping_status":"closed","template":"","meta":{"_acf_changed":false,"footnotes":""},"class_list":["post-22014","page","type-page","status-publish","hentry"],"acf":[],"_links":{"self":[{"href":"https:\/\/www.coldjet.com\/pl\/wp-json\/wp\/v2\/pages\/22014","targetHints":{"allow":["GET"]}}],"collection":[{"href":"https:\/\/www.coldjet.com\/pl\/wp-json\/wp\/v2\/pages"}],"about":[{"href":"https:\/\/www.coldjet.com\/pl\/wp-json\/wp\/v2\/types\/page"}],"author":[{"embeddable":true,"href":"https:\/\/www.coldjet.com\/pl\/wp-json\/wp\/v2\/users\/3"}],"replies":[{"embeddable":true,"href":"https:\/\/www.coldjet.com\/pl\/wp-json\/wp\/v2\/comments?post=22014"}],"version-history":[{"count":1,"href":"https:\/\/www.coldjet.com\/pl\/wp-json\/wp\/v2\/pages\/22014\/revisions"}],"predecessor-version":[{"id":108311,"href":"https:\/\/www.coldjet.com\/pl\/wp-json\/wp\/v2\/pages\/22014\/revisions\/108311"}],"up":[{"embeddable":true,"href":"https:\/\/www.coldjet.com\/pl\/wp-json\/wp\/v2\/pages\/23419"}],"wp:attachment":[{"href":"https:\/\/www.coldjet.com\/pl\/wp-json\/wp\/v2\/media?parent=22014"}],"curies":[{"name":"wp","href":"https:\/\/api.w.org\/{rel}","templated":true}]}}