{"id":105046,"date":"2025-02-11T15:37:11","date_gmt":"2025-02-11T20:37:11","guid":{"rendered":"https:\/\/www.coldjet.com\/czyszczenie-suchym-lodem\/branze\/semiconductor-manufacturing\/"},"modified":"2025-12-15T09:05:38","modified_gmt":"2025-12-15T14:05:38","slug":"produkcja-polprzewodnikow","status":"publish","type":"page","link":"https:\/\/www.coldjet.com\/pl\/czyszczenie-suchym-lodem\/branze\/produkcja-polprzewodnikow\/","title":{"rendered":"Czyszczenie p\u00f3\u0142przewodnik\u00f3w"},"content":{"rendered":"","protected":false},"excerpt":{"rendered":"","protected":false},"author":46,"featured_media":0,"parent":23419,"menu_order":13,"comment_status":"closed","ping_status":"closed","template":"","meta":{"_acf_changed":false,"footnotes":""},"class_list":["post-105046","page","type-page","status-publish","hentry"],"acf":[],"_links":{"self":[{"href":"https:\/\/www.coldjet.com\/pl\/wp-json\/wp\/v2\/pages\/105046","targetHints":{"allow":["GET"]}}],"collection":[{"href":"https:\/\/www.coldjet.com\/pl\/wp-json\/wp\/v2\/pages"}],"about":[{"href":"https:\/\/www.coldjet.com\/pl\/wp-json\/wp\/v2\/types\/page"}],"author":[{"embeddable":true,"href":"https:\/\/www.coldjet.com\/pl\/wp-json\/wp\/v2\/users\/46"}],"replies":[{"embeddable":true,"href":"https:\/\/www.coldjet.com\/pl\/wp-json\/wp\/v2\/comments?post=105046"}],"version-history":[{"count":0,"href":"https:\/\/www.coldjet.com\/pl\/wp-json\/wp\/v2\/pages\/105046\/revisions"}],"up":[{"embeddable":true,"href":"https:\/\/www.coldjet.com\/pl\/wp-json\/wp\/v2\/pages\/23419"}],"wp:attachment":[{"href":"https:\/\/www.coldjet.com\/pl\/wp-json\/wp\/v2\/media?parent=105046"}],"curies":[{"name":"wp","href":"https:\/\/api.w.org\/{rel}","templated":true}]}}