{"id":104324,"date":"2025-11-03T11:21:10","date_gmt":"2025-11-03T16:21:10","guid":{"rendered":"https:\/\/www.coldjet.com\/?page_id=104324"},"modified":"2025-11-03T11:21:10","modified_gmt":"2025-11-03T16:21:10","slug":"czyszczenie-suchym-lodem-lodz","status":"publish","type":"page","link":"https:\/\/www.coldjet.com\/pl\/czyszczenie-suchym-lodem-lodz\/","title":{"rendered":"Czyszczenie suchym lodem \u0141\u00f3d\u017a"},"content":{"rendered":"","protected":false},"excerpt":{"rendered":"","protected":false},"author":46,"featured_media":0,"parent":0,"menu_order":17,"comment_status":"closed","ping_status":"closed","template":"","meta":{"_acf_changed":false,"footnotes":""},"class_list":["post-104324","page","type-page","status-publish","hentry"],"acf":[],"_links":{"self":[{"href":"https:\/\/www.coldjet.com\/pl\/wp-json\/wp\/v2\/pages\/104324","targetHints":{"allow":["GET"]}}],"collection":[{"href":"https:\/\/www.coldjet.com\/pl\/wp-json\/wp\/v2\/pages"}],"about":[{"href":"https:\/\/www.coldjet.com\/pl\/wp-json\/wp\/v2\/types\/page"}],"author":[{"embeddable":true,"href":"https:\/\/www.coldjet.com\/pl\/wp-json\/wp\/v2\/users\/46"}],"replies":[{"embeddable":true,"href":"https:\/\/www.coldjet.com\/pl\/wp-json\/wp\/v2\/comments?post=104324"}],"version-history":[{"count":0,"href":"https:\/\/www.coldjet.com\/pl\/wp-json\/wp\/v2\/pages\/104324\/revisions"}],"wp:attachment":[{"href":"https:\/\/www.coldjet.com\/pl\/wp-json\/wp\/v2\/media?parent=104324"}],"curies":[{"name":"wp","href":"https:\/\/api.w.org\/{rel}","templated":true}]}}