{"id":35223,"date":"2019-07-03T15:28:53","date_gmt":"2019-07-03T19:28:53","guid":{"rendered":"https:\/\/www.coldjet.com\/applications\/"},"modified":"2026-04-16T07:59:57","modified_gmt":"2026-04-16T11:59:57","slug":"applicazioni","status":"publish","type":"page","link":"https:\/\/www.coldjet.com\/it\/produzione-di-ghiaccio-secco\/applicazioni\/","title":{"rendered":"Applicazioni"},"content":{"rendered":"","protected":false},"excerpt":{"rendered":"","protected":false},"author":3,"featured_media":0,"parent":35342,"menu_order":0,"comment_status":"closed","ping_status":"closed","template":"","meta":{"_acf_changed":false,"footnotes":""},"class_list":["post-35223","page","type-page","status-publish","hentry"],"acf":[],"acf_processed":{"show_breadcrumbs":true,"page_content":[{"acf_fc_layout":"billboard","content":"<h1 class=\"g-h-kicker color--secondary\">Applicazioni<\/h1>\n<h2 class=\"color--white text--xxxl text-shadow-heavy balance-text\">Produrre ghiaccio secco della pi\u00f9 alta qualit\u00e0 per il tuo settore<\/h2>\n","content_width":"xs","background_photos":{"first":{"ID":"https:\/\/www.coldjet.com\/wp-content\/uploads\/DRYICEPRODUCTION_APPLICATIONS_COLDCHAINMANAGEMENT-13-1.jpg","id":"https:\/\/www.coldjet.com\/wp-content\/uploads\/DRYICEPRODUCTION_APPLICATIONS_COLDCHAINMANAGEMENT-13-1.jpg","title":"DRYICEPRODUCTION_APPLICATIONS_COLDCHAINMANAGEMENT (13) (1)","filename":"DRYICEPRODUCTION_APPLICATIONS_COLDCHAINMANAGEMENT-13-1.jpg","filesize":69970,"url":"https:\/\/www.coldjet.com\/wp-content\/uploads\/DRYICEPRODUCTION_APPLICATIONS_COLDCHAINMANAGEMENT-13-1.jpg","link":"https:\/\/www.coldjet.com\/it\/produzione-di-ghiaccio-secco\/applicazioni\/dryiceproduction_applications_coldchainmanagement-13-1\/","alt":"applicazioni per la produzione di ghiaccio secco","author":"4","description":"","caption":"012","name":"dryiceproduction_applications_coldchainmanagement-13-1","status":"inherit","uploaded_to":35223,"date":"2019-07-06 19:31:27","modified":"2019-12-18 14:17:18","menu_order":0,"mime_type":"image\/jpeg","type":"image","subtype":"jpeg","icon":"https:\/\/www.coldjet.com\/wp-includes\/images\/media\/default.png","width":"https:\/\/www.coldjet.com\/wp-content\/uploads\/2019\/06\/silgan.png","height":"https:\/\/www.coldjet.com\/wp-content\/uploads\/2019\/06\/frito-lay.png","sizes":{"thumbnail":"https:\/\/www.coldjet.com\/wp-content\/uploads\/DRYICEPRODUCTION_APPLICATIONS_COLDCHAINMANAGEMENT-13-1-150x150.jpg","thumbnail-width":150,"thumbnail-height":150,"medium":"https:\/\/www.coldjet.com\/wp-content\/uploads\/DRYICEPRODUCTION_APPLICATIONS_COLDCHAINMANAGEMENT-13-1-300x240.jpg","medium-width":"https:\/\/www.coldjet.com\/wp-content\/uploads\/2019\/06\/DRY-ICE-BLASTING.png","medium-height":"https:\/\/www.coldjet.com\/wp-content\/uploads\/2019\/06\/dry-ice-blasting-composites.jpg","medium_large":"https:\/\/www.coldjet.com\/wp-content\/uploads\/DRYICEPRODUCTION_APPLICATIONS_COLDCHAINMANAGEMENT-13-1-768x613.jpg","medium_large-width":"https:\/\/www.coldjet.com\/wp-content\/uploads\/2019\/06\/red-d-arc.png","medium_large-height":"https:\/\/www.coldjet.com\/wp-content\/uploads\/2019\/06\/apple.png","large":"https:\/\/www.coldjet.com\/wp-content\/uploads\/DRYICEPRODUCTION_APPLICATIONS_COLDCHAINMANAGEMENT-13-1.jpg","large-width":"https:\/\/www.coldjet.com\/wp-content\/uploads\/2019\/06\/silgan.png","large-height":"https:\/\/www.coldjet.com\/wp-content\/uploads\/2019\/06\/frito-lay.png","1536x1536":"https:\/\/www.coldjet.com\/wp-content\/uploads\/DRYICEPRODUCTION_APPLICATIONS_COLDCHAINMANAGEMENT-13-1.jpg","1536x1536-width":"https:\/\/www.coldjet.com\/wp-content\/uploads\/2019\/06\/silgan.png","1536x1536-height":"https:\/\/www.coldjet.com\/wp-content\/uploads\/2019\/06\/frito-lay.png","2048x2048":"https:\/\/www.coldjet.com\/wp-content\/uploads\/DRYICEPRODUCTION_APPLICATIONS_COLDCHAINMANAGEMENT-13-1.jpg","2048x2048-width":"https:\/\/www.coldjet.com\/wp-content\/uploads\/2019\/06\/silgan.png","2048x2048-height":"https:\/\/www.coldjet.com\/wp-content\/uploads\/2019\/06\/frito-lay.png","gallery-slider":"https:\/\/www.coldjet.com\/wp-content\/uploads\/DRYICEPRODUCTION_APPLICATIONS_COLDCHAINMANAGEMENT-13-1.jpg","gallery-slider-width":"https:\/\/www.coldjet.com\/wp-content\/uploads\/2019\/06\/cold-jet-customer-service.jpg","gallery-slider-height":"https:\/\/www.coldjet.com\/wp-content\/uploads\/2019\/06\/DRY-ICE-BLASTING-SYSTEMS-1.png","square-500":"https:\/\/www.coldjet.com\/wp-content\/uploads\/DRYICEPRODUCTION_APPLICATIONS_COLDCHAINMANAGEMENT-13-1.jpg","square-500-width":"https:\/\/www.coldjet.com\/wp-content\/uploads\/2019\/06\/we-are-cold-jet-bg.jpg","square-500-height":"https:\/\/www.coldjet.com\/wp-content\/uploads\/2019\/06\/DRY-ICE-PRODUCTION.jpg","square-700":"https:\/\/www.coldjet.com\/wp-content\/uploads\/DRYICEPRODUCTION_APPLICATIONS_COLDCHAINMANAGEMENT-13-1.jpg","square-700-width":"https:\/\/www.coldjet.com\/wp-content\/uploads\/2019\/06\/honeywell.png","square-700-height":"https:\/\/www.coldjet.com\/wp-content\/uploads\/2019\/06\/cold-jet-customer-service.jpg","square-150":"https:\/\/www.coldjet.com\/wp-content\/uploads\/DRYICEPRODUCTION_APPLICATIONS_COLDCHAINMANAGEMENT-13-1.jpg","square-150-width":150,"square-150-height":"https:\/\/www.coldjet.com\/wp-content\/uploads\/2019\/06\/dry-ice-production.jpg","large-1000":"https:\/\/www.coldjet.com\/wp-content\/uploads\/DRYICEPRODUCTION_APPLICATIONS_COLDCHAINMANAGEMENT-13-1.jpg","large-1000-width":"https:\/\/www.coldjet.com\/wp-content\/uploads\/2019\/06\/silgan.png","large-1000-height":"https:\/\/www.coldjet.com\/wp-content\/uploads\/2019\/06\/frito-lay.png","large-2000":"https:\/\/www.coldjet.com\/wp-content\/uploads\/DRYICEPRODUCTION_APPLICATIONS_COLDCHAINMANAGEMENT-13-1.jpg","large-2000-width":"https:\/\/www.coldjet.com\/wp-content\/uploads\/2019\/06\/silgan.png","large-2000-height":"https:\/\/www.coldjet.com\/wp-content\/uploads\/2019\/06\/frito-lay.png","large-500":"https:\/\/www.coldjet.com\/wp-content\/uploads\/DRYICEPRODUCTION_APPLICATIONS_COLDCHAINMANAGEMENT-13-1.jpg","large-500-width":"https:\/\/www.coldjet.com\/wp-content\/uploads\/2019\/06\/we-are-cold-jet-bg.jpg","large-500-height":"https:\/\/www.coldjet.com\/wp-content\/uploads\/2019\/06\/DRY-ICE-PRODUCTION.jpg","large-500-300":"https:\/\/www.coldjet.com\/wp-content\/uploads\/DRYICEPRODUCTION_APPLICATIONS_COLDCHAINMANAGEMENT-13-1.jpg","large-500-300-width":"https:\/\/www.coldjet.com\/wp-content\/uploads\/2019\/06\/global-offices.png","large-500-300-height":"https:\/\/www.coldjet.com\/wp-content\/uploads\/2019\/06\/DRY-ICE-BLASTING.png"}},"second":{"ID":"https:\/\/www.coldjet.com\/wp-content\/uploads\/DRYICEPRODUCTION_APPLICATIONS_COLDCHAINMANAGEMENT-15-1-e1562441708778.jpg","id":"https:\/\/www.coldjet.com\/wp-content\/uploads\/DRYICEPRODUCTION_APPLICATIONS_COLDCHAINMANAGEMENT-15-1-e1562441708778.jpg","title":"DRYICEPRODUCTION_APPLICATIONS_COLDCHAINMANAGEMENT (15)","filename":"DRYICEPRODUCTION_APPLICATIONS_COLDCHAINMANAGEMENT-15-1-e1562441708778.jpg","filesize":"https:\/\/www.coldjet.com\/wp-content\/uploads\/AEROSPACE_AIRFORCE-2.png","url":"https:\/\/www.coldjet.com\/wp-content\/uploads\/DRYICEPRODUCTION_APPLICATIONS_COLDCHAINMANAGEMENT-15-1-e1562441708778.jpg","link":"https:\/\/www.coldjet.com\/it\/produzione-di-ghiaccio-secco\/applicazioni\/dryiceproduction_applications_coldchainmanagement-15-2\/","alt":"applicazioni per la produzione di ghiaccio secco","author":"4","description":"","caption":"","name":"dryiceproduction_applications_coldchainmanagement-15-2","status":"inherit","uploaded_to":35223,"date":"2019-07-06 19:34:04","modified":"2019-12-18 14:16:52","menu_order":0,"mime_type":"image\/jpeg","type":"image","subtype":"jpeg","icon":"https:\/\/www.coldjet.com\/wp-includes\/images\/media\/default.png","width":"https:\/\/www.coldjet.com\/wp-content\/uploads\/2019\/06\/silgan.png","height":"https:\/\/www.coldjet.com\/wp-content\/uploads\/2019\/06\/IMG_0224.jpg","sizes":{"thumbnail":"https:\/\/www.coldjet.com\/wp-content\/uploads\/DRYICEPRODUCTION_APPLICATIONS_COLDCHAINMANAGEMENT-15-1-e1562441708778-150x150.jpg","thumbnail-width":150,"thumbnail-height":150,"medium":"https:\/\/www.coldjet.com\/wp-content\/uploads\/DRYICEPRODUCTION_APPLICATIONS_COLDCHAINMANAGEMENT-15-1-e1562441708778-300x206.jpg","medium-width":"https:\/\/www.coldjet.com\/wp-content\/uploads\/2019\/06\/DRY-ICE-BLASTING.png","medium-height":206,"medium_large":"https:\/\/www.coldjet.com\/wp-content\/uploads\/DRYICEPRODUCTION_APPLICATIONS_COLDCHAINMANAGEMENT-15-1-e1562441708778-768x527.jpg","medium_large-width":"https:\/\/www.coldjet.com\/wp-content\/uploads\/2019\/06\/red-d-arc.png","medium_large-height":"https:\/\/www.coldjet.com\/wp-content\/uploads\/2019\/06\/27.-Matprodusent-12-kjede-og-drev-filter.jpg","large":"https:\/\/www.coldjet.com\/wp-content\/uploads\/DRYICEPRODUCTION_APPLICATIONS_COLDCHAINMANAGEMENT-15-1-e1562441708778.jpg","large-width":"https:\/\/www.coldjet.com\/wp-content\/uploads\/2019\/06\/silgan.png","large-height":"https:\/\/www.coldjet.com\/wp-content\/uploads\/2019\/06\/IMG_0224.jpg","1536x1536":"https:\/\/www.coldjet.com\/wp-content\/uploads\/DRYICEPRODUCTION_APPLICATIONS_COLDCHAINMANAGEMENT-15-1-e1562441708778.jpg","1536x1536-width":"https:\/\/www.coldjet.com\/wp-content\/uploads\/2019\/06\/silgan.png","1536x1536-height":"https:\/\/www.coldjet.com\/wp-content\/uploads\/2019\/06\/IMG_0224.jpg","2048x2048":"https:\/\/www.coldjet.com\/wp-content\/uploads\/DRYICEPRODUCTION_APPLICATIONS_COLDCHAINMANAGEMENT-15-1-e1562441708778.jpg","2048x2048-width":"https:\/\/www.coldjet.com\/wp-content\/uploads\/2019\/06\/silgan.png","2048x2048-height":"https:\/\/www.coldjet.com\/wp-content\/uploads\/2019\/06\/IMG_0224.jpg","gallery-slider":"https:\/\/www.coldjet.com\/wp-content\/uploads\/DRYICEPRODUCTION_APPLICATIONS_COLDCHAINMANAGEMENT-15-1-e1562441708778.jpg","gallery-slider-width":"https:\/\/www.coldjet.com\/wp-content\/uploads\/2019\/06\/ge.png","gallery-slider-height":"https:\/\/www.coldjet.com\/wp-content\/uploads\/2019\/06\/DRY-ICE-BLASTING-SYSTEMS-1.png","square-500":"https:\/\/www.coldjet.com\/wp-content\/uploads\/DRYICEPRODUCTION_APPLICATIONS_COLDCHAINMANAGEMENT-15-1-e1562441708778.jpg","square-500-width":"https:\/\/www.coldjet.com\/wp-content\/uploads\/2019\/06\/we-are-cold-jet-bg.jpg","square-500-height":343,"square-700":"https:\/\/www.coldjet.com\/wp-content\/uploads\/DRYICEPRODUCTION_APPLICATIONS_COLDCHAINMANAGEMENT-15-1-e1562441708778.jpg","square-700-width":"https:\/\/www.coldjet.com\/wp-content\/uploads\/2019\/06\/honeywell.png","square-700-height":"https:\/\/www.coldjet.com\/wp-content\/uploads\/2019\/06\/global-offices-1.png","square-150":"https:\/\/www.coldjet.com\/wp-content\/uploads\/DRYICEPRODUCTION_APPLICATIONS_COLDCHAINMANAGEMENT-15-1-e1562441708778.jpg","square-150-width":150,"square-150-height":"https:\/\/www.coldjet.com\/wp-content\/uploads\/2019\/06\/silgan-logo-square.jpg","large-1000":"https:\/\/www.coldjet.com\/wp-content\/uploads\/DRYICEPRODUCTION_APPLICATIONS_COLDCHAINMANAGEMENT-15-1-e1562441708778.jpg","large-1000-width":"https:\/\/www.coldjet.com\/wp-content\/uploads\/2019\/06\/silgan.png","large-1000-height":"https:\/\/www.coldjet.com\/wp-content\/uploads\/2019\/06\/IMG_0224.jpg","large-2000":"https:\/\/www.coldjet.com\/wp-content\/uploads\/DRYICEPRODUCTION_APPLICATIONS_COLDCHAINMANAGEMENT-15-1-e1562441708778.jpg","large-2000-width":"https:\/\/www.coldjet.com\/wp-content\/uploads\/2019\/06\/silgan.png","large-2000-height":"https:\/\/www.coldjet.com\/wp-content\/uploads\/2019\/06\/IMG_0224.jpg","large-500":"https:\/\/www.coldjet.com\/wp-content\/uploads\/DRYICEPRODUCTION_APPLICATIONS_COLDCHAINMANAGEMENT-15-1-e1562441708778.jpg","large-500-width":"https:\/\/www.coldjet.com\/wp-content\/uploads\/2019\/06\/we-are-cold-jet-bg.jpg","large-500-height":343,"large-500-300":"https:\/\/www.coldjet.com\/wp-content\/uploads\/DRYICEPRODUCTION_APPLICATIONS_COLDCHAINMANAGEMENT-15-1-e1562441708778.jpg","large-500-300-width":"https:\/\/www.coldjet.com\/wp-content\/uploads\/2019\/06\/SURFACE-PREP.jpg","large-500-300-height":"https:\/\/www.coldjet.com\/wp-content\/uploads\/2019\/06\/DRY-ICE-BLASTING.png"}}}},{"acf_fc_layout":"general_content","content":"<h2 class=\"balance-text\">Le nostre macchine per la produzione di ghiaccio secco ad alta densit\u00e0 sono ottimizzate per tutte le applicazioni industriali e commerciali.<\/h2>\n<p class=\"margin-bottom--lg balance-text\">La tecnologia di produzione di ghiaccio secco di Cold Jet non solo produce ghiaccio secco della pi\u00f9 alta qualit\u00e0 e densit\u00e0 disponibili, ma assicura anche ai nostri clienti i costi di gestione pi\u00f9 bassi sul mercato.<\/p>\n","margin_top":"margin-top--xl","margin_bottom":"margin-bottom--xl","padding_top":"padding-top--none","padding_bottom":"padding-bottom--none","heading_type":"div","container_max_width":"container--md"},{"acf_fc_layout":"general_content","content":"<ul class=\"icon-list--columns c-list c-list--flush c-list--plain\">\n<li class=\"text--md\" style=\"text-align: left;\"><a class=\"g-link g-link--icon-text g-link--chevron\" href=\"https:\/\/www.coldjet.com\/it\/produzione-di-ghiaccio-secco\/applicazioni\/catering-delle-compagnie-aeree\/\">Catering delle compagnie aeree<\/a><\/li>\n<li class=\"text--md\" style=\"text-align: left;\"><a class=\"g-link g-link--icon-text g-link--chevron\" href=\"https:\/\/www.coldjet.com\/it\/produzione-di-ghiaccio-secco\/applicazioni\/gestione-della-catena-del-freddo\/\">Gestione della catena del freddo<\/a><\/li>\n<li class=\"text--md\" style=\"text-align: left;\"><a class=\"g-link g-link--icon-text g-link--chevron\" href=\"https:\/\/www.coldjet.com\/it\/produzione-di-ghiaccio-secco\/applicazioni\/food-processing-cooling\/\">Raffreddamento nella lavorazione degli alimenti<\/a><\/li>\n<li class=\"text--md\" style=\"text-align: left;\"><a class=\"g-link g-link--icon-text g-link--chevron\" href=\"https:\/\/www.coldjet.com\/it\/produzione-di-ghiaccio-secco\/applicazioni\/produzione-per-sabbiatura\/\">Produzione per sabbiatura<\/a><\/li>\n<li class=\"text--md\" style=\"text-align: left;\"><a class=\"g-link g-link--icon-text g-link--chevron\" href=\"https:\/\/www.coldjet.com\/it\/produzione-di-ghiaccio-secco\/applicazioni\/produzione-per-rivendita\/\">Produzione per rivendita<\/a><\/li>\n<li class=\"text--md\" style=\"text-align: left;\"><a class=\"g-link g-link--icon-text g-link--chevron\" href=\"https:\/\/www.coldjet.com\/it\/produzione-di-ghiaccio-secco\/applicazioni\/produzione-remota\/\">Produzione remota<\/a><\/li>\n<\/ul>\n","margin_top":"margin-top--xl","margin_bottom":"margin-bottom--xl","padding_top":"padding-top--none","padding_bottom":"padding-bottom--none","heading_type":"div","container_max_width":"container--md"},{"acf_fc_layout":"cta_form","content":"<h2 class=\"g-h-kicker color--secondary\">Siamo qui per aiutare.<\/h2>\n<h3 class=\"text--xxxl color--white\">Sei interessato, ma non sai da dove cominciare?<\/h3>\n<p class=\"text--md color--white\">Contattaci oggi stesso per saperne di pi\u00f9 sulla produzione di ghiaccio secco sul posto per la tua applicazione esclusiva.<\/p>\n","hubspot_form":"","contact_phone":"","contact_pageurl":"","contact_mail":"","hubspot_download_form":"","form":"51","background_photo":{"ID":"https:\/\/www.coldjet.com\/wp-content\/uploads\/stock-photo-the-roar-190017449-1.jpg","id":"https:\/\/www.coldjet.com\/wp-content\/uploads\/stock-photo-the-roar-190017449-1.jpg","title":"industry page CTA image - bear - black","filename":"stock-photo-the-roar-190017449-1.jpg","filesize":21695,"url":"https:\/\/www.coldjet.com\/wp-content\/uploads\/stock-photo-the-roar-190017449-1.jpg","link":"https:\/\/www.coldjet.com\/it\/sabbiatura-criogenica\/settori\/aerospaziale-e-aviazione\/500px-photo-id-190017449-roaring-polar-bear-zoo-shot-with-a-pocket-camera-3\/","alt":"cold jet","author":"5","description":"","caption":"","name":"500px-photo-id-190017449-roaring-polar-bear-zoo-shot-with-a-pocket-camera-3","status":"inherit","uploaded_to":35221,"date":"2019-07-05 15:42:09","modified":"2019-12-18 15:54:13","menu_order":0,"mime_type":"image\/jpeg","type":"image","subtype":"jpeg","icon":"https:\/\/www.coldjet.com\/wp-includes\/images\/media\/default.png","width":"https:\/\/www.coldjet.com\/wp-content\/uploads\/2019\/06\/switzerland.png","height":"https:\/\/www.coldjet.com\/wp-content\/uploads\/2019\/06\/offgas-after.png","sizes":{"thumbnail":"https:\/\/www.coldjet.com\/wp-content\/uploads\/stock-photo-the-roar-190017449-1-150x150.jpg","thumbnail-width":150,"thumbnail-height":150,"medium":"https:\/\/www.coldjet.com\/wp-content\/uploads\/stock-photo-the-roar-190017449-1-240x300.jpg","medium-width":"https:\/\/www.coldjet.com\/wp-content\/uploads\/2019\/06\/dry-ice-blasting-composites.jpg","medium-height":"https:\/\/www.coldjet.com\/wp-content\/uploads\/2019\/06\/DRY-ICE-BLASTING.png","medium_large":"https:\/\/www.coldjet.com\/wp-content\/uploads\/stock-photo-the-roar-190017449-1-768x960.jpg","medium_large-width":"https:\/\/www.coldjet.com\/wp-content\/uploads\/2019\/06\/red-d-arc.png","medium_large-height":"https:\/\/www.coldjet.com\/wp-content\/uploads\/2019\/06\/germany.png","large":"https:\/\/www.coldjet.com\/wp-content\/uploads\/stock-photo-the-roar-190017449-1-819x1024.jpg","large-width":819,"large-height":"https:\/\/www.coldjet.com\/wp-content\/uploads\/2019\/06\/thailand.png","1536x1536":"https:\/\/www.coldjet.com\/wp-content\/uploads\/stock-photo-the-roar-190017449-1.jpg","1536x1536-width":"https:\/\/www.coldjet.com\/wp-content\/uploads\/2019\/06\/switzerland.png","1536x1536-height":"https:\/\/www.coldjet.com\/wp-content\/uploads\/2019\/06\/offgas-after.png","2048x2048":"https:\/\/www.coldjet.com\/wp-content\/uploads\/stock-photo-the-roar-190017449-1.jpg","2048x2048-width":"https:\/\/www.coldjet.com\/wp-content\/uploads\/2019\/06\/switzerland.png","2048x2048-height":"https:\/\/www.coldjet.com\/wp-content\/uploads\/2019\/06\/offgas-after.png","gallery-slider":"https:\/\/www.coldjet.com\/wp-content\/uploads\/stock-photo-the-roar-190017449-1.jpg","gallery-slider-width":"https:\/\/www.coldjet.com\/wp-content\/uploads\/2019\/06\/DRY-ICE-PRODUCTION-SYSTEMS.png","gallery-slider-height":"https:\/\/www.coldjet.com\/wp-content\/uploads\/2019\/06\/DRY-ICE-BLASTING-SYSTEMS-1.png","square-500":"https:\/\/www.coldjet.com\/wp-content\/uploads\/stock-photo-the-roar-190017449-1.jpg","square-500-width":"https:\/\/www.coldjet.com\/wp-content\/uploads\/2019\/06\/DRY-ICE-PRODUCTION.jpg","square-500-height":"https:\/\/www.coldjet.com\/wp-content\/uploads\/2019\/06\/we-are-cold-jet-bg.jpg","square-700":"https:\/\/www.coldjet.com\/wp-content\/uploads\/stock-photo-the-roar-190017449-1.jpg","square-700-width":"https:\/\/www.coldjet.com\/wp-content\/uploads\/2019\/06\/cold-jet-customer-service.jpg","square-700-height":"https:\/\/www.coldjet.com\/wp-content\/uploads\/2019\/06\/honeywell.png","square-150":"https:\/\/www.coldjet.com\/wp-content\/uploads\/stock-photo-the-roar-190017449-1.jpg","square-150-width":"https:\/\/www.coldjet.com\/wp-content\/uploads\/2019\/06\/dry-ice-production.jpg","square-150-height":150,"large-1000":"https:\/\/www.coldjet.com\/wp-content\/uploads\/stock-photo-the-roar-190017449-1.jpg","large-1000-width":"https:\/\/www.coldjet.com\/wp-content\/uploads\/2019\/06\/silgan.png","large-1000-height":"https:\/\/www.coldjet.com\/wp-content\/uploads\/2019\/06\/mexico.png","large-2000":"https:\/\/www.coldjet.com\/wp-content\/uploads\/stock-photo-the-roar-190017449-1.jpg","large-2000-width":"https:\/\/www.coldjet.com\/wp-content\/uploads\/2019\/06\/switzerland.png","large-2000-height":"https:\/\/www.coldjet.com\/wp-content\/uploads\/2019\/06\/offgas-after.png","large-500":"https:\/\/www.coldjet.com\/wp-content\/uploads\/stock-photo-the-roar-190017449-1.jpg","large-500-width":"https:\/\/www.coldjet.com\/wp-content\/uploads\/2019\/06\/we-are-cold-jet-bg.jpg","large-500-height":"https:\/\/www.coldjet.com\/wp-content\/uploads\/2019\/06\/bayer.png","large-500-300":"https:\/\/www.coldjet.com\/wp-content\/uploads\/stock-photo-the-roar-190017449-1.jpg","large-500-300-width":"https:\/\/www.coldjet.com\/wp-content\/uploads\/2019\/06\/dry-ice-blasting-composites.jpg","large-500-300-height":"https:\/\/www.coldjet.com\/wp-content\/uploads\/2019\/06\/DRY-ICE-BLASTING.png"}},"theme":"dark","margin_top":"margin-top--none","margin_bottom":"margin-bottom--none"}],"is_restricted":false,"hide_contact_form":false,"custom_header_code":"","disable_schema_from_yoast":false},"seo":{"title":"Applicazioni di Produzione di Ghiaccio Secco | Cold Jet","description":"","canonical":"https:\/\/www.coldjet.com\/it\/produzione-di-ghiaccio-secco\/applicazioni\/","robots":{"noindex":false,"nofollow":false,"directives":["index","follow","max-image-preview:large","max-snippet:-1","max-video-preview:-1"],"raw":"index, follow, max-image-preview:large, max-snippet:-1, max-video-preview:-1"},"og":{"title":"Applicazioni di Produzione di Ghiaccio Secco | Cold Jet","description":"","image":"","image_id":null,"type":"article","url":"https:\/\/www.coldjet.com\/it\/produzione-di-ghiaccio-secco\/applicazioni\/","locale":"it_IT","site_name":"Cold Jet","article_modified":"2026-04-16 11:59:57+00:00","article_published":"2019-07-03 19:28:53+00:00"},"twitter":{"card":"summary_large_image","title":"Applicazioni di Produzione di Ghiaccio Secco | Cold Jet","description":"","image":"","image_id":null,"creator":"","site":""},"hreflang":[{"lang":"en-US","url":"https:\/\/www.coldjet.com\/dry-ice-production\/applications\/","lang_code":"en","locale":"en_US","is_default":true},{"lang":"nl-NL","url":"https:\/\/www.coldjet.com\/nl\/droogijs-productie\/toepassingen\/","lang_code":"nl","locale":"nl_NL"},{"lang":"fr-FR","url":"https:\/\/www.coldjet.com\/fr\/production-de-glace-carbonique\/applications\/","lang_code":"fr","locale":"fr_FR"},{"lang":"de-DE","url":"https:\/\/www.coldjet.com\/de\/trockeneisproduktion\/anwendungen-trockeneisproduktion\/","lang_code":"de","locale":"de_DE"},{"lang":"it-IT","url":"https:\/\/www.coldjet.com\/it\/produzione-di-ghiaccio-secco\/applicazioni\/","lang_code":"it","locale":"it_IT"},{"lang":"ja","url":"https:\/\/www.coldjet.com\/ja\/%e3%83%89%e3%83%a9%e3%82%a4%e3%82%a2%e3%82%a4%e3%82%b9%e8%a3%bd%e9%80%a0\/%e3%82%a2%e3%83%97%e3%83%aa%e3%82%b1%e3%83%bc%e3%82%b7%e3%83%a7%e3%83%b3\/","lang_code":"ja","locale":"ja"},{"lang":"pl-PL","url":"https:\/\/www.coldjet.com\/pl\/produkcja-suchego-lodu\/zastosowania\/","lang_code":"pl","locale":"pl_PL"},{"lang":"pt-BR","url":"https:\/\/www.coldjet.com\/pt-br\/producao-de-gelo-seco\/aplicacoes\/","lang_code":"pt-br","locale":"pt_BR"},{"lang":"es-ES","url":"https:\/\/www.coldjet.com\/es\/produccion-de-hielo-seco\/aplicaciones\/","lang_code":"es","locale":"es_ES"},{"lang":"x-default","url":"https:\/\/www.coldjet.com\/dry-ice-production\/applications\/","lang_code":"en"}],"schema":{"@context":"https:\/\/schema.org","@graph":[{"@type":"WebPage","@id":"https:\/\/www.coldjet.com\/it\/produzione-di-ghiaccio-secco\/applicazioni\/","url":"https:\/\/www.coldjet.com\/it\/produzione-di-ghiaccio-secco\/applicazioni\/","name":"Applicazioni di Produzione di Ghiaccio Secco | Cold Jet","isPartOf":{"@id":"https:\/\/www.coldjet.com\/it\/#website"},"datePublished":"2019-07-03T19:28:53+00:00","dateModified":"2026-04-16T11:59:57+00:00","breadcrumb":{"@id":"https:\/\/www.coldjet.com\/it\/produzione-di-ghiaccio-secco\/applicazioni\/#breadcrumb"},"inLanguage":"it-IT","potentialAction":[{"@type":"ReadAction","target":["https:\/\/www.coldjet.com\/it\/produzione-di-ghiaccio-secco\/applicazioni\/"]}]},{"@type":"BreadcrumbList","@id":"https:\/\/www.coldjet.com\/it\/produzione-di-ghiaccio-secco\/applicazioni\/#breadcrumb","itemListElement":[{"@type":"ListItem","position":1,"name":"Home","item":"https:\/\/www.coldjet.com\/it\/"},{"@type":"ListItem","position":2,"name":"Produzione di ghiaccio secco","item":"https:\/\/www.coldjet.com\/it\/produzione-di-ghiaccio-secco\/"},{"@type":"ListItem","position":3,"name":"Applicazioni"}]},{"@type":"WebSite","@id":"https:\/\/www.coldjet.com\/it\/#website","url":"https:\/\/www.coldjet.com\/it\/","name":"Cold Jet","description":"Dry Ice Blasting Equipment and Machines by Cold Jet","publisher":{"@id":"https:\/\/www.coldjet.com\/it\/#organization"},"potentialAction":[{"@type":"SearchAction","target":{"@type":"EntryPoint","urlTemplate":"https:\/\/www.coldjet.com\/it\/?s={search_term_string}"},"query-input":{"@type":"PropertyValueSpecification","valueRequired":true,"valueName":"search_term_string"}}],"inLanguage":"it-IT"},{"@type":"Organization","@id":"https:\/\/www.coldjet.com\/it\/#organization","name":"Cold Jet","url":"https:\/\/www.coldjet.com\/it\/","logo":{"@type":"ImageObject","inLanguage":"it-IT","@id":"https:\/\/www.coldjet.com\/it\/#\/schema\/logo\/image\/","url":"https:\/\/www.coldjet.com\/wp-content\/uploads\/blue-tagline_transparent.png","contentUrl":"https:\/\/www.coldjet.com\/wp-content\/uploads\/blue-tagline_transparent.png","width":957,"height":237,"caption":"Cold Jet"},"image":{"@id":"https:\/\/www.coldjet.com\/it\/#\/schema\/logo\/image\/"}}]},"breadcrumb_title":"","focus_keyphrase":"","seo_score":null,"readability_score":90,"is_cornerstone":false,"plugin":"yoast","plugin_version":"26.3"},"_links":{"self":[{"href":"https:\/\/www.coldjet.com\/it\/wp-json\/wp\/v2\/pages\/35223","targetHints":{"allow":["GET"]}}],"collection":[{"href":"https:\/\/www.coldjet.com\/it\/wp-json\/wp\/v2\/pages"}],"about":[{"href":"https:\/\/www.coldjet.com\/it\/wp-json\/wp\/v2\/types\/page"}],"author":[{"embeddable":true,"href":"https:\/\/www.coldjet.com\/it\/wp-json\/wp\/v2\/users\/3"}],"replies":[{"embeddable":true,"href":"https:\/\/www.coldjet.com\/it\/wp-json\/wp\/v2\/comments?post=35223"}],"version-history":[{"count":1,"href":"https:\/\/www.coldjet.com\/it\/wp-json\/wp\/v2\/pages\/35223\/revisions"}],"predecessor-version":[{"id":108265,"href":"https:\/\/www.coldjet.com\/it\/wp-json\/wp\/v2\/pages\/35223\/revisions\/108265"}],"up":[{"embeddable":true,"href":"https:\/\/www.coldjet.com\/it\/wp-json\/wp\/v2\/pages\/35342"}],"wp:attachment":[{"href":"https:\/\/www.coldjet.com\/it\/wp-json\/wp\/v2\/media?parent=35223"}],"curies":[{"name":"wp","href":"https:\/\/api.w.org\/{rel}","templated":true}]}}