{"id":86277,"date":"2022-10-10T12:16:16","date_gmt":"2022-10-10T16:16:16","guid":{"rendered":"https:\/\/www.coldjet.com\/nos-machines\/equipement-de-production-de-glace-carbonique\/co2-recovery-system\/"},"modified":"2025-05-12T06:46:24","modified_gmt":"2025-05-12T10:46:24","slug":"systeme-recuperation-co2","status":"publish","type":"page","link":"https:\/\/www.coldjet.com\/fr\/nos-machines\/machines-de-production-de-glace-carbonique\/systeme-recuperation-co2\/","title":{"rendered":"Syst\u00e8mes de R\u00e9cup\u00e9ration de CO<sub>2<\/sub>"},"content":{"rendered":"","protected":false},"excerpt":{"rendered":"","protected":false},"author":46,"featured_media":93741,"parent":94073,"menu_order":10,"comment_status":"closed","ping_status":"closed","template":"","meta":{"_acf_changed":false,"footnotes":""},"class_list":["post-86277","page","type-page","status-publish","has-post-thumbnail","hentry"],"acf":[],"_links":{"self":[{"href":"https:\/\/www.coldjet.com\/fr\/wp-json\/wp\/v2\/pages\/86277","targetHints":{"allow":["GET"]}}],"collection":[{"href":"https:\/\/www.coldjet.com\/fr\/wp-json\/wp\/v2\/pages"}],"about":[{"href":"https:\/\/www.coldjet.com\/fr\/wp-json\/wp\/v2\/types\/page"}],"author":[{"embeddable":true,"href":"https:\/\/www.coldjet.com\/fr\/wp-json\/wp\/v2\/users\/46"}],"replies":[{"embeddable":true,"href":"https:\/\/www.coldjet.com\/fr\/wp-json\/wp\/v2\/comments?post=86277"}],"version-history":[{"count":0,"href":"https:\/\/www.coldjet.com\/fr\/wp-json\/wp\/v2\/pages\/86277\/revisions"}],"up":[{"embeddable":true,"href":"https:\/\/www.coldjet.com\/fr\/wp-json\/wp\/v2\/pages\/94073"}],"wp:featuredmedia":[{"embeddable":true,"href":"https:\/\/www.coldjet.com\/fr\/wp-json\/wp\/v2\/media\/93741"}],"wp:attachment":[{"href":"https:\/\/www.coldjet.com\/fr\/wp-json\/wp\/v2\/media?parent=86277"}],"curies":[{"name":"wp","href":"https:\/\/api.w.org\/{rel}","templated":true}]}}