{"id":49266,"date":"2020-11-24T10:11:38","date_gmt":"2020-11-24T15:11:38","guid":{"rendered":"https:\/\/www.coldjet.com\/production-de-glace-carbonique\/applications\/medical-and-pharmaceutical-shipment-cooling\/"},"modified":"2025-10-13T18:40:52","modified_gmt":"2025-10-13T22:40:52","slug":"refrigeration-distribution-medicaux-et-pharmaceutique","status":"publish","type":"page","link":"https:\/\/www.coldjet.com\/fr\/production-de-glace-carbonique\/applications\/refrigeration-distribution-medicaux-et-pharmaceutique\/","title":{"rendered":"R\u00e9frig\u00e9ration et distribution des produits m\u00e9dicaux et pharmaceutiques"},"content":{"rendered":"","protected":false},"excerpt":{"rendered":"","protected":false},"author":3,"featured_media":0,"parent":21754,"menu_order":4,"comment_status":"closed","ping_status":"closed","template":"","meta":{"_acf_changed":false,"footnotes":""},"class_list":["post-49266","page","type-page","status-publish","hentry"],"acf":[],"_links":{"self":[{"href":"https:\/\/www.coldjet.com\/fr\/wp-json\/wp\/v2\/pages\/49266","targetHints":{"allow":["GET"]}}],"collection":[{"href":"https:\/\/www.coldjet.com\/fr\/wp-json\/wp\/v2\/pages"}],"about":[{"href":"https:\/\/www.coldjet.com\/fr\/wp-json\/wp\/v2\/types\/page"}],"author":[{"embeddable":true,"href":"https:\/\/www.coldjet.com\/fr\/wp-json\/wp\/v2\/users\/3"}],"replies":[{"embeddable":true,"href":"https:\/\/www.coldjet.com\/fr\/wp-json\/wp\/v2\/comments?post=49266"}],"version-history":[{"count":0,"href":"https:\/\/www.coldjet.com\/fr\/wp-json\/wp\/v2\/pages\/49266\/revisions"}],"up":[{"embeddable":true,"href":"https:\/\/www.coldjet.com\/fr\/wp-json\/wp\/v2\/pages\/21754"}],"wp:attachment":[{"href":"https:\/\/www.coldjet.com\/fr\/wp-json\/wp\/v2\/media?parent=49266"}],"curies":[{"name":"wp","href":"https:\/\/api.w.org\/{rel}","templated":true}]}}