{"id":21760,"date":"2019-06-10T17:27:01","date_gmt":"2019-06-10T21:27:01","guid":{"rendered":"http:\/\/coldjetprod.wpengine.com\/legal\/"},"modified":"2025-10-13T18:38:31","modified_gmt":"2025-10-13T22:38:31","slug":"juridique","status":"publish","type":"page","link":"https:\/\/www.coldjet.com\/fr\/juridique\/","title":{"rendered":"Juridique"},"content":{"rendered":"","protected":false},"excerpt":{"rendered":"","protected":false},"author":3,"featured_media":0,"parent":0,"menu_order":39,"comment_status":"closed","ping_status":"closed","template":"","meta":{"_acf_changed":false,"footnotes":""},"class_list":["post-21760","page","type-page","status-publish","hentry"],"acf":[],"acf_processed":{"show_breadcrumbs":true,"page_content":[{"acf_fc_layout":"general_content","content":"<h2>Mentions l\u00e9gales<\/h2>\n<h3>G\u00e9n\u00e9ralit\u00e9s<\/h3>\n<p>Les informations contenues dans ce site internet, y compris le texte, les sp\u00e9cifications, les num\u00e9ros de pi\u00e8ces, les images et les liens, sont fournies \u00e0 titre de r\u00e9f\u00e9rence uniquement par Cold Jet pour la facilit\u00e9 de ses clients, sans garantie d&rsquo;aucune sorte, expresse ou implicite, y compris, mais sans s&rsquo;y limiter, les garanties implicites de qualit\u00e9 marchande, les param\u00e8tres ou r\u00e9sultats de fonctionnement pour le client, ou l&rsquo;ad\u00e9quation \u00e0 une application particuli\u00e8re.<\/p>\n<p>Cold Jet LLC n&rsquo;assume aucune responsabilit\u00e9 pour les erreurs ou les omissions dans ce site Web ou dans d&rsquo;autres documents qui sont r\u00e9f\u00e9renc\u00e9s ou li\u00e9s \u00e0 ce site Web. Ce site Web peut contenir des inexactitudes techniques ou autres, et tous les produits ou services qui y sont r\u00e9f\u00e9renc\u00e9s ne sont pas disponibles dans toutes les r\u00e9gions. Des modifications sont ajout\u00e9es p\u00e9riodiquement \u00e0 ces informations, et Cold Jet peut modifier les produits ou services d\u00e9crits ici \u00e0 tout moment. Pour obtenir les informations les plus r\u00e9centes, contactez votre repr\u00e9sentant Cold Jet.<\/p>\n<h3>Sp\u00e9cifications du produit et utilisation<\/h3>\n<p>Toutes les sp\u00e9cifications des produits pr\u00e9sent\u00e9es dans ce document font r\u00e9f\u00e9rence \u00e0 des \u00ab\u00a0capacit\u00e9s nominales\/de conception\u00a0\u00bb et n&rsquo;impliquent ni ne garantissent qu&rsquo;il s&rsquo;agit de sp\u00e9cifications de fonctionnement finales, qui peuvent varier en fonction des configurations, des param\u00e8tres de fonctionnement et des installations du client. Les sp\u00e9cifications et descriptions de produits pr\u00e9sent\u00e9es ne constituent pas des informations compl\u00e8tes permettant au client d&rsquo;utiliser l&rsquo;\u00e9quipement de mani\u00e8re appropri\u00e9e. Les images de produits pr\u00e9sent\u00e9es sont uniquement \u00e0 des fins de repr\u00e9sentation et les produits peuvent varier par rapport aux images affich\u00e9es. Cold Jet exp\u00e9die toujours la derni\u00e8re version de chaque produit et pi\u00e8ce.<\/p>\n<h3>Applications\/R\u00e9sultats\/T\u00e9moignages<\/h3>\n<p>Toutes les revendications, applications, r\u00e9sultats et t\u00e9moignages de produits repr\u00e9sent\u00e9s dans ce document sont exacts dans les conditions au moment de la performance, ou tels qu&rsquo;ils ont \u00e9t\u00e9 rapport\u00e9s \u00e0 Cold Jet par les parties r\u00e9f\u00e9renc\u00e9es, et ne garantissent pas les r\u00e9sultats ou l&rsquo;ad\u00e9quation des applications dans toutes les conditions de fonctionnement. Veuillez discuter de toutes les applications pr\u00e9vues avec votre repr\u00e9sentant Cold Jet.<\/p>\n","margin_top":"margin-top--none","margin_bottom":"margin-bottom--xxl","padding_top":"padding-top--none","padding_bottom":"padding-bottom--none","heading_type":"div","container_max_width":"container--sm"}],"is_restricted":false},"seo":{"title":"Mentions l\u00e9gales et conditions d\u2019utilisation | Cold Jet","description":"Cold Jet vous offre des syst\u00e8mes de production de glace carbonique durables et performants, pour une efficacit\u00e9 maximale et une empreinte r\u00e9duite.","canonical":"https:\/\/www.coldjet.com\/fr\/juridique\/","robots":{"noindex":false,"nofollow":false,"directives":["index","follow","max-image-preview:large","max-snippet:-1","max-video-preview:-1"],"raw":"index, follow, max-image-preview:large, max-snippet:-1, max-video-preview:-1"},"og":{"title":"Mentions l\u00e9gales et conditions d\u2019utilisation | Cold Jet","description":"Cold Jet vous offre des syst\u00e8mes de production de glace carbonique durables et performants, pour une efficacit\u00e9 maximale et une empreinte r\u00e9duite.","image":"","image_id":null,"type":"article","url":"https:\/\/www.coldjet.com\/fr\/juridique\/","locale":"fr_FR","site_name":"Cold Jet","article_modified":"2025-10-13 22:38:31+00:00","article_published":"2019-06-10 21:27:01+00:00"},"twitter":{"card":"summary_large_image","title":"Mentions l\u00e9gales et conditions d\u2019utilisation | Cold Jet","description":"Cold Jet vous offre des syst\u00e8mes de production de glace carbonique durables et performants, pour une efficacit\u00e9 maximale et une empreinte r\u00e9duite.","image":"","image_id":null,"creator":"","site":""},"hreflang":[{"lang":"en-US","url":"https:\/\/www.coldjet.com\/legal\/","lang_code":"en","locale":"en_US","is_default":true},{"lang":"nl-NL","url":"https:\/\/www.coldjet.com\/nl\/wettelijk\/","lang_code":"nl","locale":"nl_NL"},{"lang":"fr-FR","url":"https:\/\/www.coldjet.com\/fr\/juridique\/","lang_code":"fr","locale":"fr_FR"},{"lang":"de-DE","url":"https:\/\/www.coldjet.com\/de\/rechtliche-hinweise\/","lang_code":"de","locale":"de_DE"},{"lang":"it-IT","url":"https:\/\/www.coldjet.com\/it\/legale\/","lang_code":"it","locale":"it_IT"},{"lang":"ja","url":"https:\/\/www.coldjet.com\/ja\/%e6%b3%95%e5%be%8b\/","lang_code":"ja","locale":"ja"},{"lang":"pl-PL","url":"https:\/\/www.coldjet.com\/pl\/informacje-prawne\/","lang_code":"pl","locale":"pl_PL"},{"lang":"pt-BR","url":"https:\/\/www.coldjet.com\/pt-br\/legal\/","lang_code":"pt-br","locale":"pt_BR"},{"lang":"es-ES","url":"https:\/\/www.coldjet.com\/es\/legal\/","lang_code":"es","locale":"es_ES"},{"lang":"x-default","url":"https:\/\/www.coldjet.com\/legal\/","lang_code":"en"}],"schema":{"@context":"https:\/\/schema.org","@graph":[{"@type":"WebPage","@id":"https:\/\/www.coldjet.com\/fr\/juridique\/","url":"https:\/\/www.coldjet.com\/fr\/juridique\/","name":"Mentions l\u00e9gales et conditions d\u2019utilisation | Cold Jet","isPartOf":{"@id":"https:\/\/www.coldjet.com\/fr\/#website"},"datePublished":"2019-06-10T21:27:01+00:00","dateModified":"2025-10-13T22:38:31+00:00","description":"Cold Jet vous offre des syst\u00e8mes de production de glace carbonique durables et performants, pour une efficacit\u00e9 maximale et une empreinte r\u00e9duite.","breadcrumb":{"@id":"https:\/\/www.coldjet.com\/fr\/juridique\/#breadcrumb"},"inLanguage":"fr-FR","potentialAction":[{"@type":"ReadAction","target":["https:\/\/www.coldjet.com\/fr\/juridique\/"]}]},{"@type":"BreadcrumbList","@id":"https:\/\/www.coldjet.com\/fr\/juridique\/#breadcrumb","itemListElement":[{"@type":"ListItem","position":1,"name":"Home","item":"https:\/\/www.coldjet.com\/fr\/"},{"@type":"ListItem","position":2,"name":"Juridique"}]},{"@type":"WebSite","@id":"https:\/\/www.coldjet.com\/fr\/#website","url":"https:\/\/www.coldjet.com\/fr\/","name":"Cold Jet","description":"Dry Ice Blasting Equipment and Machines by Cold Jet","publisher":{"@id":"https:\/\/www.coldjet.com\/fr\/#organization"},"potentialAction":[{"@type":"SearchAction","target":{"@type":"EntryPoint","urlTemplate":"https:\/\/www.coldjet.com\/fr\/?s={search_term_string}"},"query-input":{"@type":"PropertyValueSpecification","valueRequired":true,"valueName":"search_term_string"}}],"inLanguage":"fr-FR"},{"@type":"Organization","@id":"https:\/\/www.coldjet.com\/fr\/#organization","name":"Cold Jet","url":"https:\/\/www.coldjet.com\/fr\/","logo":{"@type":"ImageObject","inLanguage":"fr-FR","@id":"https:\/\/www.coldjet.com\/fr\/#\/schema\/logo\/image\/","url":"https:\/\/www.coldjet.com\/wp-content\/uploads\/blue-tagline_transparent.png","contentUrl":"https:\/\/www.coldjet.com\/wp-content\/uploads\/blue-tagline_transparent.png","width":957,"height":237,"caption":"Cold Jet"},"image":{"@id":"https:\/\/www.coldjet.com\/fr\/#\/schema\/logo\/image\/"}}]},"breadcrumb_title":"","focus_keyphrase":"","seo_score":null,"readability_score":30,"is_cornerstone":false,"plugin":"yoast","plugin_version":"26.3"},"_links":{"self":[{"href":"https:\/\/www.coldjet.com\/fr\/wp-json\/wp\/v2\/pages\/21760","targetHints":{"allow":["GET"]}}],"collection":[{"href":"https:\/\/www.coldjet.com\/fr\/wp-json\/wp\/v2\/pages"}],"about":[{"href":"https:\/\/www.coldjet.com\/fr\/wp-json\/wp\/v2\/types\/page"}],"author":[{"embeddable":true,"href":"https:\/\/www.coldjet.com\/fr\/wp-json\/wp\/v2\/users\/3"}],"replies":[{"embeddable":true,"href":"https:\/\/www.coldjet.com\/fr\/wp-json\/wp\/v2\/comments?post=21760"}],"version-history":[{"count":0,"href":"https:\/\/www.coldjet.com\/fr\/wp-json\/wp\/v2\/pages\/21760\/revisions"}],"wp:attachment":[{"href":"https:\/\/www.coldjet.com\/fr\/wp-json\/wp\/v2\/media?parent=21760"}],"curies":[{"name":"wp","href":"https:\/\/api.w.org\/{rel}","templated":true}]}}