{"id":21754,"date":"2019-07-03T15:28:53","date_gmt":"2019-07-03T19:28:53","guid":{"rendered":"http:\/\/coldjetprod.wpengine.com\/production-de-glace-seche\/applications\/"},"modified":"2024-12-16T11:13:18","modified_gmt":"2024-12-16T16:13:18","slug":"applications","status":"publish","type":"page","link":"https:\/\/www.coldjet.com\/fr\/production-de-glace-carbonique\/applications\/","title":{"rendered":"Applications"},"content":{"rendered":"","protected":false},"excerpt":{"rendered":"","protected":false},"author":3,"featured_media":0,"parent":21740,"menu_order":0,"comment_status":"closed","ping_status":"closed","template":"","meta":{"_acf_changed":false,"footnotes":""},"class_list":["post-21754","page","type-page","status-publish","hentry"],"acf":[],"acf_processed":{"show_breadcrumbs":true,"page_content":[{"acf_fc_layout":"billboard","content":"<h1 class=\"g-h-kicker color--secondary\">APPLICATIONS<\/h1>\n<h2 class=\"color--white text--xxxl text-shadow-heavy balance-text\">Production de glace carbonique de la plus haute qualit\u00e9 pour votre secteur d&rsquo;activit\u00e9<\/h2>\n","content_width":"xs","background_photos":{"first":{"ID":"https:\/\/www.coldjet.com\/wp-content\/uploads\/DRYICEPRODUCTION_APPLICATIONS_COLDCHAINMANAGEMENT-13-1.jpg","id":"https:\/\/www.coldjet.com\/wp-content\/uploads\/DRYICEPRODUCTION_APPLICATIONS_COLDCHAINMANAGEMENT-13-1.jpg","title":"DRYICEPRODUCTION_APPLICATIONS_COLDCHAINMANAGEMENT (13) (1)","filename":"DRYICEPRODUCTION_APPLICATIONS_COLDCHAINMANAGEMENT-13-1.jpg","filesize":69970,"url":"https:\/\/www.coldjet.com\/wp-content\/uploads\/DRYICEPRODUCTION_APPLICATIONS_COLDCHAINMANAGEMENT-13-1.jpg","link":"https:\/\/www.coldjet.com\/fr\/production-de-glace-carbonique\/applications\/dryiceproduction_applications_coldchainmanagement-13-1-2\/","alt":"applications de production de glace carbonique","author":"4","description":"","caption":"012","name":"dryiceproduction_applications_coldchainmanagement-13-1-2","status":"inherit","uploaded_to":21754,"date":"2019-07-06 19:31:27","modified":"2019-08-16 15:20:49","menu_order":0,"mime_type":"image\/jpeg","type":"image","subtype":"jpeg","icon":"https:\/\/www.coldjet.com\/wp-includes\/images\/media\/default.png","width":"https:\/\/www.coldjet.com\/wp-content\/uploads\/2019\/06\/silgan.png","height":"https:\/\/www.coldjet.com\/wp-content\/uploads\/2019\/06\/frito-lay.png","sizes":{"thumbnail":"https:\/\/www.coldjet.com\/wp-content\/uploads\/DRYICEPRODUCTION_APPLICATIONS_COLDCHAINMANAGEMENT-13-1-150x150.jpg","thumbnail-width":150,"thumbnail-height":150,"medium":"https:\/\/www.coldjet.com\/wp-content\/uploads\/DRYICEPRODUCTION_APPLICATIONS_COLDCHAINMANAGEMENT-13-1-300x240.jpg","medium-width":"https:\/\/www.coldjet.com\/wp-content\/uploads\/2019\/06\/DRY-ICE-BLASTING.png","medium-height":"https:\/\/www.coldjet.com\/wp-content\/uploads\/2019\/06\/dry-ice-blasting-composites.jpg","medium_large":"https:\/\/www.coldjet.com\/wp-content\/uploads\/DRYICEPRODUCTION_APPLICATIONS_COLDCHAINMANAGEMENT-13-1-768x613.jpg","medium_large-width":"https:\/\/www.coldjet.com\/wp-content\/uploads\/2019\/06\/red-d-arc.png","medium_large-height":"https:\/\/www.coldjet.com\/wp-content\/uploads\/2019\/06\/apple.png","large":"https:\/\/www.coldjet.com\/wp-content\/uploads\/DRYICEPRODUCTION_APPLICATIONS_COLDCHAINMANAGEMENT-13-1.jpg","large-width":"https:\/\/www.coldjet.com\/wp-content\/uploads\/2019\/06\/silgan.png","large-height":"https:\/\/www.coldjet.com\/wp-content\/uploads\/2019\/06\/frito-lay.png","1536x1536":"https:\/\/www.coldjet.com\/wp-content\/uploads\/DRYICEPRODUCTION_APPLICATIONS_COLDCHAINMANAGEMENT-13-1.jpg","1536x1536-width":"https:\/\/www.coldjet.com\/wp-content\/uploads\/2019\/06\/silgan.png","1536x1536-height":"https:\/\/www.coldjet.com\/wp-content\/uploads\/2019\/06\/frito-lay.png","2048x2048":"https:\/\/www.coldjet.com\/wp-content\/uploads\/DRYICEPRODUCTION_APPLICATIONS_COLDCHAINMANAGEMENT-13-1.jpg","2048x2048-width":"https:\/\/www.coldjet.com\/wp-content\/uploads\/2019\/06\/silgan.png","2048x2048-height":"https:\/\/www.coldjet.com\/wp-content\/uploads\/2019\/06\/frito-lay.png","gallery-slider":"https:\/\/www.coldjet.com\/wp-content\/uploads\/DRYICEPRODUCTION_APPLICATIONS_COLDCHAINMANAGEMENT-13-1-800x450.jpg","gallery-slider-width":"https:\/\/www.coldjet.com\/wp-content\/uploads\/2019\/06\/silgan.png","gallery-slider-height":"https:\/\/www.coldjet.com\/wp-content\/uploads\/2019\/06\/DRY-ICE-BLASTING-SYSTEMS-1.png","square-500":"https:\/\/www.coldjet.com\/wp-content\/uploads\/DRYICEPRODUCTION_APPLICATIONS_COLDCHAINMANAGEMENT-13-1-500x500.jpg","square-500-width":"https:\/\/www.coldjet.com\/wp-content\/uploads\/2019\/06\/we-are-cold-jet-bg.jpg","square-500-height":"https:\/\/www.coldjet.com\/wp-content\/uploads\/2019\/06\/we-are-cold-jet-bg.jpg","square-700":"https:\/\/www.coldjet.com\/wp-content\/uploads\/DRYICEPRODUCTION_APPLICATIONS_COLDCHAINMANAGEMENT-13-1-700x639.jpg","square-700-width":"https:\/\/www.coldjet.com\/wp-content\/uploads\/2019\/06\/honeywell.png","square-700-height":"https:\/\/www.coldjet.com\/wp-content\/uploads\/2019\/06\/frito-lay.png","square-150":"https:\/\/www.coldjet.com\/wp-content\/uploads\/DRYICEPRODUCTION_APPLICATIONS_COLDCHAINMANAGEMENT-13-1-150x150.jpg","square-150-width":150,"square-150-height":150,"large-1000":"https:\/\/www.coldjet.com\/wp-content\/uploads\/DRYICEPRODUCTION_APPLICATIONS_COLDCHAINMANAGEMENT-13-1.jpg","large-1000-width":"https:\/\/www.coldjet.com\/wp-content\/uploads\/2019\/06\/silgan.png","large-1000-height":"https:\/\/www.coldjet.com\/wp-content\/uploads\/2019\/06\/frito-lay.png","large-2000":"https:\/\/www.coldjet.com\/wp-content\/uploads\/DRYICEPRODUCTION_APPLICATIONS_COLDCHAINMANAGEMENT-13-1.jpg","large-2000-width":"https:\/\/www.coldjet.com\/wp-content\/uploads\/2019\/06\/silgan.png","large-2000-height":"https:\/\/www.coldjet.com\/wp-content\/uploads\/2019\/06\/frito-lay.png","large-500":"https:\/\/www.coldjet.com\/wp-content\/uploads\/DRYICEPRODUCTION_APPLICATIONS_COLDCHAINMANAGEMENT-13-1-500x399.jpg","large-500-width":"https:\/\/www.coldjet.com\/wp-content\/uploads\/2019\/06\/we-are-cold-jet-bg.jpg","large-500-height":"https:\/\/www.coldjet.com\/wp-content\/uploads\/2019\/06\/DRY-ICE-PRODUCTION.jpg","large-500-300":"https:\/\/www.coldjet.com\/wp-content\/uploads\/DRYICEPRODUCTION_APPLICATIONS_COLDCHAINMANAGEMENT-13-1-500x300.jpg","large-500-300-width":"https:\/\/www.coldjet.com\/wp-content\/uploads\/2019\/06\/we-are-cold-jet-bg.jpg","large-500-300-height":"https:\/\/www.coldjet.com\/wp-content\/uploads\/2019\/06\/DRY-ICE-BLASTING.png"}},"second":{"ID":"https:\/\/www.coldjet.com\/wp-content\/uploads\/DRYICEPRODUCTION_APPLICATIONS_COLDCHAINMANAGEMENT-15-1.jpg","id":"https:\/\/www.coldjet.com\/wp-content\/uploads\/DRYICEPRODUCTION_APPLICATIONS_COLDCHAINMANAGEMENT-15-1.jpg","title":"DRYICEPRODUCTION_APPLICATIONS_COLDCHAINMANAGEMENT (15)","filename":"DRYICEPRODUCTION_APPLICATIONS_COLDCHAINMANAGEMENT-15-1.jpg","filesize":60692,"url":"https:\/\/www.coldjet.com\/wp-content\/uploads\/DRYICEPRODUCTION_APPLICATIONS_COLDCHAINMANAGEMENT-15-1.jpg","link":"https:\/\/www.coldjet.com\/fr\/production-de-glace-carbonique\/applications\/dryiceproduction_applications_coldchainmanagement-15-2-2\/","alt":"applications de production de glace carbonique","author":"4","description":"","caption":"012","name":"dryiceproduction_applications_coldchainmanagement-15-2-2","status":"inherit","uploaded_to":21754,"date":"2019-07-06 19:34:04","modified":"2019-08-16 15:16:15","menu_order":0,"mime_type":"image\/jpeg","type":"image","subtype":"jpeg","icon":"https:\/\/www.coldjet.com\/wp-includes\/images\/media\/default.png","width":"https:\/\/www.coldjet.com\/wp-content\/uploads\/2019\/06\/silgan.png","height":"https:\/\/www.coldjet.com\/wp-content\/uploads\/2019\/06\/IMG_0224.jpg","sizes":{"thumbnail":"https:\/\/www.coldjet.com\/wp-content\/uploads\/DRYICEPRODUCTION_APPLICATIONS_COLDCHAINMANAGEMENT-15-1-150x150.jpg","thumbnail-width":150,"thumbnail-height":150,"medium":"https:\/\/www.coldjet.com\/wp-content\/uploads\/DRYICEPRODUCTION_APPLICATIONS_COLDCHAINMANAGEMENT-15-1-300x206.jpg","medium-width":"https:\/\/www.coldjet.com\/wp-content\/uploads\/2019\/06\/DRY-ICE-BLASTING.png","medium-height":206,"medium_large":"https:\/\/www.coldjet.com\/wp-content\/uploads\/DRYICEPRODUCTION_APPLICATIONS_COLDCHAINMANAGEMENT-15-1-768x527.jpg","medium_large-width":"https:\/\/www.coldjet.com\/wp-content\/uploads\/2019\/06\/red-d-arc.png","medium_large-height":"https:\/\/www.coldjet.com\/wp-content\/uploads\/2019\/06\/27.-Matprodusent-12-kjede-og-drev-filter.jpg","large":"https:\/\/www.coldjet.com\/wp-content\/uploads\/DRYICEPRODUCTION_APPLICATIONS_COLDCHAINMANAGEMENT-15-1.jpg","large-width":"https:\/\/www.coldjet.com\/wp-content\/uploads\/2019\/06\/silgan.png","large-height":"https:\/\/www.coldjet.com\/wp-content\/uploads\/2019\/06\/IMG_0224.jpg","1536x1536":"https:\/\/www.coldjet.com\/wp-content\/uploads\/DRYICEPRODUCTION_APPLICATIONS_COLDCHAINMANAGEMENT-15-1.jpg","1536x1536-width":"https:\/\/www.coldjet.com\/wp-content\/uploads\/2019\/06\/silgan.png","1536x1536-height":"https:\/\/www.coldjet.com\/wp-content\/uploads\/2019\/06\/IMG_0224.jpg","2048x2048":"https:\/\/www.coldjet.com\/wp-content\/uploads\/DRYICEPRODUCTION_APPLICATIONS_COLDCHAINMANAGEMENT-15-1.jpg","2048x2048-width":"https:\/\/www.coldjet.com\/wp-content\/uploads\/2019\/06\/silgan.png","2048x2048-height":"https:\/\/www.coldjet.com\/wp-content\/uploads\/2019\/06\/IMG_0224.jpg","gallery-slider":"https:\/\/www.coldjet.com\/wp-content\/uploads\/DRYICEPRODUCTION_APPLICATIONS_COLDCHAINMANAGEMENT-15-1-800x450.jpg","gallery-slider-width":"https:\/\/www.coldjet.com\/wp-content\/uploads\/2019\/06\/silgan.png","gallery-slider-height":"https:\/\/www.coldjet.com\/wp-content\/uploads\/2019\/06\/DRY-ICE-BLASTING-SYSTEMS-1.png","square-500":"https:\/\/www.coldjet.com\/wp-content\/uploads\/DRYICEPRODUCTION_APPLICATIONS_COLDCHAINMANAGEMENT-15-1-500x500.jpg","square-500-width":"https:\/\/www.coldjet.com\/wp-content\/uploads\/2019\/06\/we-are-cold-jet-bg.jpg","square-500-height":"https:\/\/www.coldjet.com\/wp-content\/uploads\/2019\/06\/we-are-cold-jet-bg.jpg","square-700":"https:\/\/www.coldjet.com\/wp-content\/uploads\/DRYICEPRODUCTION_APPLICATIONS_COLDCHAINMANAGEMENT-15-1-700x549.jpg","square-700-width":"https:\/\/www.coldjet.com\/wp-content\/uploads\/2019\/06\/honeywell.png","square-700-height":"https:\/\/www.coldjet.com\/wp-content\/uploads\/2019\/06\/IMG_0224.jpg","square-150":"https:\/\/www.coldjet.com\/wp-content\/uploads\/DRYICEPRODUCTION_APPLICATIONS_COLDCHAINMANAGEMENT-15-1-150x150.jpg","square-150-width":150,"square-150-height":150,"large-1000":"https:\/\/www.coldjet.com\/wp-content\/uploads\/DRYICEPRODUCTION_APPLICATIONS_COLDCHAINMANAGEMENT-15-1.jpg","large-1000-width":"https:\/\/www.coldjet.com\/wp-content\/uploads\/2019\/06\/silgan.png","large-1000-height":"https:\/\/www.coldjet.com\/wp-content\/uploads\/2019\/06\/IMG_0224.jpg","large-2000":"https:\/\/www.coldjet.com\/wp-content\/uploads\/DRYICEPRODUCTION_APPLICATIONS_COLDCHAINMANAGEMENT-15-1.jpg","large-2000-width":"https:\/\/www.coldjet.com\/wp-content\/uploads\/2019\/06\/silgan.png","large-2000-height":"https:\/\/www.coldjet.com\/wp-content\/uploads\/2019\/06\/IMG_0224.jpg","large-500":"https:\/\/www.coldjet.com\/wp-content\/uploads\/DRYICEPRODUCTION_APPLICATIONS_COLDCHAINMANAGEMENT-15-1-500x343.jpg","large-500-width":"https:\/\/www.coldjet.com\/wp-content\/uploads\/2019\/06\/we-are-cold-jet-bg.jpg","large-500-height":343,"large-500-300":"https:\/\/www.coldjet.com\/wp-content\/uploads\/DRYICEPRODUCTION_APPLICATIONS_COLDCHAINMANAGEMENT-15-1-500x300.jpg","large-500-300-width":"https:\/\/www.coldjet.com\/wp-content\/uploads\/2019\/06\/we-are-cold-jet-bg.jpg","large-500-300-height":"https:\/\/www.coldjet.com\/wp-content\/uploads\/2019\/06\/DRY-ICE-BLASTING.png"}}}},{"acf_fc_layout":"general_content","content":"<h2 class=\"balance-text\">Nos machines de production de glace carbonique de haute densit\u00e9 sont optimis\u00e9es pour toutes les applications industrielles et commerciales.<\/h2>\n<p class=\"margin-bottom--lg balance-text\">La technologie brevet\u00e9e de production de glace carbonique de Cold Jet produit non seulement la glace carbonique de la plus haute qualit\u00e9 et de la plus haute densit\u00e9 disponible sur le march\u00e9, mais offre \u00e9galement \u00e0 nos clients le co\u00fbt de propri\u00e9t\u00e9 le plus bas du march\u00e9.<\/p>\n","margin_top":"margin-top--xl","margin_bottom":"margin-bottom--xl","padding_top":"padding-top--none","padding_bottom":"padding-bottom--none","heading_type":"div","container_max_width":"container--md"},{"acf_fc_layout":"general_content","content":"<ul class=\"icon-list--columns c-list c-list--flush c-list--plain\">\n<li class=\"text--md\" style=\"text-align: left;\"><a class=\"g-link g-link--icon-text g-link--chevron\" href=\"https:\/\/www.coldjet.com\/fr\/production-de-glace-carbonique\/applications\/restauration-par-les-compagnies-aeriennes\/\">Restauration A\u00e9rienne<\/a><\/li>\n<li class=\"text--md\" style=\"text-align: left;\"><a class=\"g-link g-link--icon-text g-link--chevron\" href=\"https:\/\/www.coldjet.com\/fr\/production-de-glace-carbonique\/applications\/gestion-de-la-chaine-du-froid\/\">Gestion de la Cha\u00eene du Froid<\/a><\/li>\n<li class=\"text--md\" style=\"text-align: left;\"><a class=\"g-link g-link--icon-text g-link--chevron\" href=\"https:\/\/www.coldjet.com\/fr\/production-de-glace-carbonique\/applications\/refroidissement-pour-lindustrie-alimentaire\/\">Refroidissement pour l&rsquo;Industrie Alimentaire<\/a><\/li>\n<li class=\"text--md\" style=\"text-align: left;\"><a class=\"g-link g-link--icon-text g-link--chevron\" href=\"https:\/\/www.coldjet.com\/fr\/production-de-glace-carbonique\/applications\/production-pour-le-nettoyage-cryogenique\/\">Production pour le Nettoyage Cryog\u00e9nique<\/a><\/li>\n<li class=\"text--md\" style=\"text-align: left;\"><a class=\"g-link g-link--icon-text g-link--chevron\" href=\"https:\/\/www.coldjet.com\/fr\/production-de-glace-carbonique\/applications\/production-pour-la-revente\/\">Production pour la Revente<\/a><\/li>\n<li class=\"text--md\" style=\"text-align: left;\"><a class=\"g-link g-link--icon-text g-link--chevron\" href=\"https:\/\/www.coldjet.com\/fr\/production-de-glace-carbonique\/applications\/refrigeration-distribution-medicaux-et-pharmaceutique\/\">R\u00e9frig\u00e9ration et Distribution des produits M\u00e9dicaux et Pharmaceutiques <\/a><\/li>\n<li class=\"text--md\" style=\"text-align: left;\"><a class=\"g-link g-link--icon-text g-link--chevron\" href=\"https:\/\/www.coldjet.com\/fr\/production-de-glace-carbonique\/applications\/production-a-distance\/\">Production \u00e0 Distance<\/a><\/li>\n<\/ul>\n","margin_top":"margin-top--xl","margin_bottom":"margin-bottom--xl","padding_top":"padding-top--none","padding_bottom":"padding-bottom--none","heading_type":"div","container_max_width":"container--md"},{"acf_fc_layout":"cta_form","content":"<h2 class=\"g-h-kicker color--secondary\">Nous sommes l\u00e0 pour vous aider.<\/h2>\n<h3 class=\"text--xxxl color--white\">Int\u00e9ress\u00e9, mais vous ne savez pas par o\u00f9 commencer?<\/h3>\n<p class=\"text--md color--white\">Contactez-nous d\u00e8s aujourd&rsquo;hui pour en savoir plus sur le nettoyage cryog\u00e9nique pour votre application ou industrie sp\u00e9cifique.<\/p>\n","hubspot_form":"","contact_phone":"","contact_pageurl":"","contact_mail":"","hubspot_download_form":"","form":"12","background_photo":{"ID":"https:\/\/www.coldjet.com\/wp-content\/uploads\/stock-photo-the-roar-190017449-1.jpg","id":"https:\/\/www.coldjet.com\/wp-content\/uploads\/stock-photo-the-roar-190017449-1.jpg","title":"500px Photo ID: 190017449 - Roaring polar bear.Zoo shot with a pocket camera.","filename":"stock-photo-the-roar-190017449-1.jpg","filesize":21695,"url":"https:\/\/www.coldjet.com\/wp-content\/uploads\/stock-photo-the-roar-190017449-1.jpg","link":"https:\/\/www.coldjet.com\/fr\/nettoyage-cryogenique\/secteurs-dactivite\/aerospatiale-et-aviation\/500px-photo-id-190017449-roaring-polar-bear-zoo-shot-with-a-pocket-camera-3-2\/","alt":"cold jet","author":"5","description":"","caption":"","name":"500px-photo-id-190017449-roaring-polar-bear-zoo-shot-with-a-pocket-camera-3-2","status":"inherit","uploaded_to":21700,"date":"2019-07-05 15:42:09","modified":"2019-08-05 13:06:47","menu_order":0,"mime_type":"image\/jpeg","type":"image","subtype":"jpeg","icon":"https:\/\/www.coldjet.com\/wp-includes\/images\/media\/default.png","width":"https:\/\/www.coldjet.com\/wp-content\/uploads\/2019\/06\/switzerland.png","height":"https:\/\/www.coldjet.com\/wp-content\/uploads\/2019\/06\/offgas-after.png","sizes":{"thumbnail":"https:\/\/www.coldjet.com\/wp-content\/uploads\/stock-photo-the-roar-190017449-1-150x150.jpg","thumbnail-width":150,"thumbnail-height":150,"medium":"https:\/\/www.coldjet.com\/wp-content\/uploads\/stock-photo-the-roar-190017449-1-240x300.jpg","medium-width":"https:\/\/www.coldjet.com\/wp-content\/uploads\/2019\/06\/dry-ice-blasting-composites.jpg","medium-height":"https:\/\/www.coldjet.com\/wp-content\/uploads\/2019\/06\/DRY-ICE-BLASTING.png","medium_large":"https:\/\/www.coldjet.com\/wp-content\/uploads\/stock-photo-the-roar-190017449-1-768x960.jpg","medium_large-width":"https:\/\/www.coldjet.com\/wp-content\/uploads\/2019\/06\/red-d-arc.png","medium_large-height":"https:\/\/www.coldjet.com\/wp-content\/uploads\/2019\/06\/germany.png","large":"https:\/\/www.coldjet.com\/wp-content\/uploads\/stock-photo-the-roar-190017449-1-819x1024.jpg","large-width":819,"large-height":"https:\/\/www.coldjet.com\/wp-content\/uploads\/2019\/06\/thailand.png","1536x1536":"https:\/\/www.coldjet.com\/wp-content\/uploads\/stock-photo-the-roar-190017449-1.jpg","1536x1536-width":"https:\/\/www.coldjet.com\/wp-content\/uploads\/2019\/06\/switzerland.png","1536x1536-height":"https:\/\/www.coldjet.com\/wp-content\/uploads\/2019\/06\/offgas-after.png","2048x2048":"https:\/\/www.coldjet.com\/wp-content\/uploads\/stock-photo-the-roar-190017449-1.jpg","2048x2048-width":"https:\/\/www.coldjet.com\/wp-content\/uploads\/2019\/06\/switzerland.png","2048x2048-height":"https:\/\/www.coldjet.com\/wp-content\/uploads\/2019\/06\/offgas-after.png","gallery-slider":"https:\/\/www.coldjet.com\/wp-content\/uploads\/stock-photo-the-roar-190017449-1-800x450.jpg","gallery-slider-width":"https:\/\/www.coldjet.com\/wp-content\/uploads\/2019\/06\/silgan.png","gallery-slider-height":"https:\/\/www.coldjet.com\/wp-content\/uploads\/2019\/06\/DRY-ICE-BLASTING-SYSTEMS-1.png","square-500":"https:\/\/www.coldjet.com\/wp-content\/uploads\/stock-photo-the-roar-190017449-1-500x500.jpg","square-500-width":"https:\/\/www.coldjet.com\/wp-content\/uploads\/2019\/06\/we-are-cold-jet-bg.jpg","square-500-height":"https:\/\/www.coldjet.com\/wp-content\/uploads\/2019\/06\/we-are-cold-jet-bg.jpg","square-700":"https:\/\/www.coldjet.com\/wp-content\/uploads\/stock-photo-the-roar-190017449-1-700x700.jpg","square-700-width":"https:\/\/www.coldjet.com\/wp-content\/uploads\/2019\/06\/honeywell.png","square-700-height":"https:\/\/www.coldjet.com\/wp-content\/uploads\/2019\/06\/honeywell.png","square-150":"https:\/\/www.coldjet.com\/wp-content\/uploads\/stock-photo-the-roar-190017449-1-150x150.jpg","square-150-width":150,"square-150-height":150,"large-1000":"https:\/\/www.coldjet.com\/wp-content\/uploads\/stock-photo-the-roar-190017449-1-800x1000.jpg","large-1000-width":"https:\/\/www.coldjet.com\/wp-content\/uploads\/2019\/06\/silgan.png","large-1000-height":"https:\/\/www.coldjet.com\/wp-content\/uploads\/2019\/06\/mexico.png","large-2000":"https:\/\/www.coldjet.com\/wp-content\/uploads\/stock-photo-the-roar-190017449-1.jpg","large-2000-width":"https:\/\/www.coldjet.com\/wp-content\/uploads\/2019\/06\/switzerland.png","large-2000-height":"https:\/\/www.coldjet.com\/wp-content\/uploads\/2019\/06\/offgas-after.png","large-500":"https:\/\/www.coldjet.com\/wp-content\/uploads\/stock-photo-the-roar-190017449-1-500x625.jpg","large-500-width":"https:\/\/www.coldjet.com\/wp-content\/uploads\/2019\/06\/we-are-cold-jet-bg.jpg","large-500-height":"https:\/\/www.coldjet.com\/wp-content\/uploads\/2019\/06\/bayer.png","large-500-300":"https:\/\/www.coldjet.com\/wp-content\/uploads\/stock-photo-the-roar-190017449-1-500x300.jpg","large-500-300-width":"https:\/\/www.coldjet.com\/wp-content\/uploads\/2019\/06\/we-are-cold-jet-bg.jpg","large-500-300-height":"https:\/\/www.coldjet.com\/wp-content\/uploads\/2019\/06\/DRY-ICE-BLASTING.png"}},"theme":"dark","margin_top":"margin-top--none","margin_bottom":"margin-bottom--none"}],"is_restricted":false,"hide_contact_form":false},"seo":{"title":"Applications Industrielles Cryog\u00e9nie - Cold Jet","description":"La cryog\u00e9nie offre une solution efficace pour le nettoyage, la pr\u00e9paration de surface et la finition de pi\u00e8ces dans divers secteurs.","canonical":"https:\/\/www.coldjet.com\/fr\/production-de-glace-carbonique\/applications\/","robots":{"noindex":false,"nofollow":false,"directives":["index","follow","max-image-preview:large","max-snippet:-1","max-video-preview:-1"],"raw":"index, follow, max-image-preview:large, max-snippet:-1, max-video-preview:-1"},"og":{"title":"Applications Industrielles Cryog\u00e9nie - Cold Jet","description":"La cryog\u00e9nie offre une solution efficace pour le nettoyage, la pr\u00e9paration de surface et la finition de pi\u00e8ces dans divers secteurs.","image":"","image_id":null,"type":"article","url":"https:\/\/www.coldjet.com\/fr\/production-de-glace-carbonique\/applications\/","locale":"fr_FR","site_name":"Cold Jet","article_modified":"2024-12-16 16:13:18+00:00","article_published":"2019-07-03 19:28:53+00:00"},"twitter":{"card":"summary_large_image","title":"Applications Industrielles Cryog\u00e9nie - Cold Jet","description":"La cryog\u00e9nie offre une solution efficace pour le nettoyage, la pr\u00e9paration de surface et la finition de pi\u00e8ces dans divers secteurs.","image":"","image_id":null,"creator":"","site":""},"hreflang":[{"lang":"en-US","url":"https:\/\/www.coldjet.com\/dry-ice-production\/applications\/","lang_code":"en","locale":"en_US","is_default":true},{"lang":"nl-NL","url":"https:\/\/www.coldjet.com\/nl\/droogijs-productie\/toepassingen\/","lang_code":"nl","locale":"nl_NL"},{"lang":"fr-FR","url":"https:\/\/www.coldjet.com\/fr\/production-de-glace-carbonique\/applications\/","lang_code":"fr","locale":"fr_FR"},{"lang":"de-DE","url":"https:\/\/www.coldjet.com\/de\/trockeneisproduktion\/anwendungen-trockeneisproduktion\/","lang_code":"de","locale":"de_DE"},{"lang":"it-IT","url":"https:\/\/www.coldjet.com\/it\/produzione-di-ghiaccio-secco\/applicazioni\/","lang_code":"it","locale":"it_IT"},{"lang":"ja","url":"https:\/\/www.coldjet.com\/ja\/%e3%83%89%e3%83%a9%e3%82%a4%e3%82%a2%e3%82%a4%e3%82%b9%e8%a3%bd%e9%80%a0\/%e3%82%a2%e3%83%97%e3%83%aa%e3%82%b1%e3%83%bc%e3%82%b7%e3%83%a7%e3%83%b3\/","lang_code":"ja","locale":"ja"},{"lang":"pl-PL","url":"https:\/\/www.coldjet.com\/pl\/produkcja-suchego-lodu\/zastosowania\/","lang_code":"pl","locale":"pl_PL"},{"lang":"pt-BR","url":"https:\/\/www.coldjet.com\/pt-br\/producao-de-gelo-seco\/aplicacoes\/","lang_code":"pt-br","locale":"pt_BR"},{"lang":"es-ES","url":"https:\/\/www.coldjet.com\/es\/produccion-de-hielo-seco\/aplicaciones\/","lang_code":"es","locale":"es_ES"},{"lang":"x-default","url":"https:\/\/www.coldjet.com\/dry-ice-production\/applications\/","lang_code":"en"}],"schema":{"@context":"https:\/\/schema.org","@graph":[{"@type":"WebPage","@id":"https:\/\/www.coldjet.com\/fr\/production-de-glace-carbonique\/applications\/","url":"https:\/\/www.coldjet.com\/fr\/production-de-glace-carbonique\/applications\/","name":"Applications Industrielles Cryog\u00e9nie - Cold Jet","isPartOf":{"@id":"https:\/\/www.coldjet.com\/fr\/#website"},"datePublished":"2019-07-03T19:28:53+00:00","dateModified":"2024-12-16T16:13:18+00:00","description":"La cryog\u00e9nie offre une solution efficace pour le nettoyage, la pr\u00e9paration de surface et la finition de pi\u00e8ces dans divers secteurs.","breadcrumb":{"@id":"https:\/\/www.coldjet.com\/fr\/production-de-glace-carbonique\/applications\/#breadcrumb"},"inLanguage":"fr-FR","potentialAction":[{"@type":"ReadAction","target":["https:\/\/www.coldjet.com\/fr\/production-de-glace-carbonique\/applications\/"]}]},{"@type":"BreadcrumbList","@id":"https:\/\/www.coldjet.com\/fr\/production-de-glace-carbonique\/applications\/#breadcrumb","itemListElement":[{"@type":"ListItem","position":1,"name":"Home","item":"https:\/\/www.coldjet.com\/fr\/"},{"@type":"ListItem","position":2,"name":"Fabrication de glace carbonique","item":"https:\/\/www.coldjet.com\/fr\/production-de-glace-carbonique\/"},{"@type":"ListItem","position":3,"name":"Applications"}]},{"@type":"WebSite","@id":"https:\/\/www.coldjet.com\/fr\/#website","url":"https:\/\/www.coldjet.com\/fr\/","name":"Cold Jet","description":"Dry Ice Blasting Equipment and Machines by Cold Jet","publisher":{"@id":"https:\/\/www.coldjet.com\/fr\/#organization"},"potentialAction":[{"@type":"SearchAction","target":{"@type":"EntryPoint","urlTemplate":"https:\/\/www.coldjet.com\/fr\/?s={search_term_string}"},"query-input":{"@type":"PropertyValueSpecification","valueRequired":true,"valueName":"search_term_string"}}],"inLanguage":"fr-FR"},{"@type":"Organization","@id":"https:\/\/www.coldjet.com\/fr\/#organization","name":"Cold Jet","url":"https:\/\/www.coldjet.com\/fr\/","logo":{"@type":"ImageObject","inLanguage":"fr-FR","@id":"https:\/\/www.coldjet.com\/fr\/#\/schema\/logo\/image\/","url":"https:\/\/www.coldjet.com\/wp-content\/uploads\/blue-tagline_transparent.png","contentUrl":"https:\/\/www.coldjet.com\/wp-content\/uploads\/blue-tagline_transparent.png","width":957,"height":237,"caption":"Cold Jet"},"image":{"@id":"https:\/\/www.coldjet.com\/fr\/#\/schema\/logo\/image\/"}}]},"breadcrumb_title":"","focus_keyphrase":"","seo_score":null,"readability_score":90,"is_cornerstone":false,"plugin":"yoast","plugin_version":"26.3"},"_links":{"self":[{"href":"https:\/\/www.coldjet.com\/fr\/wp-json\/wp\/v2\/pages\/21754","targetHints":{"allow":["GET"]}}],"collection":[{"href":"https:\/\/www.coldjet.com\/fr\/wp-json\/wp\/v2\/pages"}],"about":[{"href":"https:\/\/www.coldjet.com\/fr\/wp-json\/wp\/v2\/types\/page"}],"author":[{"embeddable":true,"href":"https:\/\/www.coldjet.com\/fr\/wp-json\/wp\/v2\/users\/3"}],"replies":[{"embeddable":true,"href":"https:\/\/www.coldjet.com\/fr\/wp-json\/wp\/v2\/comments?post=21754"}],"version-history":[{"count":0,"href":"https:\/\/www.coldjet.com\/fr\/wp-json\/wp\/v2\/pages\/21754\/revisions"}],"up":[{"embeddable":true,"href":"https:\/\/www.coldjet.com\/fr\/wp-json\/wp\/v2\/pages\/21740"}],"wp:attachment":[{"href":"https:\/\/www.coldjet.com\/fr\/wp-json\/wp\/v2\/media?parent=21754"}],"curies":[{"name":"wp","href":"https:\/\/api.w.org\/{rel}","templated":true}]}}