{"id":21696,"date":"2019-05-14T10:12:15","date_gmt":"2019-05-14T14:12:15","guid":{"rendered":"http:\/\/coldjetprod.wpengine.com\/nettoyage-cryogenique\/industries\/"},"modified":"2025-10-13T18:40:24","modified_gmt":"2025-10-13T22:40:24","slug":"secteurs-dactivite","status":"publish","type":"page","link":"https:\/\/www.coldjet.com\/fr\/nettoyage-cryogenique\/secteurs-dactivite\/","title":{"rendered":"Secteurs d&rsquo;activit\u00e9"},"content":{"rendered":"","protected":false},"excerpt":{"rendered":"","protected":false},"author":3,"featured_media":11173,"parent":20209,"menu_order":1,"comment_status":"closed","ping_status":"closed","template":"","meta":{"_acf_changed":false,"footnotes":""},"class_list":["post-21696","page","type-page","status-publish","has-post-thumbnail","hentry"],"acf":[],"acf_processed":{"show_breadcrumbs":true,"page_content":[{"acf_fc_layout":"billboard","content":"<h1 class=\"g-h-kicker color--secondary\">Secteurs d&rsquo;activit\u00e9<\/h1>\n<h2 class=\"color--white text--xxxl text-shadow-heavy balance-text\">Des solutions pour un large \u00e9ventail de secteurs d&rsquo;activit\u00e9<\/h2>\n<p class=\"balance-text text--md color--white opacity-90\">Le nettoyage cryog\u00e9nique est une solution efficace pour de nombreuses applications dans de nombreux secteurs d&rsquo;activit\u00e9.<\/p>\n","content_width":"xs","background_photos":{"first":{"ID":"https:\/\/www.coldjet.com\/wp-content\/uploads\/DRYICEBLASTING_INDUSTRIES_LANDINGPAGE_LEFT.jpg","id":"https:\/\/www.coldjet.com\/wp-content\/uploads\/DRYICEBLASTING_INDUSTRIES_LANDINGPAGE_LEFT.jpg","title":"DRYICEBLASTING_INDUSTRIES_LANDINGPAGE_LEFT","filename":"DRYICEBLASTING_INDUSTRIES_LANDINGPAGE_LEFT.jpg","filesize":91255,"url":"https:\/\/www.coldjet.com\/wp-content\/uploads\/DRYICEBLASTING_INDUSTRIES_LANDINGPAGE_LEFT.jpg","link":"https:\/\/www.coldjet.com\/fr\/nettoyage-cryogenique\/secteurs-dactivite\/dryiceblasting_industries_landingpage_left-2\/","alt":"dry ice blasting industries","author":"5","description":"","caption":"","name":"dryiceblasting_industries_landingpage_left-2","status":"inherit","uploaded_to":21696,"date":"2019-07-06 02:15:06","modified":"2024-06-19 12:48:00","menu_order":0,"mime_type":"image\/jpeg","type":"image","subtype":"jpeg","icon":"https:\/\/www.coldjet.com\/wp-includes\/images\/media\/default.png","width":"https:\/\/www.coldjet.com\/wp-content\/uploads\/2019\/06\/mexico.png","height":"https:\/\/www.coldjet.com\/wp-content\/uploads\/2019\/06\/global-offices-2.jpg","sizes":{"thumbnail":"https:\/\/www.coldjet.com\/wp-content\/uploads\/DRYICEBLASTING_INDUSTRIES_LANDINGPAGE_LEFT-150x150.jpg","thumbnail-width":150,"thumbnail-height":150,"medium":"https:\/\/www.coldjet.com\/wp-content\/uploads\/DRYICEBLASTING_INDUSTRIES_LANDINGPAGE_LEFT-300x178.jpg","medium-width":"https:\/\/www.coldjet.com\/wp-content\/uploads\/2019\/06\/DRY-ICE-BLASTING.png","medium-height":178,"medium_large":"https:\/\/www.coldjet.com\/wp-content\/uploads\/DRYICEBLASTING_INDUSTRIES_LANDINGPAGE_LEFT-768x456.jpg","medium_large-width":"https:\/\/www.coldjet.com\/wp-content\/uploads\/2019\/06\/red-d-arc.png","medium_large-height":"https:\/\/www.coldjet.com\/wp-content\/uploads\/2019\/06\/DRY-ICE-PRODUCTION-SYSTEMS-1.png","large":"https:\/\/www.coldjet.com\/wp-content\/uploads\/DRYICEBLASTING_INDUSTRIES_LANDINGPAGE_LEFT.jpg","large-width":"https:\/\/www.coldjet.com\/wp-content\/uploads\/2019\/06\/mexico.png","large-height":"https:\/\/www.coldjet.com\/wp-content\/uploads\/2019\/06\/global-offices-2.jpg","1536x1536":"https:\/\/www.coldjet.com\/wp-content\/uploads\/DRYICEBLASTING_INDUSTRIES_LANDINGPAGE_LEFT.jpg","1536x1536-width":"https:\/\/www.coldjet.com\/wp-content\/uploads\/2019\/06\/mexico.png","1536x1536-height":"https:\/\/www.coldjet.com\/wp-content\/uploads\/2019\/06\/global-offices-2.jpg","2048x2048":"https:\/\/www.coldjet.com\/wp-content\/uploads\/DRYICEBLASTING_INDUSTRIES_LANDINGPAGE_LEFT.jpg","2048x2048-width":"https:\/\/www.coldjet.com\/wp-content\/uploads\/2019\/06\/mexico.png","2048x2048-height":"https:\/\/www.coldjet.com\/wp-content\/uploads\/2019\/06\/global-offices-2.jpg","gallery-slider":"https:\/\/www.coldjet.com\/wp-content\/uploads\/DRYICEBLASTING_INDUSTRIES_LANDINGPAGE_LEFT-800x450.jpg","gallery-slider-width":"https:\/\/www.coldjet.com\/wp-content\/uploads\/2019\/06\/silgan.png","gallery-slider-height":"https:\/\/www.coldjet.com\/wp-content\/uploads\/2019\/06\/DRY-ICE-BLASTING-SYSTEMS-1.png","square-500":"https:\/\/www.coldjet.com\/wp-content\/uploads\/DRYICEBLASTING_INDUSTRIES_LANDINGPAGE_LEFT-500x500.jpg","square-500-width":"https:\/\/www.coldjet.com\/wp-content\/uploads\/2019\/06\/we-are-cold-jet-bg.jpg","square-500-height":"https:\/\/www.coldjet.com\/wp-content\/uploads\/2019\/06\/we-are-cold-jet-bg.jpg","square-700":"https:\/\/www.coldjet.com\/wp-content\/uploads\/DRYICEBLASTING_INDUSTRIES_LANDINGPAGE_LEFT-700x594.jpg","square-700-width":"https:\/\/www.coldjet.com\/wp-content\/uploads\/2019\/06\/honeywell.png","square-700-height":"https:\/\/www.coldjet.com\/wp-content\/uploads\/2019\/06\/global-offices-2.jpg","square-150":"https:\/\/www.coldjet.com\/wp-content\/uploads\/DRYICEBLASTING_INDUSTRIES_LANDINGPAGE_LEFT-150x150.jpg","square-150-width":150,"square-150-height":150,"large-1000":"https:\/\/www.coldjet.com\/wp-content\/uploads\/DRYICEBLASTING_INDUSTRIES_LANDINGPAGE_LEFT.jpg","large-1000-width":"https:\/\/www.coldjet.com\/wp-content\/uploads\/2019\/06\/mexico.png","large-1000-height":"https:\/\/www.coldjet.com\/wp-content\/uploads\/2019\/06\/global-offices-2.jpg","large-2000":"https:\/\/www.coldjet.com\/wp-content\/uploads\/DRYICEBLASTING_INDUSTRIES_LANDINGPAGE_LEFT.jpg","large-2000-width":"https:\/\/www.coldjet.com\/wp-content\/uploads\/2019\/06\/mexico.png","large-2000-height":"https:\/\/www.coldjet.com\/wp-content\/uploads\/2019\/06\/global-offices-2.jpg","large-500":"https:\/\/www.coldjet.com\/wp-content\/uploads\/DRYICEBLASTING_INDUSTRIES_LANDINGPAGE_LEFT-500x297.jpg","large-500-width":"https:\/\/www.coldjet.com\/wp-content\/uploads\/2019\/06\/we-are-cold-jet-bg.jpg","large-500-height":"https:\/\/www.coldjet.com\/wp-content\/uploads\/2019\/06\/DRY-ICE-BLASTING.png","large-500-300":"https:\/\/www.coldjet.com\/wp-content\/uploads\/DRYICEBLASTING_INDUSTRIES_LANDINGPAGE_LEFT-500x300.jpg","large-500-300-width":"https:\/\/www.coldjet.com\/wp-content\/uploads\/2019\/06\/we-are-cold-jet-bg.jpg","large-500-300-height":"https:\/\/www.coldjet.com\/wp-content\/uploads\/2019\/06\/DRY-ICE-BLASTING.png"}},"second":{"ID":"https:\/\/www.coldjet.com\/wp-content\/uploads\/DRYICEBLASTING_INDUSTRIES_LANDINGPAGE_RIGHT-1.jpg","id":"https:\/\/www.coldjet.com\/wp-content\/uploads\/DRYICEBLASTING_INDUSTRIES_LANDINGPAGE_RIGHT-1.jpg","title":"DRYICEBLASTING_INDUSTRIES_LANDINGPAGE_RIGHT (1)","filename":"DRYICEBLASTING_INDUSTRIES_LANDINGPAGE_RIGHT-1.jpg","filesize":71007,"url":"https:\/\/www.coldjet.com\/wp-content\/uploads\/DRYICEBLASTING_INDUSTRIES_LANDINGPAGE_RIGHT-1.jpg","link":"https:\/\/www.coldjet.com\/fr\/nettoyage-cryogenique\/secteurs-dactivite\/dryiceblasting_industries_landingpage_right-1-2\/","alt":"dry ice blasting industries","author":"5","description":"","caption":"","name":"dryiceblasting_industries_landingpage_right-1-2","status":"inherit","uploaded_to":21696,"date":"2019-07-06 02:15:34","modified":"2024-06-19 12:48:48","menu_order":0,"mime_type":"image\/jpeg","type":"image","subtype":"jpeg","icon":"https:\/\/www.coldjet.com\/wp-includes\/images\/media\/default.png","width":"https:\/\/www.coldjet.com\/wp-content\/uploads\/2019\/06\/mexico.png","height":"https:\/\/www.coldjet.com\/wp-content\/uploads\/2019\/06\/we-are-cold-jet-bg-1.jpg","sizes":{"thumbnail":"https:\/\/www.coldjet.com\/wp-content\/uploads\/DRYICEBLASTING_INDUSTRIES_LANDINGPAGE_RIGHT-1-150x150.jpg","thumbnail-width":150,"thumbnail-height":150,"medium":"https:\/\/www.coldjet.com\/wp-content\/uploads\/DRYICEBLASTING_INDUSTRIES_LANDINGPAGE_RIGHT-1-300x154.jpg","medium-width":"https:\/\/www.coldjet.com\/wp-content\/uploads\/2019\/06\/DRY-ICE-BLASTING.png","medium-height":154,"medium_large":"https:\/\/www.coldjet.com\/wp-content\/uploads\/DRYICEBLASTING_INDUSTRIES_LANDINGPAGE_RIGHT-1-768x395.jpg","medium_large-width":"https:\/\/www.coldjet.com\/wp-content\/uploads\/2019\/06\/red-d-arc.png","medium_large-height":"https:\/\/www.coldjet.com\/wp-content\/uploads\/2019\/06\/DRY-ICE-BLASTING.jpg","large":"https:\/\/www.coldjet.com\/wp-content\/uploads\/DRYICEBLASTING_INDUSTRIES_LANDINGPAGE_RIGHT-1.jpg","large-width":"https:\/\/www.coldjet.com\/wp-content\/uploads\/2019\/06\/mexico.png","large-height":"https:\/\/www.coldjet.com\/wp-content\/uploads\/2019\/06\/we-are-cold-jet-bg-1.jpg","1536x1536":"https:\/\/www.coldjet.com\/wp-content\/uploads\/DRYICEBLASTING_INDUSTRIES_LANDINGPAGE_RIGHT-1.jpg","1536x1536-width":"https:\/\/www.coldjet.com\/wp-content\/uploads\/2019\/06\/mexico.png","1536x1536-height":"https:\/\/www.coldjet.com\/wp-content\/uploads\/2019\/06\/we-are-cold-jet-bg-1.jpg","2048x2048":"https:\/\/www.coldjet.com\/wp-content\/uploads\/DRYICEBLASTING_INDUSTRIES_LANDINGPAGE_RIGHT-1.jpg","2048x2048-width":"https:\/\/www.coldjet.com\/wp-content\/uploads\/2019\/06\/mexico.png","2048x2048-height":"https:\/\/www.coldjet.com\/wp-content\/uploads\/2019\/06\/we-are-cold-jet-bg-1.jpg","gallery-slider":"https:\/\/www.coldjet.com\/wp-content\/uploads\/DRYICEBLASTING_INDUSTRIES_LANDINGPAGE_RIGHT-1-800x450.jpg","gallery-slider-width":"https:\/\/www.coldjet.com\/wp-content\/uploads\/2019\/06\/silgan.png","gallery-slider-height":"https:\/\/www.coldjet.com\/wp-content\/uploads\/2019\/06\/DRY-ICE-BLASTING-SYSTEMS-1.png","square-500":"https:\/\/www.coldjet.com\/wp-content\/uploads\/DRYICEBLASTING_INDUSTRIES_LANDINGPAGE_RIGHT-1-500x500.jpg","square-500-width":"https:\/\/www.coldjet.com\/wp-content\/uploads\/2019\/06\/we-are-cold-jet-bg.jpg","square-500-height":"https:\/\/www.coldjet.com\/wp-content\/uploads\/2019\/06\/we-are-cold-jet-bg.jpg","square-700":"https:\/\/www.coldjet.com\/wp-content\/uploads\/DRYICEBLASTING_INDUSTRIES_LANDINGPAGE_RIGHT-1-700x514.jpg","square-700-width":"https:\/\/www.coldjet.com\/wp-content\/uploads\/2019\/06\/honeywell.png","square-700-height":"https:\/\/www.coldjet.com\/wp-content\/uploads\/2019\/06\/we-are-cold-jet-bg-1.jpg","square-150":"https:\/\/www.coldjet.com\/wp-content\/uploads\/DRYICEBLASTING_INDUSTRIES_LANDINGPAGE_RIGHT-1-150x150.jpg","square-150-width":150,"square-150-height":150,"large-1000":"https:\/\/www.coldjet.com\/wp-content\/uploads\/DRYICEBLASTING_INDUSTRIES_LANDINGPAGE_RIGHT-1.jpg","large-1000-width":"https:\/\/www.coldjet.com\/wp-content\/uploads\/2019\/06\/mexico.png","large-1000-height":"https:\/\/www.coldjet.com\/wp-content\/uploads\/2019\/06\/we-are-cold-jet-bg-1.jpg","large-2000":"https:\/\/www.coldjet.com\/wp-content\/uploads\/DRYICEBLASTING_INDUSTRIES_LANDINGPAGE_RIGHT-1.jpg","large-2000-width":"https:\/\/www.coldjet.com\/wp-content\/uploads\/2019\/06\/mexico.png","large-2000-height":"https:\/\/www.coldjet.com\/wp-content\/uploads\/2019\/06\/we-are-cold-jet-bg-1.jpg","large-500":"https:\/\/www.coldjet.com\/wp-content\/uploads\/DRYICEBLASTING_INDUSTRIES_LANDINGPAGE_RIGHT-1-500x257.jpg","large-500-width":"https:\/\/www.coldjet.com\/wp-content\/uploads\/2019\/06\/we-are-cold-jet-bg.jpg","large-500-height":"https:\/\/www.coldjet.com\/wp-content\/uploads\/2019\/06\/dry-ice-blasting-plastics.jpg","large-500-300":"https:\/\/www.coldjet.com\/wp-content\/uploads\/DRYICEBLASTING_INDUSTRIES_LANDINGPAGE_RIGHT-1-500x300.jpg","large-500-300-width":"https:\/\/www.coldjet.com\/wp-content\/uploads\/2019\/06\/we-are-cold-jet-bg.jpg","large-500-300-height":"https:\/\/www.coldjet.com\/wp-content\/uploads\/2019\/06\/DRY-ICE-BLASTING.png"}}}},{"acf_fc_layout":"general_content","content":"<h3 class=\"g-h-kicker color--primary-light margin-bottom--md\">Tous les secteurs:<\/h3>\n<ul class=\"icon-list--columns-3 c-list c-list--flush c-list--plain\">\n<li><a class=\"g-link g-link--icon-text g-link--chevron\" href=\"https:\/\/www.coldjet.com\/fr\/nettoyage-cryogenique\/secteurs-dactivite\/aerospatiale-et-aviation\/\">A\u00e9rospatiale &amp; Aviation<\/a><\/li>\n<li><a class=\"g-link g-link--icon-text g-link--chevron\" href=\"https:\/\/www.coldjet.com\/fr\/nettoyage-cryogenique\/secteurs-dactivite\/fabrication-automobile\/\">Automobile<\/a><\/li>\n<li><a class=\"g-link g-link--icon-text g-link--chevron\" href=\"https:\/\/www.coldjet.com\/fr\/nettoyage-cryogenique\/secteurs-dactivite\/entreprises-de-nettoyage\/\">Entreprises de nettoyage<\/a><\/li>\n<li><a class=\"g-link g-link--icon-text g-link--chevron\" href=\"https:\/\/www.coldjet.com\/fr\/nettoyage-cryogenique\/secteurs-dactivite\/industrie-du-bois\/\">Industrie du Bois<\/a><\/li>\n<li><a class=\"g-link g-link--icon-text g-link--chevron\" href=\"https:\/\/www.coldjet.com\/fr\/nettoyage-cryogenique\/secteurs-dactivite\/agroalimentaire\/\">Agroalimentaire<\/a><\/li>\n<li><a class=\"g-link g-link--icon-text g-link--chevron\" href=\"https:\/\/www.coldjet.com\/fr\/nettoyage-cryogenique\/secteurs-dactivite\/fonderie\/\">Fonderie<\/a><\/li>\n<li><a class=\"g-link g-link--icon-text g-link--chevron\" href=\"\/fr\/nettoyage-cryogenique\/secteurs-dactivite\/fabrication-de-dispositifs-medicaux\/\">Fabrication de Dispositifs M\u00e9dicaux<\/a><\/li>\n<li><a class=\"g-link g-link--icon-text g-link--chevron\" href=\"https:\/\/www.coldjet.com\/fr\/nettoyage-cryogenique\/secteurs-dactivite\/exploitation-miniere\/\">Exploitation Mini\u00e8re<\/a><\/li>\n<li><a class=\"g-link g-link--icon-text g-link--chevron\" href=\"https:\/\/www.coldjet.com\/fr\/nettoyage-cryogenique\/secteurs-dactivite\/emballage\/\">Emballage<\/a><\/li>\n<li><a class=\"g-link g-link--icon-text g-link--chevron\" href=\"\/fr\/nettoyage-cryogenique\/secteurs-dactivite\/plastics-composites\/\">Plastiques &amp; Composites<\/a><\/li>\n<li><a class=\"g-link g-link--icon-text g-link--chevron\" href=\"https:\/\/www.coldjet.com\/fr\/nettoyage-cryogenique\/secteurs-dactivite\/production-delectricite\/\">Production d&rsquo;\u00c9lectricit\u00e9<\/a><\/li>\n<li><a class=\"g-link g-link--icon-text g-link--chevron\" href=\"https:\/\/www.coldjet.com\/fr\/nettoyage-cryogenique\/secteurs-dactivite\/imprimeries\/\">Imprimeries<\/a><\/li>\n<li><a class=\"g-link g-link--icon-text g-link--chevron\" href=\"https:\/\/www.coldjet.com\/fr\/nettoyage-cryogenique\/secteurs-dactivite\/transport-en-commun\/\">Transport en Commun<\/a><\/li>\n<li><a class=\"g-link g-link--icon-text g-link--chevron\" href=\"\/fr\/nettoyage-cryogenique\/secteurs-dactivite\/restauration-et-assainissement\/\">Restauration &amp; R\u00e9novation<\/a><\/li>\n<li><a class=\"g-link g-link--icon-text g-link--chevron\" href=\"https:\/\/www.coldjet.com\/fr\/nettoyage-cryogenique\/secteurs-dactivite\/caoutchouc-et-pneus\/\">Caoutchouc &amp; Pneus<\/a><\/li>\n<li><a class=\"g-link g-link--icon-text g-link--chevron\" href=\"https:\/\/www.coldjet.com\/fr\/nettoyage-cryogenique\/secteurs-dactivite\/textiles\/\">Textile<\/a><\/li>\n<\/ul>\n","margin_top":"margin-top--xl","margin_bottom":"margin-bottom--xl","padding_top":"padding-top--none","padding_bottom":"padding-bottom--none","heading_type":"div","container_max_width":"container--md"},{"acf_fc_layout":"cta_form","content":"<h2 class=\"g-h-kicker color--secondary\">Nous sommes l\u00e0 pour vous aider<\/h2>\n<h3 class=\"text--xxxl color--white\">Int\u00e9ress\u00e9, mais vous ne savez pas par o\u00f9 commencer?<\/h3>\n<p class=\"text--md color--white\">Contactez-nous d\u00e8s aujourd&rsquo;hui pour en savoir plus sur le nettoyage cryog\u00e9nique pour votre application ou industrie sp\u00e9cifique.<\/p>\n","hubspot_form":"","contact_phone":"","contact_pageurl":"","contact_mail":"","hubspot_download_form":"","form":"12","background_photo":{"ID":"https:\/\/www.coldjet.com\/wp-content\/uploads\/stock-photo-the-roar-190017449-1.jpg","id":"https:\/\/www.coldjet.com\/wp-content\/uploads\/stock-photo-the-roar-190017449-1.jpg","title":"500px Photo ID: 190017449 - Roaring polar bear.Zoo shot with a pocket camera.","filename":"stock-photo-the-roar-190017449-1.jpg","filesize":21695,"url":"https:\/\/www.coldjet.com\/wp-content\/uploads\/stock-photo-the-roar-190017449-1.jpg","link":"https:\/\/www.coldjet.com\/fr\/nettoyage-cryogenique\/secteurs-dactivite\/aerospatiale-et-aviation\/500px-photo-id-190017449-roaring-polar-bear-zoo-shot-with-a-pocket-camera-3-2\/","alt":"cold jet","author":"5","description":"","caption":"","name":"500px-photo-id-190017449-roaring-polar-bear-zoo-shot-with-a-pocket-camera-3-2","status":"inherit","uploaded_to":21700,"date":"2019-07-05 15:42:09","modified":"2019-08-05 13:06:47","menu_order":0,"mime_type":"image\/jpeg","type":"image","subtype":"jpeg","icon":"https:\/\/www.coldjet.com\/wp-includes\/images\/media\/default.png","width":"https:\/\/www.coldjet.com\/wp-content\/uploads\/2019\/06\/switzerland.png","height":"https:\/\/www.coldjet.com\/wp-content\/uploads\/2019\/06\/offgas-after.png","sizes":{"thumbnail":"https:\/\/www.coldjet.com\/wp-content\/uploads\/stock-photo-the-roar-190017449-1-150x150.jpg","thumbnail-width":150,"thumbnail-height":150,"medium":"https:\/\/www.coldjet.com\/wp-content\/uploads\/stock-photo-the-roar-190017449-1-240x300.jpg","medium-width":"https:\/\/www.coldjet.com\/wp-content\/uploads\/2019\/06\/dry-ice-blasting-composites.jpg","medium-height":"https:\/\/www.coldjet.com\/wp-content\/uploads\/2019\/06\/DRY-ICE-BLASTING.png","medium_large":"https:\/\/www.coldjet.com\/wp-content\/uploads\/stock-photo-the-roar-190017449-1-768x960.jpg","medium_large-width":"https:\/\/www.coldjet.com\/wp-content\/uploads\/2019\/06\/red-d-arc.png","medium_large-height":"https:\/\/www.coldjet.com\/wp-content\/uploads\/2019\/06\/germany.png","large":"https:\/\/www.coldjet.com\/wp-content\/uploads\/stock-photo-the-roar-190017449-1-819x1024.jpg","large-width":819,"large-height":"https:\/\/www.coldjet.com\/wp-content\/uploads\/2019\/06\/thailand.png","1536x1536":"https:\/\/www.coldjet.com\/wp-content\/uploads\/stock-photo-the-roar-190017449-1.jpg","1536x1536-width":"https:\/\/www.coldjet.com\/wp-content\/uploads\/2019\/06\/switzerland.png","1536x1536-height":"https:\/\/www.coldjet.com\/wp-content\/uploads\/2019\/06\/offgas-after.png","2048x2048":"https:\/\/www.coldjet.com\/wp-content\/uploads\/stock-photo-the-roar-190017449-1.jpg","2048x2048-width":"https:\/\/www.coldjet.com\/wp-content\/uploads\/2019\/06\/switzerland.png","2048x2048-height":"https:\/\/www.coldjet.com\/wp-content\/uploads\/2019\/06\/offgas-after.png","gallery-slider":"https:\/\/www.coldjet.com\/wp-content\/uploads\/stock-photo-the-roar-190017449-1-800x450.jpg","gallery-slider-width":"https:\/\/www.coldjet.com\/wp-content\/uploads\/2019\/06\/silgan.png","gallery-slider-height":"https:\/\/www.coldjet.com\/wp-content\/uploads\/2019\/06\/DRY-ICE-BLASTING-SYSTEMS-1.png","square-500":"https:\/\/www.coldjet.com\/wp-content\/uploads\/stock-photo-the-roar-190017449-1-500x500.jpg","square-500-width":"https:\/\/www.coldjet.com\/wp-content\/uploads\/2019\/06\/we-are-cold-jet-bg.jpg","square-500-height":"https:\/\/www.coldjet.com\/wp-content\/uploads\/2019\/06\/we-are-cold-jet-bg.jpg","square-700":"https:\/\/www.coldjet.com\/wp-content\/uploads\/stock-photo-the-roar-190017449-1-700x700.jpg","square-700-width":"https:\/\/www.coldjet.com\/wp-content\/uploads\/2019\/06\/honeywell.png","square-700-height":"https:\/\/www.coldjet.com\/wp-content\/uploads\/2019\/06\/honeywell.png","square-150":"https:\/\/www.coldjet.com\/wp-content\/uploads\/stock-photo-the-roar-190017449-1-150x150.jpg","square-150-width":150,"square-150-height":150,"large-1000":"https:\/\/www.coldjet.com\/wp-content\/uploads\/stock-photo-the-roar-190017449-1-800x1000.jpg","large-1000-width":"https:\/\/www.coldjet.com\/wp-content\/uploads\/2019\/06\/silgan.png","large-1000-height":"https:\/\/www.coldjet.com\/wp-content\/uploads\/2019\/06\/mexico.png","large-2000":"https:\/\/www.coldjet.com\/wp-content\/uploads\/stock-photo-the-roar-190017449-1.jpg","large-2000-width":"https:\/\/www.coldjet.com\/wp-content\/uploads\/2019\/06\/switzerland.png","large-2000-height":"https:\/\/www.coldjet.com\/wp-content\/uploads\/2019\/06\/offgas-after.png","large-500":"https:\/\/www.coldjet.com\/wp-content\/uploads\/stock-photo-the-roar-190017449-1-500x625.jpg","large-500-width":"https:\/\/www.coldjet.com\/wp-content\/uploads\/2019\/06\/we-are-cold-jet-bg.jpg","large-500-height":"https:\/\/www.coldjet.com\/wp-content\/uploads\/2019\/06\/bayer.png","large-500-300":"https:\/\/www.coldjet.com\/wp-content\/uploads\/stock-photo-the-roar-190017449-1-500x300.jpg","large-500-300-width":"https:\/\/www.coldjet.com\/wp-content\/uploads\/2019\/06\/we-are-cold-jet-bg.jpg","large-500-300-height":"https:\/\/www.coldjet.com\/wp-content\/uploads\/2019\/06\/DRY-ICE-BLASTING.png"}},"theme":"dark","margin_top":"margin-top--none","margin_bottom":"margin-bottom--none"}],"is_restricted":false,"hide_contact_form":false,"custom_header_code":""},"seo":{"title":"Secteurs d'activit\u00e9 - Cold Jet","description":"Dry ice blasting is a solution for many applications within a diverse range of industries. Discover dry ice blasting for industrial solutions from Cold Jet now!","canonical":"https:\/\/www.coldjet.com\/fr\/nettoyage-cryogenique\/secteurs-dactivite\/","robots":{"noindex":false,"nofollow":false,"directives":["index","follow","max-image-preview:large","max-snippet:-1","max-video-preview:-1"],"raw":"index, follow, max-image-preview:large, max-snippet:-1, max-video-preview:-1"},"og":{"title":"Secteurs d'activit\u00e9 - Cold Jet","description":"Dry ice blasting is a solution for many applications within a diverse range of industries. Discover dry ice blasting for industrial solutions from Cold Jet now!","image":"","image_id":null,"type":"article","url":"https:\/\/www.coldjet.com\/fr\/nettoyage-cryogenique\/secteurs-dactivite\/","locale":"fr_FR","site_name":"Cold Jet","article_modified":"2025-10-13 22:40:24+00:00","article_published":"2019-05-14 14:12:15+00:00"},"twitter":{"card":"summary_large_image","title":"Secteurs d'activit\u00e9 - Cold Jet","description":"Dry ice blasting is a solution for many applications within a diverse range of industries. Discover dry ice blasting for industrial solutions from Cold Jet now!","image":"","image_id":null,"creator":"","site":""},"hreflang":[{"lang":"en-US","url":"https:\/\/www.coldjet.com\/dry-ice-blasting\/industries\/","lang_code":"en","locale":"en_US","is_default":true},{"lang":"nl-NL","url":"https:\/\/www.coldjet.com\/nl\/oplossingen-met-droogijsstralen\/sectors\/","lang_code":"nl","locale":"nl_NL"},{"lang":"fr-FR","url":"https:\/\/www.coldjet.com\/fr\/nettoyage-cryogenique\/secteurs-dactivite\/","lang_code":"fr","locale":"fr_FR"},{"lang":"de-DE","url":"https:\/\/www.coldjet.com\/de\/trockeneisstrahlen\/industrien\/","lang_code":"de","locale":"de_DE"},{"lang":"it-IT","url":"https:\/\/www.coldjet.com\/it\/sabbiatura-criogenica\/settori\/","lang_code":"it","locale":"it_IT"},{"lang":"ja","url":"https:\/\/www.coldjet.com\/ja\/%e3%83%89%e3%83%a9%e3%82%a4%e3%82%a2%e3%82%a4%e3%82%b9%e6%b4%97%e6%b5%84\/%e7%94%a3%e6%a5%ad\/","lang_code":"ja","locale":"ja"},{"lang":"pl-PL","url":"https:\/\/www.coldjet.com\/pl\/czyszczenie-suchym-lodem\/branze\/","lang_code":"pl","locale":"pl_PL"},{"lang":"pt-BR","url":"https:\/\/www.coldjet.com\/pt-br\/jateamento-com-gelo-seco\/industrias\/","lang_code":"pt-br","locale":"pt_BR"},{"lang":"es-ES","url":"https:\/\/www.coldjet.com\/es\/limpieza-criogenica\/industrias\/","lang_code":"es","locale":"es_ES"},{"lang":"x-default","url":"https:\/\/www.coldjet.com\/dry-ice-blasting\/industries\/","lang_code":"en"}],"schema":{"@context":"https:\/\/schema.org","@graph":[{"@type":"WebPage","@id":"https:\/\/www.coldjet.com\/fr\/nettoyage-cryogenique\/secteurs-dactivite\/","url":"https:\/\/www.coldjet.com\/fr\/nettoyage-cryogenique\/secteurs-dactivite\/","name":"Secteurs d'activit\u00e9 - Cold Jet","isPartOf":{"@id":"https:\/\/www.coldjet.com\/fr\/#website"},"primaryImageOfPage":{"@id":"https:\/\/www.coldjet.com\/fr\/nettoyage-cryogenique\/secteurs-dactivite\/#primaryimage"},"image":{"@id":"https:\/\/www.coldjet.com\/fr\/nettoyage-cryogenique\/secteurs-dactivite\/#primaryimage"},"thumbnailUrl":"https:\/\/www.coldjet.com\/wp-content\/uploads\/DRYICEBLASTING_INDUSTRIES_LANDINGPAGE_LEFT.jpg","datePublished":"2019-05-14T14:12:15+00:00","dateModified":"2025-10-13T22:40:24+00:00","description":"Dry ice blasting is a solution for many applications within a diverse range of industries. Discover dry ice blasting for industrial solutions from Cold Jet now!","breadcrumb":{"@id":"https:\/\/www.coldjet.com\/fr\/nettoyage-cryogenique\/secteurs-dactivite\/#breadcrumb"},"inLanguage":"fr-FR","potentialAction":[{"@type":"ReadAction","target":["https:\/\/www.coldjet.com\/fr\/nettoyage-cryogenique\/secteurs-dactivite\/"]}]},{"@type":"ImageObject","inLanguage":"fr-FR","@id":"https:\/\/www.coldjet.com\/fr\/nettoyage-cryogenique\/secteurs-dactivite\/#primaryimage","url":"https:\/\/www.coldjet.com\/wp-content\/uploads\/DRYICEBLASTING_INDUSTRIES_LANDINGPAGE_LEFT.jpg","contentUrl":"https:\/\/www.coldjet.com\/wp-content\/uploads\/DRYICEBLASTING_INDUSTRIES_LANDINGPAGE_LEFT.jpg","width":1000,"height":594,"caption":"dry ice blasting industries"},{"@type":"BreadcrumbList","@id":"https:\/\/www.coldjet.com\/fr\/nettoyage-cryogenique\/secteurs-dactivite\/#breadcrumb","itemListElement":[{"@type":"ListItem","position":1,"name":"Home","item":"https:\/\/www.coldjet.com\/fr\/"},{"@type":"ListItem","position":2,"name":"Nettoyage cryog\u00e9nique","item":"https:\/\/www.coldjet.com\/fr\/nettoyage-cryogenique\/"},{"@type":"ListItem","position":3,"name":"Secteurs d&#8217;activit\u00e9"}]},{"@type":"WebSite","@id":"https:\/\/www.coldjet.com\/fr\/#website","url":"https:\/\/www.coldjet.com\/fr\/","name":"Cold Jet","description":"Dry Ice Blasting Equipment and Machines by Cold Jet","publisher":{"@id":"https:\/\/www.coldjet.com\/fr\/#organization"},"potentialAction":[{"@type":"SearchAction","target":{"@type":"EntryPoint","urlTemplate":"https:\/\/www.coldjet.com\/fr\/?s={search_term_string}"},"query-input":{"@type":"PropertyValueSpecification","valueRequired":true,"valueName":"search_term_string"}}],"inLanguage":"fr-FR"},{"@type":"Organization","@id":"https:\/\/www.coldjet.com\/fr\/#organization","name":"Cold Jet","url":"https:\/\/www.coldjet.com\/fr\/","logo":{"@type":"ImageObject","inLanguage":"fr-FR","@id":"https:\/\/www.coldjet.com\/fr\/#\/schema\/logo\/image\/","url":"https:\/\/www.coldjet.com\/wp-content\/uploads\/blue-tagline_transparent.png","contentUrl":"https:\/\/www.coldjet.com\/wp-content\/uploads\/blue-tagline_transparent.png","width":957,"height":237,"caption":"Cold Jet"},"image":{"@id":"https:\/\/www.coldjet.com\/fr\/#\/schema\/logo\/image\/"}}]},"breadcrumb_title":"","focus_keyphrase":"","seo_score":null,"readability_score":90,"is_cornerstone":false,"plugin":"yoast","plugin_version":"26.3"},"_links":{"self":[{"href":"https:\/\/www.coldjet.com\/fr\/wp-json\/wp\/v2\/pages\/21696","targetHints":{"allow":["GET"]}}],"collection":[{"href":"https:\/\/www.coldjet.com\/fr\/wp-json\/wp\/v2\/pages"}],"about":[{"href":"https:\/\/www.coldjet.com\/fr\/wp-json\/wp\/v2\/types\/page"}],"author":[{"embeddable":true,"href":"https:\/\/www.coldjet.com\/fr\/wp-json\/wp\/v2\/users\/3"}],"replies":[{"embeddable":true,"href":"https:\/\/www.coldjet.com\/fr\/wp-json\/wp\/v2\/comments?post=21696"}],"version-history":[{"count":0,"href":"https:\/\/www.coldjet.com\/fr\/wp-json\/wp\/v2\/pages\/21696\/revisions"}],"up":[{"embeddable":true,"href":"https:\/\/www.coldjet.com\/fr\/wp-json\/wp\/v2\/pages\/20209"}],"wp:featuredmedia":[{"embeddable":true,"href":"https:\/\/www.coldjet.com\/fr\/wp-json\/wp\/v2\/media\/11173"}],"wp:attachment":[{"href":"https:\/\/www.coldjet.com\/fr\/wp-json\/wp\/v2\/media?parent=21696"}],"curies":[{"name":"wp","href":"https:\/\/api.w.org\/{rel}","templated":true}]}}