{"id":21648,"date":"2019-07-02T11:21:30","date_gmt":"2019-07-02T15:21:30","guid":{"rendered":"http:\/\/coldjetprod.wpengine.com\/nettoyage-cryogenique\/applications\/general-equipment-cleaning\/"},"modified":"2025-07-22T06:27:37","modified_gmt":"2025-07-22T10:27:37","slug":"nettoyage-general-de-lequipement","status":"publish","type":"page","link":"https:\/\/www.coldjet.com\/fr\/nettoyage-cryogenique\/applications\/nettoyage-general-de-lequipement\/","title":{"rendered":"Nettoyage g\u00e9n\u00e9ral d&rsquo;\u00e9quipement et installations"},"content":{"rendered":"","protected":false},"excerpt":{"rendered":"","protected":false},"author":3,"featured_media":0,"parent":21548,"menu_order":5,"comment_status":"closed","ping_status":"closed","template":"","meta":{"_acf_changed":false,"footnotes":""},"class_list":["post-21648","page","type-page","status-publish","hentry"],"acf":[],"_links":{"self":[{"href":"https:\/\/www.coldjet.com\/fr\/wp-json\/wp\/v2\/pages\/21648","targetHints":{"allow":["GET"]}}],"collection":[{"href":"https:\/\/www.coldjet.com\/fr\/wp-json\/wp\/v2\/pages"}],"about":[{"href":"https:\/\/www.coldjet.com\/fr\/wp-json\/wp\/v2\/types\/page"}],"author":[{"embeddable":true,"href":"https:\/\/www.coldjet.com\/fr\/wp-json\/wp\/v2\/users\/3"}],"replies":[{"embeddable":true,"href":"https:\/\/www.coldjet.com\/fr\/wp-json\/wp\/v2\/comments?post=21648"}],"version-history":[{"count":0,"href":"https:\/\/www.coldjet.com\/fr\/wp-json\/wp\/v2\/pages\/21648\/revisions"}],"up":[{"embeddable":true,"href":"https:\/\/www.coldjet.com\/fr\/wp-json\/wp\/v2\/pages\/21548"}],"wp:attachment":[{"href":"https:\/\/www.coldjet.com\/fr\/wp-json\/wp\/v2\/media?parent=21648"}],"curies":[{"name":"wp","href":"https:\/\/api.w.org\/{rel}","templated":true}]}}