{"id":49454,"date":"2020-11-24T10:11:38","date_gmt":"2020-11-24T15:11:38","guid":{"rendered":"https:\/\/www.coldjet.com\/produccion-de-hielo-seco\/aplicaciones\/enfriamiento-de-envios-medicos-y-farmaceuticos\/"},"modified":"2024-12-31T11:52:05","modified_gmt":"2024-12-31T16:52:05","slug":"enfriamiento-de-envios-medicos-y-farmaceuticos","status":"publish","type":"page","link":"https:\/\/www.coldjet.com\/es\/produccion-de-hielo-seco\/aplicaciones\/enfriamiento-de-envios-medicos-y-farmaceuticos\/","title":{"rendered":"Enfriamiento de env\u00edos m\u00e9dicos y farmac\u00e9uticos"},"content":{"rendered":"","protected":false},"excerpt":{"rendered":"","protected":false},"author":3,"featured_media":0,"parent":22421,"menu_order":4,"comment_status":"closed","ping_status":"closed","template":"","meta":{"_acf_changed":false,"footnotes":""},"class_list":["post-49454","page","type-page","status-publish","hentry"],"acf":[],"_links":{"self":[{"href":"https:\/\/www.coldjet.com\/es\/wp-json\/wp\/v2\/pages\/49454","targetHints":{"allow":["GET"]}}],"collection":[{"href":"https:\/\/www.coldjet.com\/es\/wp-json\/wp\/v2\/pages"}],"about":[{"href":"https:\/\/www.coldjet.com\/es\/wp-json\/wp\/v2\/types\/page"}],"author":[{"embeddable":true,"href":"https:\/\/www.coldjet.com\/es\/wp-json\/wp\/v2\/users\/3"}],"replies":[{"embeddable":true,"href":"https:\/\/www.coldjet.com\/es\/wp-json\/wp\/v2\/comments?post=49454"}],"version-history":[{"count":0,"href":"https:\/\/www.coldjet.com\/es\/wp-json\/wp\/v2\/pages\/49454\/revisions"}],"up":[{"embeddable":true,"href":"https:\/\/www.coldjet.com\/es\/wp-json\/wp\/v2\/pages\/22421"}],"wp:attachment":[{"href":"https:\/\/www.coldjet.com\/es\/wp-json\/wp\/v2\/media?parent=49454"}],"curies":[{"name":"wp","href":"https:\/\/api.w.org\/{rel}","templated":true}]}}