{"id":23660,"date":"2019-05-14T10:06:09","date_gmt":"2019-05-14T14:06:09","guid":{"rendered":"http:\/\/coldjetprod.wpengine.com\/get-started\/"},"modified":"2025-04-16T11:31:04","modified_gmt":"2025-04-16T15:31:04","slug":"comenzar","status":"publish","type":"page","link":"https:\/\/www.coldjet.com\/es\/comenzar\/","title":{"rendered":"Primeros pasos"},"content":{"rendered":"","protected":false},"excerpt":{"rendered":"","protected":false},"author":3,"featured_media":0,"parent":0,"menu_order":31,"comment_status":"closed","ping_status":"closed","template":"","meta":{"_acf_changed":false,"footnotes":""},"class_list":["post-23660","page","type-page","status-publish","hentry"],"acf":[],"acf_processed":{"show_breadcrumbs":true,"page_content":[{"acf_fc_layout":"billboard","content":"<h1 class=\"g-h-kicker color--secondary\">Primeros pasos<\/h1>\n<h2 class=\"color--white text--xxxl text-shadow-heavy balance-text\">\u00bfCu\u00e1l es su aplicaci\u00f3n?<\/h2>\n<p class=\"color--white opacity-90 text--lg text-shadow-dark balance-text\">Env\u00edenos m\u00e1s datos mediante el formulario que aparece a continuaci\u00f3n y nos pondremos en contacto con usted para hablar de las ventajas de nuestras soluciones de hielo seco y si son adecuadas para su aplicaci\u00f3n.<\/p>\n","content_width":"xs","background_photos":{"first":false,"second":false}},{"acf_fc_layout":"general_content","content":"<p><script charset=\"utf-8\" type=\"text\/javascript\" src=\"\/\/js.hsforms.net\/forms\/embed\/v2.js\"><\/script><br \/>\n<script>\n  hbspt.forms.create({\n    region: \"na1\",\n    portalId: \"3271929\",\n    formId: \"76c86eb7-418b-4b4c-9c80-a783f1dff899\"\n  });\n<\/script><\/p>\n","margin_top":"margin-top--none","margin_bottom":"margin-bottom--none","padding_top":"padding-top--none","padding_bottom":"padding-bottom--none","heading_type":"div","container_max_width":"container--md"}],"is_restricted":false,"hide_contact_form":true,"custom_header_code":""},"seo":{"title":"Primeros pasos - Cold Jet","description":"Empieza con Cold Jet: solicita informaci\u00f3n, asesoramiento y da el primer paso para mejorar tus procesos con hielo seco.","canonical":"https:\/\/www.coldjet.com\/es\/comenzar\/","robots":{"noindex":false,"nofollow":false,"directives":["index","follow","max-image-preview:large","max-snippet:-1","max-video-preview:-1"],"raw":"index, follow, max-image-preview:large, max-snippet:-1, max-video-preview:-1"},"og":{"title":"Primeros pasos - Cold Jet","description":"Empieza con Cold Jet: solicita informaci\u00f3n, asesoramiento y da el primer paso para mejorar tus procesos con hielo seco.","image":"","image_id":null,"type":"article","url":"https:\/\/www.coldjet.com\/es\/comenzar\/","locale":"es_ES","site_name":"Cold Jet","article_modified":"2025-04-16 15:31:04+00:00","article_published":"2019-05-14 14:06:09+00:00"},"twitter":{"card":"summary_large_image","title":"Primeros pasos - Cold Jet","description":"Empieza con Cold Jet: solicita informaci\u00f3n, asesoramiento y da el primer paso para mejorar tus procesos con hielo seco.","image":"","image_id":null,"creator":"","site":""},"hreflang":[{"lang":"en-US","url":"https:\/\/www.coldjet.com\/?page_id=13","lang_code":"en","locale":"en_US","is_default":true},{"lang":"nl-NL","url":"https:\/\/www.coldjet.com\/nl\/aan-de-slag\/","lang_code":"nl","locale":"nl_NL"},{"lang":"fr-FR","url":"https:\/\/www.coldjet.com\/fr\/?page_id=21839","lang_code":"fr","locale":"fr_FR"},{"lang":"de-DE","url":"https:\/\/www.coldjet.com\/de\/erste-schritte\/","lang_code":"de","locale":"de_DE"},{"lang":"it-IT","url":"https:\/\/www.coldjet.com\/it\/iniziare\/","lang_code":"it","locale":"it_IT"},{"lang":"ja","url":"https:\/\/www.coldjet.com\/ja\/?page_id=23654","lang_code":"ja","locale":"ja"},{"lang":"pl-PL","url":"https:\/\/www.coldjet.com\/pl\/?page_id=23656","lang_code":"pl","locale":"pl_PL"},{"lang":"pt-BR","url":"https:\/\/www.coldjet.com\/pt-br\/comece-ja\/","lang_code":"pt-br","locale":"pt_BR"},{"lang":"es-ES","url":"https:\/\/www.coldjet.com\/es\/comenzar\/","lang_code":"es","locale":"es_ES"},{"lang":"x-default","url":"https:\/\/www.coldjet.com\/?page_id=13","lang_code":"en"}],"schema":{"@context":"https:\/\/schema.org","@graph":[{"@type":"WebPage","@id":"https:\/\/www.coldjet.com\/es\/comenzar\/","url":"https:\/\/www.coldjet.com\/es\/comenzar\/","name":"Primeros pasos - Cold Jet","isPartOf":{"@id":"https:\/\/www.coldjet.com\/es\/#website"},"datePublished":"2019-05-14T14:06:09+00:00","dateModified":"2025-04-16T15:31:04+00:00","description":"Empieza con Cold Jet: solicita informaci\u00f3n, asesoramiento y da el primer paso para mejorar tus procesos con hielo seco.","breadcrumb":{"@id":"https:\/\/www.coldjet.com\/es\/comenzar\/#breadcrumb"},"inLanguage":"es","potentialAction":[{"@type":"ReadAction","target":["https:\/\/www.coldjet.com\/es\/comenzar\/"]}]},{"@type":"BreadcrumbList","@id":"https:\/\/www.coldjet.com\/es\/comenzar\/#breadcrumb","itemListElement":[{"@type":"ListItem","position":1,"name":"Home","item":"https:\/\/www.coldjet.com\/es\/"},{"@type":"ListItem","position":2,"name":"Primeros pasos"}]},{"@type":"WebSite","@id":"https:\/\/www.coldjet.com\/es\/#website","url":"https:\/\/www.coldjet.com\/es\/","name":"Cold Jet","description":"Dry Ice Blasting Equipment and Machines by Cold Jet","publisher":{"@id":"https:\/\/www.coldjet.com\/es\/#organization"},"potentialAction":[{"@type":"SearchAction","target":{"@type":"EntryPoint","urlTemplate":"https:\/\/www.coldjet.com\/es\/?s={search_term_string}"},"query-input":{"@type":"PropertyValueSpecification","valueRequired":true,"valueName":"search_term_string"}}],"inLanguage":"es"},{"@type":"Organization","@id":"https:\/\/www.coldjet.com\/es\/#organization","name":"Cold Jet","url":"https:\/\/www.coldjet.com\/es\/","logo":{"@type":"ImageObject","inLanguage":"es","@id":"https:\/\/www.coldjet.com\/es\/#\/schema\/logo\/image\/","url":"https:\/\/www.coldjet.com\/wp-content\/uploads\/blue-tagline_transparent.png","contentUrl":"https:\/\/www.coldjet.com\/wp-content\/uploads\/blue-tagline_transparent.png","width":957,"height":237,"caption":"Cold Jet"},"image":{"@id":"https:\/\/www.coldjet.com\/es\/#\/schema\/logo\/image\/"}}]},"breadcrumb_title":"","focus_keyphrase":"","seo_score":null,"readability_score":90,"is_cornerstone":false,"plugin":"yoast","plugin_version":"26.3"},"_links":{"self":[{"href":"https:\/\/www.coldjet.com\/es\/wp-json\/wp\/v2\/pages\/23660","targetHints":{"allow":["GET"]}}],"collection":[{"href":"https:\/\/www.coldjet.com\/es\/wp-json\/wp\/v2\/pages"}],"about":[{"href":"https:\/\/www.coldjet.com\/es\/wp-json\/wp\/v2\/types\/page"}],"author":[{"embeddable":true,"href":"https:\/\/www.coldjet.com\/es\/wp-json\/wp\/v2\/users\/3"}],"replies":[{"embeddable":true,"href":"https:\/\/www.coldjet.com\/es\/wp-json\/wp\/v2\/comments?post=23660"}],"version-history":[{"count":0,"href":"https:\/\/www.coldjet.com\/es\/wp-json\/wp\/v2\/pages\/23660\/revisions"}],"wp:attachment":[{"href":"https:\/\/www.coldjet.com\/es\/wp-json\/wp\/v2\/media?parent=23660"}],"curies":[{"name":"wp","href":"https:\/\/api.w.org\/{rel}","templated":true}]}}