{"id":23401,"date":"2019-05-14T10:12:15","date_gmt":"2019-05-14T14:12:15","guid":{"rendered":"http:\/\/coldjetprod.wpengine.com\/applications-2\/"},"modified":"2025-08-22T11:31:34","modified_gmt":"2025-08-22T15:31:34","slug":"aplicaciones","status":"publish","type":"page","link":"https:\/\/www.coldjet.com\/es\/limpieza-criogenica\/aplicaciones\/","title":{"rendered":"Aplicaciones"},"content":{"rendered":"","protected":false},"excerpt":{"rendered":"","protected":false},"author":3,"featured_media":0,"parent":23555,"menu_order":0,"comment_status":"closed","ping_status":"closed","template":"","meta":{"_acf_changed":false,"footnotes":""},"class_list":["post-23401","page","type-page","status-publish","hentry"],"acf":[],"acf_processed":{"show_breadcrumbs":true,"page_content":[{"acf_fc_layout":"billboard","content":"<h1 class=\"g-h-kicker color--secondary\">Aplicaciones<\/h1>\n<h2 class=\"color--white text--xxxl text-shadow-heavy balance-text\">Soluciones innovadoras para una amplia gama de aplicaciones<\/h2>\n<p class=\"color--white opacity-90 text--lg text-shadow-dark balance-text\">La limpieza criog\u00e9nica es una soluci\u00f3n eficaz para una amplia gama de aplicaciones, que incluyen la limpieza, preparaci\u00f3n de superficies y acabado de piezas.<\/p>\n","content_width":"xs","background_photos":{"first":{"ID":"https:\/\/www.coldjet.com\/wp-content\/uploads\/DRYICEBLASTING_APPLICATIONS_LANDINGPAGE_LEFT.jpg","id":"https:\/\/www.coldjet.com\/wp-content\/uploads\/DRYICEBLASTING_APPLICATIONS_LANDINGPAGE_LEFT.jpg","title":"OLYMPUS DIGITAL CAMERA","filename":"DRYICEBLASTING_APPLICATIONS_LANDINGPAGE_LEFT.jpg","filesize":151879,"url":"https:\/\/www.coldjet.com\/wp-content\/uploads\/DRYICEBLASTING_APPLICATIONS_LANDINGPAGE_LEFT.jpg","link":"https:\/\/www.coldjet.com\/es\/limpieza-criogenica\/aplicaciones\/olympus-digital-camera-22-2\/","alt":"dry ice cleaning applications","author":"4","description":"","caption":"OLYMPUS DIGITAL CAMERA","name":"olympus-digital-camera-22-2","status":"inherit","uploaded_to":23401,"date":"2019-07-06 04:18:08","modified":"2019-07-06 04:18:23","menu_order":0,"mime_type":"image\/jpeg","type":"image","subtype":"jpeg","icon":"https:\/\/www.coldjet.com\/wp-includes\/images\/media\/default.png","width":"https:\/\/www.coldjet.com\/wp-content\/uploads\/2019\/06\/mexico.png","height":"https:\/\/www.coldjet.com\/wp-content\/uploads\/2019\/06\/global-offices-1.png","sizes":{"thumbnail":"https:\/\/www.coldjet.com\/wp-content\/uploads\/DRYICEBLASTING_APPLICATIONS_LANDINGPAGE_LEFT-150x150.jpg","thumbnail-width":150,"thumbnail-height":150,"medium":"https:\/\/www.coldjet.com\/wp-content\/uploads\/DRYICEBLASTING_APPLICATIONS_LANDINGPAGE_LEFT-300x141.jpg","medium-width":"https:\/\/www.coldjet.com\/wp-content\/uploads\/2019\/06\/DRY-ICE-BLASTING.png","medium-height":141,"medium_large":"https:\/\/www.coldjet.com\/wp-content\/uploads\/DRYICEBLASTING_APPLICATIONS_LANDINGPAGE_LEFT-768x362.jpg","medium_large-width":"https:\/\/www.coldjet.com\/wp-content\/uploads\/2019\/06\/red-d-arc.png","medium_large-height":"https:\/\/www.coldjet.com\/wp-content\/uploads\/2019\/06\/DRY-ICE-PRODUCTION-SYSTEMS.png","large":"https:\/\/www.coldjet.com\/wp-content\/uploads\/DRYICEBLASTING_APPLICATIONS_LANDINGPAGE_LEFT.jpg","large-width":"https:\/\/www.coldjet.com\/wp-content\/uploads\/2019\/06\/mexico.png","large-height":"https:\/\/www.coldjet.com\/wp-content\/uploads\/2019\/06\/global-offices-1.png","1536x1536":"https:\/\/www.coldjet.com\/wp-content\/uploads\/DRYICEBLASTING_APPLICATIONS_LANDINGPAGE_LEFT.jpg","1536x1536-width":"https:\/\/www.coldjet.com\/wp-content\/uploads\/2019\/06\/mexico.png","1536x1536-height":"https:\/\/www.coldjet.com\/wp-content\/uploads\/2019\/06\/global-offices-1.png","2048x2048":"https:\/\/www.coldjet.com\/wp-content\/uploads\/DRYICEBLASTING_APPLICATIONS_LANDINGPAGE_LEFT.jpg","2048x2048-width":"https:\/\/www.coldjet.com\/wp-content\/uploads\/2019\/06\/mexico.png","2048x2048-height":"https:\/\/www.coldjet.com\/wp-content\/uploads\/2019\/06\/global-offices-1.png","gallery-slider":"https:\/\/www.coldjet.com\/wp-content\/uploads\/DRYICEBLASTING_APPLICATIONS_LANDINGPAGE_LEFT.jpg","gallery-slider-width":"https:\/\/www.coldjet.com\/wp-content\/uploads\/2019\/06\/silgan.png","gallery-slider-height":"https:\/\/www.coldjet.com\/wp-content\/uploads\/2019\/06\/global-offices.png","square-500":"https:\/\/www.coldjet.com\/wp-content\/uploads\/DRYICEBLASTING_APPLICATIONS_LANDINGPAGE_LEFT.jpg","square-500-width":"https:\/\/www.coldjet.com\/wp-content\/uploads\/2019\/06\/we-are-cold-jet-bg.jpg","square-500-height":236,"square-700":"https:\/\/www.coldjet.com\/wp-content\/uploads\/DRYICEBLASTING_APPLICATIONS_LANDINGPAGE_LEFT.jpg","square-700-width":"https:\/\/www.coldjet.com\/wp-content\/uploads\/2019\/06\/honeywell.png","square-700-height":"https:\/\/www.coldjet.com\/wp-content\/uploads\/2019\/06\/SURFACE-PREP.png","square-150":"https:\/\/www.coldjet.com\/wp-content\/uploads\/DRYICEBLASTING_APPLICATIONS_LANDINGPAGE_LEFT.jpg","square-150-width":150,"square-150-height":"https:\/\/www.coldjet.com\/wp-content\/uploads\/2019\/06\/frito-lay-logo-square.jpg","large-1000":"https:\/\/www.coldjet.com\/wp-content\/uploads\/DRYICEBLASTING_APPLICATIONS_LANDINGPAGE_LEFT.jpg","large-1000-width":"https:\/\/www.coldjet.com\/wp-content\/uploads\/2019\/06\/mexico.png","large-1000-height":"https:\/\/www.coldjet.com\/wp-content\/uploads\/2019\/06\/global-offices-1.png","large-2000":"https:\/\/www.coldjet.com\/wp-content\/uploads\/DRYICEBLASTING_APPLICATIONS_LANDINGPAGE_LEFT.jpg","large-2000-width":"https:\/\/www.coldjet.com\/wp-content\/uploads\/2019\/06\/mexico.png","large-2000-height":"https:\/\/www.coldjet.com\/wp-content\/uploads\/2019\/06\/global-offices-1.png","large-500":"https:\/\/www.coldjet.com\/wp-content\/uploads\/DRYICEBLASTING_APPLICATIONS_LANDINGPAGE_LEFT.jpg","large-500-width":"https:\/\/www.coldjet.com\/wp-content\/uploads\/2019\/06\/we-are-cold-jet-bg.jpg","large-500-height":236,"large-500-300":"https:\/\/www.coldjet.com\/wp-content\/uploads\/DRYICEBLASTING_APPLICATIONS_LANDINGPAGE_LEFT.jpg","large-500-300-width":"https:\/\/www.coldjet.com\/wp-content\/uploads\/2019\/06\/we-are-cold-jet-bg.jpg","large-500-300-height":236}},"second":{"ID":"https:\/\/www.coldjet.com\/wp-content\/uploads\/DRYICEBLASTING_APPLICATIONS_LANDINGPAGE_RIGHT.jpg","id":"https:\/\/www.coldjet.com\/wp-content\/uploads\/DRYICEBLASTING_APPLICATIONS_LANDINGPAGE_RIGHT.jpg","title":"DRYICEBLASTING_APPLICATIONS_LANDINGPAGE_RIGHT","filename":"DRYICEBLASTING_APPLICATIONS_LANDINGPAGE_RIGHT.jpg","filesize":"https:\/\/www.coldjet.com\/wp-content\/uploads\/2019\/06\/Digital-Printing_chemical-cleaning-scaled.jpg","url":"https:\/\/www.coldjet.com\/wp-content\/uploads\/DRYICEBLASTING_APPLICATIONS_LANDINGPAGE_RIGHT.jpg","link":"https:\/\/www.coldjet.com\/es\/limpieza-criogenica\/aplicaciones\/dryiceblasting_applications_landingpage_right-2\/","alt":"dry ice cleaning applications","author":"4","description":"","caption":"","name":"dryiceblasting_applications_landingpage_right-2","status":"inherit","uploaded_to":23401,"date":"2019-07-06 04:17:01","modified":"2019-07-06 04:17:19","menu_order":0,"mime_type":"image\/jpeg","type":"image","subtype":"jpeg","icon":"https:\/\/www.coldjet.com\/wp-includes\/images\/media\/default.png","width":"https:\/\/www.coldjet.com\/wp-content\/uploads\/2019\/06\/mexico.png","height":"https:\/\/www.coldjet.com\/wp-content\/uploads\/2019\/06\/global-offices-1.png","sizes":{"thumbnail":"https:\/\/www.coldjet.com\/wp-content\/uploads\/DRYICEBLASTING_APPLICATIONS_LANDINGPAGE_RIGHT-150x150.jpg","thumbnail-width":150,"thumbnail-height":150,"medium":"https:\/\/www.coldjet.com\/wp-content\/uploads\/DRYICEBLASTING_APPLICATIONS_LANDINGPAGE_RIGHT-300x141.jpg","medium-width":"https:\/\/www.coldjet.com\/wp-content\/uploads\/2019\/06\/DRY-ICE-BLASTING.png","medium-height":141,"medium_large":"https:\/\/www.coldjet.com\/wp-content\/uploads\/DRYICEBLASTING_APPLICATIONS_LANDINGPAGE_RIGHT-768x361.jpg","medium_large-width":"https:\/\/www.coldjet.com\/wp-content\/uploads\/2019\/06\/red-d-arc.png","medium_large-height":"https:\/\/www.coldjet.com\/wp-content\/uploads\/2019\/06\/DRY-ICE-PRODUCTION-SYSTEMS.png","large":"https:\/\/www.coldjet.com\/wp-content\/uploads\/DRYICEBLASTING_APPLICATIONS_LANDINGPAGE_RIGHT.jpg","large-width":"https:\/\/www.coldjet.com\/wp-content\/uploads\/2019\/06\/mexico.png","large-height":"https:\/\/www.coldjet.com\/wp-content\/uploads\/2019\/06\/global-offices-1.png","1536x1536":"https:\/\/www.coldjet.com\/wp-content\/uploads\/DRYICEBLASTING_APPLICATIONS_LANDINGPAGE_RIGHT.jpg","1536x1536-width":"https:\/\/www.coldjet.com\/wp-content\/uploads\/2019\/06\/mexico.png","1536x1536-height":"https:\/\/www.coldjet.com\/wp-content\/uploads\/2019\/06\/global-offices-1.png","2048x2048":"https:\/\/www.coldjet.com\/wp-content\/uploads\/DRYICEBLASTING_APPLICATIONS_LANDINGPAGE_RIGHT.jpg","2048x2048-width":"https:\/\/www.coldjet.com\/wp-content\/uploads\/2019\/06\/mexico.png","2048x2048-height":"https:\/\/www.coldjet.com\/wp-content\/uploads\/2019\/06\/global-offices-1.png","gallery-slider":"https:\/\/www.coldjet.com\/wp-content\/uploads\/DRYICEBLASTING_APPLICATIONS_LANDINGPAGE_RIGHT.jpg","gallery-slider-width":"https:\/\/www.coldjet.com\/wp-content\/uploads\/2019\/06\/silgan.png","gallery-slider-height":"https:\/\/www.coldjet.com\/wp-content\/uploads\/2019\/06\/global-offices.png","square-500":"https:\/\/www.coldjet.com\/wp-content\/uploads\/DRYICEBLASTING_APPLICATIONS_LANDINGPAGE_RIGHT.jpg","square-500-width":"https:\/\/www.coldjet.com\/wp-content\/uploads\/2019\/06\/we-are-cold-jet-bg.jpg","square-500-height":"https:\/\/www.coldjet.com\/wp-content\/uploads\/2019\/06\/dry-ice-blasting-in-action.jpg","square-700":"https:\/\/www.coldjet.com\/wp-content\/uploads\/DRYICEBLASTING_APPLICATIONS_LANDINGPAGE_RIGHT.jpg","square-700-width":"https:\/\/www.coldjet.com\/wp-content\/uploads\/2019\/06\/honeywell.png","square-700-height":329,"square-150":"https:\/\/www.coldjet.com\/wp-content\/uploads\/DRYICEBLASTING_APPLICATIONS_LANDINGPAGE_RIGHT.jpg","square-150-width":150,"square-150-height":"https:\/\/www.coldjet.com\/wp-content\/uploads\/2019\/06\/frito-lay-logo-square.jpg","large-1000":"https:\/\/www.coldjet.com\/wp-content\/uploads\/DRYICEBLASTING_APPLICATIONS_LANDINGPAGE_RIGHT.jpg","large-1000-width":"https:\/\/www.coldjet.com\/wp-content\/uploads\/2019\/06\/mexico.png","large-1000-height":"https:\/\/www.coldjet.com\/wp-content\/uploads\/2019\/06\/global-offices-1.png","large-2000":"https:\/\/www.coldjet.com\/wp-content\/uploads\/DRYICEBLASTING_APPLICATIONS_LANDINGPAGE_RIGHT.jpg","large-2000-width":"https:\/\/www.coldjet.com\/wp-content\/uploads\/2019\/06\/mexico.png","large-2000-height":"https:\/\/www.coldjet.com\/wp-content\/uploads\/2019\/06\/global-offices-1.png","large-500":"https:\/\/www.coldjet.com\/wp-content\/uploads\/DRYICEBLASTING_APPLICATIONS_LANDINGPAGE_RIGHT.jpg","large-500-width":"https:\/\/www.coldjet.com\/wp-content\/uploads\/2019\/06\/we-are-cold-jet-bg.jpg","large-500-height":"https:\/\/www.coldjet.com\/wp-content\/uploads\/2019\/06\/dry-ice-blasting-in-action.jpg","large-500-300":"https:\/\/www.coldjet.com\/wp-content\/uploads\/DRYICEBLASTING_APPLICATIONS_LANDINGPAGE_RIGHT.jpg","large-500-300-width":"https:\/\/www.coldjet.com\/wp-content\/uploads\/2019\/06\/we-are-cold-jet-bg.jpg","large-500-300-height":"https:\/\/www.coldjet.com\/wp-content\/uploads\/2019\/06\/dry-ice-blasting-in-action.jpg"}}}},{"acf_fc_layout":"general_content","content":"<h3 class=\"g-h-kicker color--primary-light margin-bottom--lg\">Aplicaciones destacadas:<\/h3>\n<ul class=\"c-list c-list--flush c-list--plain icon-list--columns-3\">\n<li><a class=\"g-link g-link--icon-text g-link--chevron\" href=\"https:\/\/www.coldjet.com\/es\/la-limpieza-criogenica\/aplicaciones\/eliminacion-de-adhesivo\/\">Eliminaci\u00f3n de adhesivo<\/a><\/li>\n<li><a class=\"g-link g-link--icon-text g-link--chevron\" href=\"https:\/\/www.coldjet.com\/es\/la-limpieza-criogenica\/aplicaciones\/limpieza-de-utiles-compuestos\/\">Limpieza de \u00fatiles compuestos<\/a><\/li>\n<li><a class=\"g-link g-link--icon-text g-link--chevron\" href=\"https:\/\/www.coldjet.com\/es\/la-limpieza-criogenica\/aplicaciones\/limpieza-de-cajas-de-machos\/\">Limpieza de cajas de machos<\/a><\/li>\n<li><a class=\"g-link g-link--icon-text g-link--chevron\" href=\"https:\/\/www.coldjet.com\/es\/la-limpieza-criogenica\/aplicaciones\/limpieza-general-de-equipos\/\">Limpieza general de equipos<\/a><\/li>\n<li><a class=\"g-link g-link--icon-text g-link--chevron\" href=\"https:\/\/www.coldjet.com\/es\/la-limpieza-criogenica\/aplicaciones\/restauracion-historica\/\">Restauraci\u00f3n historica<\/a><\/li>\n<li><a class=\"g-link g-link--icon-text g-link--chevron\" href=\"https:\/\/www.coldjet.com\/es\/la-limpieza-criogenica\/aplicaciones\/limpieza-de-moldes\/\">Limpieza de moldes<\/a><\/li>\n<li><a class=\"g-link g-link--icon-text g-link--chevron\" href=\"https:\/\/www.coldjet.com\/es\/limpieza-criogenica\/aplicaciones\/desbarbado-rebabeo\/\">Desbarbado con Hielo Seco<\/a><\/li>\n<li><a class=\"g-link g-link--icon-text g-link--chevron\" href=\"https:\/\/www.coldjet.com\/es\/la-limpieza-criogenica\/aplicaciones\/descontaminacion\/\">Descontaminaci\u00f3n<\/a><\/li>\n<li><a class=\"g-link g-link--icon-text g-link--chevron\" href=\"https:\/\/www.coldjet.com\/es\/la-limpieza-criogenica\/aplicaciones\/preparacion-de-superficies\/\">Preparaci\u00f3n de superficies<\/a><\/li>\n<li><a class=\"g-link g-link--icon-text g-link--chevron\" href=\"https:\/\/www.coldjet.com\/es\/la-limpieza-criogenica\/aplicaciones\/limpieza-de-lineas-de-soldadura\/\">Limpieza de l\u00edneas de soldadura<\/a><\/li>\n<\/ul>\n","margin_top":"margin-top--xl","margin_bottom":"margin-bottom--xl","padding_top":"padding-top--none","padding_bottom":"padding-bottom--none","heading_type":"div","container_max_width":"container--md"},{"acf_fc_layout":"cta_form","content":"<h2 class=\"g-h-kicker color--secondary\">Estamos aqu\u00ed para ayudar.<\/h2>\n<h3 class=\"text--xxxl color--white\">\u00bfLe interesa, pero no sabe por d\u00f3nde empezar?<\/h3>\n<p class=\"text--md color--white\">Cont\u00e1ctenos hoy mismo para obtener m\u00e1s informaci\u00f3n sobre la limpieza criog\u00e9nica para su aplicaci\u00f3n exclusiva.<\/p>\n","hubspot_form":"","contact_phone":"","contact_pageurl":"","contact_mail":"","hubspot_download_form":"","form":"18","background_photo":{"ID":"https:\/\/www.coldjet.com\/wp-content\/uploads\/stock-photo-the-roar-190017449-1.jpg","id":"https:\/\/www.coldjet.com\/wp-content\/uploads\/stock-photo-the-roar-190017449-1.jpg","title":"500px Photo ID: 190017449 - Roaring polar bear.\nZoo shot with a pocket camera.","filename":"stock-photo-the-roar-190017449-1.jpg","filesize":21695,"url":"https:\/\/www.coldjet.com\/wp-content\/uploads\/stock-photo-the-roar-190017449-1.jpg","link":"https:\/\/www.coldjet.com\/es\/limpieza-criogenica\/industrias\/aeroespacial-aviacion\/500px-photo-id-190017449-roaring-polar-bear-zoo-shot-with-a-pocket-camera-3-2\/","alt":"cold jet","author":"5","description":"","caption":"","name":"500px-photo-id-190017449-roaring-polar-bear-zoo-shot-with-a-pocket-camera-3-2","status":"inherit","uploaded_to":22398,"date":"2019-07-05 15:42:09","modified":"2019-08-05 13:06:47","menu_order":0,"mime_type":"image\/jpeg","type":"image","subtype":"jpeg","icon":"https:\/\/www.coldjet.com\/wp-includes\/images\/media\/default.png","width":"https:\/\/www.coldjet.com\/wp-content\/uploads\/2019\/06\/switzerland.png","height":"https:\/\/www.coldjet.com\/wp-content\/uploads\/2019\/06\/offgas-after.png","sizes":{"thumbnail":"https:\/\/www.coldjet.com\/wp-content\/uploads\/stock-photo-the-roar-190017449-1-150x150.jpg","thumbnail-width":150,"thumbnail-height":150,"medium":"https:\/\/www.coldjet.com\/wp-content\/uploads\/stock-photo-the-roar-190017449-1-240x300.jpg","medium-width":"https:\/\/www.coldjet.com\/wp-content\/uploads\/2019\/06\/dry-ice-blasting-composites.jpg","medium-height":"https:\/\/www.coldjet.com\/wp-content\/uploads\/2019\/06\/DRY-ICE-BLASTING.png","medium_large":"https:\/\/www.coldjet.com\/wp-content\/uploads\/stock-photo-the-roar-190017449-1-768x960.jpg","medium_large-width":"https:\/\/www.coldjet.com\/wp-content\/uploads\/2019\/06\/red-d-arc.png","medium_large-height":"https:\/\/www.coldjet.com\/wp-content\/uploads\/2019\/06\/germany.png","large":"https:\/\/www.coldjet.com\/wp-content\/uploads\/stock-photo-the-roar-190017449-1-819x1024.jpg","large-width":819,"large-height":"https:\/\/www.coldjet.com\/wp-content\/uploads\/2019\/06\/thailand.png","1536x1536":"https:\/\/www.coldjet.com\/wp-content\/uploads\/stock-photo-the-roar-190017449-1.jpg","1536x1536-width":"https:\/\/www.coldjet.com\/wp-content\/uploads\/2019\/06\/switzerland.png","1536x1536-height":"https:\/\/www.coldjet.com\/wp-content\/uploads\/2019\/06\/offgas-after.png","2048x2048":"https:\/\/www.coldjet.com\/wp-content\/uploads\/stock-photo-the-roar-190017449-1.jpg","2048x2048-width":"https:\/\/www.coldjet.com\/wp-content\/uploads\/2019\/06\/switzerland.png","2048x2048-height":"https:\/\/www.coldjet.com\/wp-content\/uploads\/2019\/06\/offgas-after.png","gallery-slider":"https:\/\/www.coldjet.com\/wp-content\/uploads\/stock-photo-the-roar-190017449-1.jpg","gallery-slider-width":"https:\/\/www.coldjet.com\/wp-content\/uploads\/2019\/06\/DRY-ICE-PRODUCTION-SYSTEMS.png","gallery-slider-height":"https:\/\/www.coldjet.com\/wp-content\/uploads\/2019\/06\/DRY-ICE-BLASTING-SYSTEMS-1.png","square-500":"https:\/\/www.coldjet.com\/wp-content\/uploads\/stock-photo-the-roar-190017449-1.jpg","square-500-width":"https:\/\/www.coldjet.com\/wp-content\/uploads\/2019\/06\/DRY-ICE-PRODUCTION.jpg","square-500-height":"https:\/\/www.coldjet.com\/wp-content\/uploads\/2019\/06\/we-are-cold-jet-bg.jpg","square-700":"https:\/\/www.coldjet.com\/wp-content\/uploads\/stock-photo-the-roar-190017449-1.jpg","square-700-width":"https:\/\/www.coldjet.com\/wp-content\/uploads\/2019\/06\/cold-jet-customer-service.jpg","square-700-height":"https:\/\/www.coldjet.com\/wp-content\/uploads\/2019\/06\/honeywell.png","square-150":"https:\/\/www.coldjet.com\/wp-content\/uploads\/stock-photo-the-roar-190017449-1.jpg","square-150-width":"https:\/\/www.coldjet.com\/wp-content\/uploads\/2019\/06\/dry-ice-production.jpg","square-150-height":150,"large-1000":"https:\/\/www.coldjet.com\/wp-content\/uploads\/stock-photo-the-roar-190017449-1.jpg","large-1000-width":"https:\/\/www.coldjet.com\/wp-content\/uploads\/2019\/06\/silgan.png","large-1000-height":"https:\/\/www.coldjet.com\/wp-content\/uploads\/2019\/06\/mexico.png","large-2000":"https:\/\/www.coldjet.com\/wp-content\/uploads\/stock-photo-the-roar-190017449-1.jpg","large-2000-width":"https:\/\/www.coldjet.com\/wp-content\/uploads\/2019\/06\/switzerland.png","large-2000-height":"https:\/\/www.coldjet.com\/wp-content\/uploads\/2019\/06\/offgas-after.png","large-500":"https:\/\/www.coldjet.com\/wp-content\/uploads\/stock-photo-the-roar-190017449-1.jpg","large-500-width":"https:\/\/www.coldjet.com\/wp-content\/uploads\/2019\/06\/we-are-cold-jet-bg.jpg","large-500-height":"https:\/\/www.coldjet.com\/wp-content\/uploads\/2019\/06\/bayer.png","large-500-300":"https:\/\/www.coldjet.com\/wp-content\/uploads\/stock-photo-the-roar-190017449-1.jpg","large-500-300-width":"https:\/\/www.coldjet.com\/wp-content\/uploads\/2019\/06\/dry-ice-blasting-composites.jpg","large-500-300-height":"https:\/\/www.coldjet.com\/wp-content\/uploads\/2019\/06\/DRY-ICE-BLASTING.png"}},"theme":"dark","margin_top":"margin-top--none","margin_bottom":"margin-bottom--none"}],"is_restricted":false,"hide_contact_form":false,"custom_header_code":"","disable_schema_from_yoast":false},"seo":{"title":"Aplicaciones de la limpieza criog\u00e9nica - Cold Jet","description":"La limpieza criog\u00e9nica ofrece soluciones para el acabado y la preparaci\u00f3n de superficies en una amplia gama de industrias y aplicaciones.","canonical":"https:\/\/www.coldjet.com\/es\/limpieza-criogenica\/aplicaciones\/","robots":{"noindex":false,"nofollow":false,"directives":["index","follow","max-image-preview:large","max-snippet:-1","max-video-preview:-1"],"raw":"index, follow, max-image-preview:large, max-snippet:-1, max-video-preview:-1"},"og":{"title":"Aplicaciones de la limpieza criog\u00e9nica - Cold Jet","description":"La limpieza criog\u00e9nica ofrece soluciones para el acabado y la preparaci\u00f3n de superficies en una amplia gama de industrias y aplicaciones.","image":"","image_id":null,"type":"article","url":"https:\/\/www.coldjet.com\/es\/limpieza-criogenica\/aplicaciones\/","locale":"es_ES","site_name":"Cold Jet","article_modified":"2025-08-22 15:31:34+00:00","article_published":"2019-05-14 14:12:15+00:00"},"twitter":{"card":"summary_large_image","title":"Aplicaciones de la limpieza criog\u00e9nica - Cold Jet","description":"La limpieza criog\u00e9nica ofrece soluciones para el acabado y la preparaci\u00f3n de superficies en una amplia gama de industrias y aplicaciones.","image":"","image_id":null,"creator":"","site":""},"hreflang":[{"lang":"en-US","url":"https:\/\/www.coldjet.com\/dry-ice-blasting\/applications\/","lang_code":"en","locale":"en_US","is_default":true},{"lang":"nl-NL","url":"https:\/\/www.coldjet.com\/nl\/oplossingen-met-droogijsstralen\/toepassingen\/","lang_code":"nl","locale":"nl_NL"},{"lang":"fr-FR","url":"https:\/\/www.coldjet.com\/fr\/nettoyage-cryogenique\/applications\/","lang_code":"fr","locale":"fr_FR"},{"lang":"de-DE","url":"https:\/\/www.coldjet.com\/de\/trockeneisstrahlen\/anwendungen-trockeneisreinigung\/","lang_code":"de","locale":"de_DE"},{"lang":"it-IT","url":"https:\/\/www.coldjet.com\/it\/sabbiatura-criogenica\/applicazioni\/","lang_code":"it","locale":"it_IT"},{"lang":"ja","url":"https:\/\/www.coldjet.com\/ja\/%e3%83%89%e3%83%a9%e3%82%a4%e3%82%a2%e3%82%a4%e3%82%b9%e6%b4%97%e6%b5%84\/%e6%b4%97%e6%b5%84%e5%af%be%e8%b1%a1%e7%89%a9\/","lang_code":"ja","locale":"ja"},{"lang":"pl-PL","url":"https:\/\/www.coldjet.com\/pl\/czyszczenie-suchym-lodem\/zastosowania\/","lang_code":"pl","locale":"pl_PL"},{"lang":"pt-BR","url":"https:\/\/www.coldjet.com\/pt-br\/jateamento-com-gelo-seco\/aplicacoes\/","lang_code":"pt-br","locale":"pt_BR"},{"lang":"es-ES","url":"https:\/\/www.coldjet.com\/es\/limpieza-criogenica\/aplicaciones\/","lang_code":"es","locale":"es_ES"},{"lang":"x-default","url":"https:\/\/www.coldjet.com\/dry-ice-blasting\/applications\/","lang_code":"en"}],"schema":{"@context":"https:\/\/schema.org","@graph":[{"@type":"WebPage","@id":"https:\/\/www.coldjet.com\/es\/limpieza-criogenica\/aplicaciones\/","url":"https:\/\/www.coldjet.com\/es\/limpieza-criogenica\/aplicaciones\/","name":"Aplicaciones de la limpieza criog\u00e9nica - Cold Jet","isPartOf":{"@id":"https:\/\/www.coldjet.com\/es\/#website"},"datePublished":"2019-05-14T14:12:15+00:00","dateModified":"2025-08-22T15:31:34+00:00","description":"La limpieza criog\u00e9nica ofrece soluciones para el acabado y la preparaci\u00f3n de superficies en una amplia gama de industrias y aplicaciones.","breadcrumb":{"@id":"https:\/\/www.coldjet.com\/es\/limpieza-criogenica\/aplicaciones\/#breadcrumb"},"inLanguage":"es","potentialAction":[{"@type":"ReadAction","target":["https:\/\/www.coldjet.com\/es\/limpieza-criogenica\/aplicaciones\/"]}]},{"@type":"BreadcrumbList","@id":"https:\/\/www.coldjet.com\/es\/limpieza-criogenica\/aplicaciones\/#breadcrumb","itemListElement":[{"@type":"ListItem","position":1,"name":"Home","item":"https:\/\/www.coldjet.com\/es\/"},{"@type":"ListItem","position":2,"name":"La limpieza criog\u00e9nica","item":"https:\/\/www.coldjet.com\/es\/limpieza-criogenica\/"},{"@type":"ListItem","position":3,"name":"Aplicaciones"}]},{"@type":"WebSite","@id":"https:\/\/www.coldjet.com\/es\/#website","url":"https:\/\/www.coldjet.com\/es\/","name":"Cold Jet","description":"Dry Ice Blasting Equipment and Machines by Cold Jet","publisher":{"@id":"https:\/\/www.coldjet.com\/es\/#organization"},"potentialAction":[{"@type":"SearchAction","target":{"@type":"EntryPoint","urlTemplate":"https:\/\/www.coldjet.com\/es\/?s={search_term_string}"},"query-input":{"@type":"PropertyValueSpecification","valueRequired":true,"valueName":"search_term_string"}}],"inLanguage":"es"},{"@type":"Organization","@id":"https:\/\/www.coldjet.com\/es\/#organization","name":"Cold Jet","url":"https:\/\/www.coldjet.com\/es\/","logo":{"@type":"ImageObject","inLanguage":"es","@id":"https:\/\/www.coldjet.com\/es\/#\/schema\/logo\/image\/","url":"https:\/\/www.coldjet.com\/wp-content\/uploads\/blue-tagline_transparent.png","contentUrl":"https:\/\/www.coldjet.com\/wp-content\/uploads\/blue-tagline_transparent.png","width":957,"height":237,"caption":"Cold Jet"},"image":{"@id":"https:\/\/www.coldjet.com\/es\/#\/schema\/logo\/image\/"}}]},"breadcrumb_title":"","focus_keyphrase":"","seo_score":null,"readability_score":90,"is_cornerstone":false,"plugin":"yoast","plugin_version":"26.3"},"_links":{"self":[{"href":"https:\/\/www.coldjet.com\/es\/wp-json\/wp\/v2\/pages\/23401","targetHints":{"allow":["GET"]}}],"collection":[{"href":"https:\/\/www.coldjet.com\/es\/wp-json\/wp\/v2\/pages"}],"about":[{"href":"https:\/\/www.coldjet.com\/es\/wp-json\/wp\/v2\/types\/page"}],"author":[{"embeddable":true,"href":"https:\/\/www.coldjet.com\/es\/wp-json\/wp\/v2\/users\/3"}],"replies":[{"embeddable":true,"href":"https:\/\/www.coldjet.com\/es\/wp-json\/wp\/v2\/comments?post=23401"}],"version-history":[{"count":0,"href":"https:\/\/www.coldjet.com\/es\/wp-json\/wp\/v2\/pages\/23401\/revisions"}],"up":[{"embeddable":true,"href":"https:\/\/www.coldjet.com\/es\/wp-json\/wp\/v2\/pages\/23555"}],"wp:attachment":[{"href":"https:\/\/www.coldjet.com\/es\/wp-json\/wp\/v2\/media?parent=23401"}],"curies":[{"name":"wp","href":"https:\/\/api.w.org\/{rel}","templated":true}]}}