{"id":22471,"date":"2019-07-03T09:55:59","date_gmt":"2019-07-03T13:55:59","guid":{"rendered":"http:\/\/coldjetprod.wpengine.com\/working-at-cold-jet\/"},"modified":"2024-09-26T13:41:51","modified_gmt":"2024-09-26T17:41:51","slug":"trabajar-en-cold-jet","status":"publish","type":"page","link":"https:\/\/www.coldjet.com\/es\/trabajar-en-cold-jet\/","title":{"rendered":"Trabajar en Cold Jet"},"content":{"rendered":"\r\n<h2 class=\"wp-block-heading\">Who we are<\/h2>\r\n\r\n\r\n\r\n<p>Our website address is: http:\/\/wpengine.com1.<\/p>\r\n\r\n\r\n\r\n<h2 class=\"wp-block-heading\">What personal data we collect and why we collect it<\/h2>\r\n\r\n\r\n\r\n<h3 class=\"wp-block-heading\">Comments<\/h3>\r\n\r\n\r\n\r\n<p>When visitors leave comments on the site we collect the data shown in the comments form, and also the visitor\u2019s IP address and browser user agent string to help spam detection.<\/p>\r\n\r\n\r\n\r\n<p>An anonymized string created from your email address (also called a hash) may be provided to the Gravatar service to see if you are using it. The Gravatar service privacy policy is available here: https:\/\/automattic.com\/privacy\/. After approval of your comment, your profile picture is visible to the public in the context of your comment.<\/p>\r\n\r\n\r\n\r\n<h3 class=\"wp-block-heading\">Media<\/h3>\r\n\r\n\r\n\r\n<p>If you upload images to the website, you should avoid uploading images with embedded location data (EXIF GPS) included. Visitors to the website can download and extract any location data from images on the website.<\/p>\r\n\r\n\r\n\r\n<h3 class=\"wp-block-heading\">Contact forms<\/h3>\r\n\r\n\r\n\r\n<h3 class=\"wp-block-heading\">Cookies<\/h3>\r\n\r\n\r\n\r\n<p>If you leave a comment on our site you may opt-in to saving your name, email address and website in cookies. These are for your convenience so that you do not have to fill in your details again when you leave another comment. These cookies will last for one year.<\/p>\r\n\r\n\r\n\r\n<p>If you have an account and you log in to this site, we will set a temporary cookie to determine if your browser accepts cookies. This cookie contains no personal data and is discarded when you close your browser.<\/p>\r\n\r\n\r\n\r\n<p>When you log in, we will also set up several cookies to save your login information and your screen display choices. Login cookies last for two days, and screen options cookies last for a year. If you select \u00abRemember Me\u00bb, your login will persist for two weeks. If you log out of your account, the login cookies will be removed.<\/p>\r\n\r\n\r\n\r\n<p>If you edit or publish an article, an additional cookie will be saved in your browser. This cookie includes no personal data and simply indicates the post ID of the article you just edited. It expires after 1 day.<\/p>\r\n\r\n\r\n\r\n<h3 class=\"wp-block-heading\">Embedded content from other websites<\/h3>\r\n\r\n\r\n\r\n<p>Articles on this site may include embedded content (e.g. videos, images, articles, etc.). Embedded content from other websites behaves in the exact same way as if the visitor has visited the other website.<\/p>\r\n\r\n\r\n\r\n<p>These websites may collect data about you, use cookies, embed additional third-party tracking, and monitor your interaction with that embedded content, including tracking your interaction with the embedded content if you have an account and are logged in to that website.<\/p>\r\n\r\n\r\n\r\n<h3 class=\"wp-block-heading\">Analytics<\/h3>\r\n\r\n\r\n\r\n<h2 class=\"wp-block-heading\">Who we share your data with<\/h2>\r\n\r\n\r\n\r\n<h2 class=\"wp-block-heading\">How long we retain your data<\/h2>\r\n\r\n\r\n\r\n<p>If you leave a comment, the comment and its metadata are retained indefinitely. This is so we can recognize and approve any follow-up comments automatically instead of holding them in a moderation queue.<\/p>\r\n\r\n\r\n\r\n<p>For users that register on our website (if any), we also store the personal information they provide in their user profile. All users can see, edit, or delete their personal information at any time (except they cannot change their username). Website administrators can also see and edit that information.<\/p>\r\n\r\n\r\n\r\n<h2 class=\"wp-block-heading\">What rights you have over your data<\/h2>\r\n\r\n\r\n\r\n<p>If you have an account on this site, or have left comments, you can request to receive an exported file of the personal data we hold about you, including any data you have provided to us. You can also request that we erase any personal data we hold about you. This does not include any data we are obliged to keep for administrative, legal, or security purposes.<\/p>\r\n\r\n\r\n\r\n<h2 class=\"wp-block-heading\">Where we send your data<\/h2>\r\n\r\n\r\n\r\n<p>Visitor comments may be checked through an automated spam detection service.<\/p>\r\n\r\n\r\n\r\n<h2 class=\"wp-block-heading\">Your contact information<\/h2>\r\n\r\n\r\n\r\n<h2 class=\"wp-block-heading\">Additional information<\/h2>\r\n\r\n\r\n\r\n<h3 class=\"wp-block-heading\">How we protect your data<\/h3>\r\n\r\n\r\n\r\n<h3 class=\"wp-block-heading\">What data breach procedures we have in place<\/h3>\r\n\r\n\r\n\r\n<h3 class=\"wp-block-heading\">What third parties we receive data from<\/h3>\r\n\r\n\r\n\r\n<h3 class=\"wp-block-heading\">What automated decision making and\/or profiling we do with user data<\/h3>\r\n\r\n\r\n\r\n<h3 class=\"wp-block-heading\">Industry regulatory disclosure requirements<\/h3>\r\n","protected":false},"excerpt":{"rendered":"<p>Who we are Our website address is: http:\/\/wpengine.com1. What personal data we collect and why we collect it Comments When visitors leave comments on the site we collect the data shown in the comments form, and also the visitor\u2019s IP address and browser user agent string to help spam detection. An anonymized string created from &hellip; <\/p>\n<p><a href=\"https:\/\/www.coldjet.com\/es\/trabajar-en-cold-jet\/\">Continue reading<span class=\"screen-reader-text\"> \u00abTrabajar en Cold Jet\u00bb<\/span><\/a><\/p>\n","protected":false},"author":1,"featured_media":90551,"parent":0,"menu_order":35,"comment_status":"closed","ping_status":"open","template":"","meta":{"_acf_changed":false,"footnotes":""},"class_list":["post-22471","page","type-page","status-publish","has-post-thumbnail","hentry"],"acf":[],"acf_processed":{"show_breadcrumbs":true,"page_content":[{"acf_fc_layout":"billboard","content":"<h2 class=\"color--white text--xxxxl text-shadow-heavy balance-text\">Trabajar en Cold Jet<\/h2>\n<p class=\"color--white opacity-90 text--lg text-shadow-dark balance-text\">Cold Jet es una empresa innovadora y en\u00e9rgica que se enorgullece del dise\u00f1o, la producci\u00f3n y la venta de tecnolog\u00eda de hielo seco de primera clase. Cold Jet es tambi\u00e9n un excelente lugar para trabajar, como lo demuestra la larga trayectoria de nuestros empleados. Como l\u00edder de la industria por m\u00e1s de 30 a\u00f1os, continuamos manteniendo nuestra posici\u00f3n dominante en el mercado mediante la contrataci\u00f3n, capacitaci\u00f3n y retenci\u00f3n de los profesionales m\u00e1s talentosos.<\/p>\n","content_width":"sm","background_photos":{"first":false,"second":false}},{"acf_fc_layout":"two_column_content","column_1":"<h3 class=\"font-secondary font-weight--400 color--primary text--xxxxl\">Qui\u00e9nes somos<\/h3>\n<p class=\"text--md\">Los empleados de Cold Jet son consumados profesionales en todas las \u00e1rea principales de nuestro negocio. Somos una empresa global, con una plantilla diversa con ra\u00edces en muchas partes del mundo, desde Hong Kong a Los Angeles o Berl\u00edn, lo que aporta una diversidad cultural a Cold Jet.<\/p>\n<p class=\"text--md\">Sentimos pasi\u00f3n por lo que hacemos y nos enorgullecemos de hacerlo bien. Establecemos objetivos para nosotros como individuos y como equipo, y los conseguimos. Trabajamos bien de forma independiente, confiando los unos en los otros y justificando la latitud que tenemos para hacer nuestros trabajos. Buscamos las oportunidades, marcando nuestro curso con conocimiento competencia y autodeterminaci\u00f3n. Trabajamos duro, haciendo lo que es necesario para hacer el trabajo y recibimos recompensas por nuestros \u00e9xitos y logros.<\/p>\n","column_2":"<h3 class=\"font-secondary font-weight--400 color--primary text--xxxxl\">Qu\u00e9 hacemos<\/h3>\n<p class=\"text--md\">En Cold Jet, nos encargamos de la tecnolog\u00eda de fabricaci\u00f3n aplicada, proporcionando una serie de sistemas de preparaci\u00f3n de superficies y limpieza respetuosos con el medioambiente para clientes industriales y comerciales de todo el mundo. Nuestro equipo es l\u00edder del sector, propio y dise\u00f1ado para las necesidades espec\u00edficas en segmentos de mercado seleccionados. Espec\u00edficamente, dise\u00f1amos, fabricamos, vendemos y prestamos servicio al mejor equipo de producci\u00f3n y chorro de hielo seco del mundo. Empleamos a m\u00e1s de 250 personas en todo el mundo y mediante la aplicaci\u00f3n de una estrategia clara y centrada para dominar nuestro sector, continuamos creciendo r\u00e1pidamente. Nuestra tecnolog\u00eda de chorro se puede aplicar en una amplia gama de aplicaciones de limpieza. Puede ver los detalles en nuestra secci\u00f3n Respuestas al hielo seco.<\/p>\n<p class=\"text--md\">Durante m\u00e1s de 30 a\u00f1os, Cold Jet ha tenido una serie de hitos. Explore la Historia de Cold Jet para obtener m\u00e1s informaci\u00f3n.<\/p>\n","column_1_width":"medium","add_border":false,"add_background_to_column_2":false,"margin_top":"margin-top--xl","margin_bottom":"margin-bottom--xl","padding_top":"padding-top--none","padding_bottom":"padding-bottom--none","heading_type":"div"},{"acf_fc_layout":"general_content","content":"<p class=\"text--lg margin-bottom--xxxxs\" style=\"text-align: center;\"><strong>\u00bfSuena esto como el entorno de trabajo que est\u00e1 buscando? <\/strong><\/p>\n<p class=\"text--md margin-bottom--md\" style=\"text-align: center;\">Si es as\u00ed, eche un vistazo a nuestras <a class=\"g-link g-link--icon-text g-link--chevron\" href=\"https:\/\/careers.coldjet.com\/en\/index.php\">vacantes<\/a>actuales.<\/p>\n<p><strong>Nota:<\/strong> Cold Jet es un empleador que aplica la igualdad de oportunidades. Nuestra pol\u00edtica es contratar, formar y promocionar en todos los niveles de trabajo a las personas m\u00e1s cualificadas sin importar su raza, color, religi\u00f3n, sexo, origen nacional, edad o discapacidad.<\/p>\n","margin_top":"margin-top--none","margin_bottom":"margin-bottom--xl","padding_top":"padding-top--none","padding_bottom":"padding-bottom--none","heading_type":"div","container_max_width":"container--xs"},{"acf_fc_layout":"background_start","background_style":"gradient","background_color":{"color":false},"gradient_color":"gradient-primary-to-lower-right","margin_top":"margin-top--none","margin_bottom":"margin-bottom--none","padding_top":"padding-top--none","padding_bottom":"padding-bottom--none","heading_type":"div","container_max_width":"container--full-width"},{"acf_fc_layout":"general_content","content":"<h3 class=\"text--xxl margin-bottom--md color--white\" style=\"text-align: center;\">Principales razones para trabajar con Cold Jet<\/h3>\n<ul class=\"icon-list icon-list--arrow icon-list--columns\">\n<li class=\"color--white font-weight--600 text--md\">Dominio del mercado <span class=\"icon-list__details\">Cold Jet es la \u00fanica empresa que ha estado en el mercado del hielo seco durante m\u00e1s de 30 a\u00f1os. Como l\u00edder del sector, aumentamos el nivel continuamente en nuestros mercados elegidos, convirti\u00e9ndonos en los mejores en lo que hacemos.<\/span><\/li>\n<li class=\"color--white font-weight--600 text--md\">Innovaci\u00f3n<br \/>\n<span class=\"icon-list__details\">El excelente rendimiento de los productos de Cold Jet se basa en tecnolog\u00eda innovadora. Cold Jet ha definido el est\u00e1ndar del sector en equipos de producci\u00f3n y limpieza criog\u00e9nica desde 1986. La experiencia en ingenier\u00eda de Cold Jet, la tecnolog\u00eda impulsada por valor y la experiencia en soluciones de aplicaciones nos han permitido ser pioneros, mejorar y ofrecer la l\u00ednea m\u00e1s diversa y de mayor calidad de productos de producci\u00f3n de hielos seco y limpieza criog\u00e9nica del mundo.<\/span><\/li>\n<li class=\"color--white font-weight--600 text--md\">Crecimiento<br \/>\n<span class=\"icon-list__details\">En los \u00faltimos cinco a\u00f1os hemos tenido un crecimiento de dos d\u00edgitos, lo que refleja la energ\u00eda colectiva aplicada de nuestro personal. Aun m\u00e1s, es indicativa del crecimiento experimentado y previsto de nuestros empleados. El potencial del mercado internacional para nuestros productos es importante y prevemos una demanda futura que pondr\u00e1 a prueba nuestro talento y energ\u00eda.<\/span><\/li>\n<li class=\"color--white font-weight--600 text--md\">Oportunidad financiera<br \/>\n<span class=\"icon-list__details\">La iniciativa, el trabajo duro y los logros son atributos que Cold valora y no deja pasar. Aquellos que tienen un buen rendimiento y producen resultados reciben recompensas, tanto financieras como profesionales.<\/span><\/li>\n<li class=\"color--white font-weight--600 text--md\">Oportunidades de trabajo<br \/>\n<span class=\"icon-list__details\">Cold Jet es una empresa emprendedora. Es un lugar ideal para aquellos que buscan explorar sus opciones de carrera tomando parte en proyectos y esfuerzos de equipo que superan ampliamente la descripci\u00f3n de un trabajo individual. La mayor\u00eda de las personas que se unen a Cold Jet no abandonan o se estancan, sino que crecen dentro de roles y b\u00fasqueda de ambiciones, lo que aporta talento e iniciativa de forma que antes no era contemplada. Las oportunidades no tienen l\u00edmites para aquellos que toman parte en la direcci\u00f3n de la compa\u00f1\u00eda hacia el \u00e9xito y dirigen la compa\u00f1\u00eda a un mayor crecimiento.<\/span><\/li>\n<li class=\"color--white font-weight--600 text--md\">Diversi\u00f3n<br \/>\n<span class=\"icon-list__details\">En Cold Jet disfrutamos lo que hacemos y estamos orgullosos de hacerlo bien. Nuestra cultura fomenta la energ\u00eda y la emoci\u00f3n sobre nuestro trabajo y la compa\u00f1\u00eda como un todo. Estos atributos se traducen en \u00e9xito, tanto profesional como personal.<\/span><\/li>\n<li class=\"color--white font-weight--600 text--md\">Liderazgo<br \/>\n<span class=\"icon-list__details\">Cold Jet est\u00e1 dirigida por un equipo con conocimiento y experiencia de profesionales din\u00e1micos y dedicados, que trabajan con una visi\u00f3n clara. A trav\u00e9s de su liderazgo, las personas y equipos alcanzan objetivos desafiantes y concretos, que fomentan la realizaci\u00f3n personal y la lealtad a una empresa que valora el trabajo bien hecho.<\/span><\/li>\n<li class=\"color--white font-weight--600 text--md\">Responsable ecol\u00f3gicamente<br \/>\n<span class=\"icon-list__details\">Nuestros productos hacen del mundo un lugar mejor al ofrecer soluciones de limpieza que no da\u00f1an el medio ambiente. El hielo seco es un medio de limpieza seguro no t\u00f3xico que cumple con las directrices de la USDA, FDA y EPA. Comparado con m\u00e9todos de limpieza que usan producto qu\u00edmicos c\u00e1usticos y otros tipo de part\u00edculas, el hielo seco no requiere eliminaci\u00f3n de residuos o precauciones de da\u00f1o ambiental. Al impactar, el hielo seco realiza el trabajo, se sublima y simplemente vuelve a la atm\u00f3sfera. Todo lo que queda para la eliminaci\u00f3n es el contaminante que se elimin\u00f3.<\/span><\/li>\n<li class=\"color--white text--md font-weight--600\">Atm\u00f3sfera informal<br \/>\n<span class=\"icon-list__details font-weight--600 text--md\">En Cold Jet, nos tomamos nuestro trabajo en serio, pero mantenemos nuestro estilo de trabajo informal y abierto. Mantenemos todo informal, desde un c\u00f3digo de vestimenta relajado a una interacci\u00f3n abierta y frecuente con todos los departamentos y todos los niveles de la organizaci\u00f3n.<\/span><\/li>\n<\/ul>\n","margin_top":"margin-top--none","margin_bottom":"margin-bottom--xl","padding_top":"padding-top--xl","padding_bottom":"padding-bottom--xl","heading_type":"div","container_max_width":"container--md"},{"acf_fc_layout":"background_end"},{"acf_fc_layout":"general_content","content":"<h2 class=\"text--xxl\" style=\"text-align: center;\">Prestaciones para empleados<\/h2>\n<p style=\"text-align: center;\"><small><em>(Nota: Esta p\u00e1gina aplica las posiciones basadas en EE.UU)<\/em><\/small><\/p>\n<p>Adem\u00e1s de salarios competitivo y agresivas oportunidades de incentivos, Cold Jet ofrece un paquete de beneficios competitivo y completo dise\u00f1ado para ayudar a los empleados a estar sanos, mantener a sus familias y ahorrar para la jubilaci\u00f3n.<\/p>\n<p class=\"margin-bottom--lg\">Nos esforzamos por proporcionar programas de beneficios de calidad qu e atraen y retienen empleados de primera y cont alento que dirigen tonuestro crecimiento de doble d\u00edgito de forma continua, nuestro \u00e9xito y nuestro rendimiento.<\/p>\n<h3 class=\"margin-bottom--sm\" style=\"text-align: center;\">Beneficios de seguros<\/h3>\n<ul class=\"icon-list icon-list--check margin-bottom--lg icon-list--columns\">\n<li>2 opciones de seguro m\u00e9dico, contributivo<span class=\"icon-list__details\">Organizaci\u00f3n de proveedor preferente (PPO), Plan de salud con alta deducci\u00f3n (HDHP) con cuenta de ahorros salud (HSA)<\/span><\/li>\n<li>Seguro dental, contributivo<\/li>\n<li>Programa de descuento en visi\u00f3n<\/li>\n<li> El seguro de vida al primer salario, Seguro por muerte accidental y desmembramiento, seguro de incapacidad temporal<\/li>\n<li> Seguro de inapacidad a largo plazo voluntario<\/li>\n<li> Cuentas de gastos flexibles para cuidados m\u00e9dicos y de dependencia<\/li>\n<\/ul>\n<h3 class=\"margin-bottom--sm\" style=\"text-align: center;\">Beneficios de jubila\u00f3nci<\/h3>\n<ul class=\"icon-list icon-list--check margin-bottom--lg\">\n<li>Plan 401(k)<\/li>\n<\/ul>\n<h3 class=\"margin-bottom--sm\" style=\"text-align: center;\">Beneficios de vacaciones<\/h3>\n<ul class=\"icon-list icon-list--check margin-bottom--lg icon-list--columns\">\n<li>Tres semanas pagadas de vacaciones disponibles el primer a\u00f1o de calendario completo (prorrateadas el primer a\u00f1o desde la fecha elegida)<\/li>\n<li>Nueve d\u00edas de vacaciones pagadas<\/li>\n<\/ul>\n<h3 class=\"margin-bottom--sm\" style=\"text-align: center;\">Otros beneficios<\/h3>\n<ul class=\"icon-list icon-list--check margin-bottom--xxl icon-list--columns\">\n<li>Dep\u00f3sito directo<\/li>\n<li>50% de reembolso de matr\u00edcula para cursos aprovados por el director que est\u00e1n relacionados con el trabajo<\/li>\n<li>100% de combinaci\u00f3n de donaciones a la caridad cualificada<\/li>\n<li>Ambiente de trabajo informal y amigable<\/li>\n<li>Veh\u00edculo de la compa\u00f1\u00eda (a elegir seg\u00fan la clase de trabajo)<\/li>\n<\/ul>\n<p>En general, los beneficios est\u00e1n disponibles para los empleados a tiempo completos en horario de trabajo de 25 horas o m\u00e1s a la semana. Algunos beneficios pueden tener requisitos de elecci\u00f3n diferentes.<\/p>\n<p><strong>Nota:<\/strong>  Los beneficios descritos anteriormente son para empleados de EE.UU. Para informaci\u00f3n espec\u00edfica de su centro, por favor, contacte directamente con nuestra oficina de empleo.<\/p>\n","margin_top":"margin-top--none","margin_bottom":"margin-bottom--xl","padding_top":"padding-top--none","padding_bottom":"padding-bottom--none","heading_type":"div","container_max_width":"container--sm"}],"hide_contact_form":false,"is_restricted":false},"seo":{"title":"Trabajar en Cold Jet - Cold Jet","description":"\u00a1Siempre estamos buscando empleados talentosos! Cold Jet ofrece el entorno ideal para personas ambiciosas que buscan crecer.","canonical":"https:\/\/www.coldjet.com\/es\/trabajar-en-cold-jet\/","robots":{"noindex":false,"nofollow":false,"directives":["index","follow","max-image-preview:large","max-snippet:-1","max-video-preview:-1"],"raw":"index, follow, max-image-preview:large, max-snippet:-1, max-video-preview:-1"},"og":{"title":"Trabajar en Cold Jet - Cold Jet","description":"\u00a1Siempre estamos buscando empleados talentosos! Cold Jet ofrece el entorno ideal para personas ambiciosas que buscan crecer.","image":"","image_id":null,"type":"article","url":"https:\/\/www.coldjet.com\/es\/trabajar-en-cold-jet\/","locale":"es_ES","site_name":"Cold Jet","article_modified":"2024-09-26 17:41:51+00:00","article_published":"2019-07-03 13:55:59+00:00"},"twitter":{"card":"summary_large_image","title":"Trabajar en Cold Jet - Cold Jet","description":"\u00a1Siempre estamos buscando empleados talentosos! Cold Jet ofrece el entorno ideal para personas ambiciosas que buscan crecer.","image":"","image_id":null,"creator":"","site":""},"hreflang":[{"lang":"en-US","url":"https:\/\/www.coldjet.com\/careers\/","lang_code":"en","locale":"en_US","is_default":true},{"lang":"nl-NL","url":"https:\/\/www.coldjet.com\/nl\/werken-bij-cold-jet\/","lang_code":"nl","locale":"nl_NL"},{"lang":"fr-FR","url":"https:\/\/www.coldjet.com\/fr\/?page_id=21835","lang_code":"fr","locale":"fr_FR"},{"lang":"de-DE","url":"https:\/\/www.coldjet.com\/de\/karriere\/","lang_code":"de","locale":"de_DE"},{"lang":"it-IT","url":"https:\/\/www.coldjet.com\/it\/lavorare-in-cold-jet\/","lang_code":"it","locale":"it_IT"},{"lang":"ja","url":"https:\/\/www.coldjet.com\/ja\/cold-jet%e3%81%a7%e5%83%8d%e3%81%8f\/","lang_code":"ja","locale":"ja"},{"lang":"pl-PL","url":"https:\/\/www.coldjet.com\/pl\/kariera\/","lang_code":"pl","locale":"pl_PL"},{"lang":"pt-BR","url":"https:\/\/www.coldjet.com\/pt-br\/trabalhar-na-cold-jet\/","lang_code":"pt-br","locale":"pt_BR"},{"lang":"es-ES","url":"https:\/\/www.coldjet.com\/es\/trabajar-en-cold-jet\/","lang_code":"es","locale":"es_ES"},{"lang":"x-default","url":"https:\/\/www.coldjet.com\/careers\/","lang_code":"en"}],"schema":{"@context":"https:\/\/schema.org","@graph":[{"@type":"WebPage","@id":"https:\/\/www.coldjet.com\/es\/trabajar-en-cold-jet\/","url":"https:\/\/www.coldjet.com\/es\/trabajar-en-cold-jet\/","name":"Trabajar en Cold Jet - Cold Jet","isPartOf":{"@id":"https:\/\/www.coldjet.com\/es\/#website"},"primaryImageOfPage":{"@id":"https:\/\/www.coldjet.com\/es\/trabajar-en-cold-jet\/#primaryimage"},"image":{"@id":"https:\/\/www.coldjet.com\/es\/trabajar-en-cold-jet\/#primaryimage"},"thumbnailUrl":"https:\/\/www.coldjet.com\/wp-content\/uploads\/NewHQ_Front-1200x600-1.jpg","datePublished":"2019-07-03T13:55:59+00:00","dateModified":"2024-09-26T17:41:51+00:00","description":"\u00a1Siempre estamos buscando empleados talentosos! Cold Jet ofrece el entorno ideal para personas ambiciosas que buscan crecer.","breadcrumb":{"@id":"https:\/\/www.coldjet.com\/es\/trabajar-en-cold-jet\/#breadcrumb"},"inLanguage":"es","potentialAction":[{"@type":"ReadAction","target":["https:\/\/www.coldjet.com\/es\/trabajar-en-cold-jet\/"]}]},{"@type":"ImageObject","inLanguage":"es","@id":"https:\/\/www.coldjet.com\/es\/trabajar-en-cold-jet\/#primaryimage","url":"https:\/\/www.coldjet.com\/wp-content\/uploads\/NewHQ_Front-1200x600-1.jpg","contentUrl":"https:\/\/www.coldjet.com\/wp-content\/uploads\/NewHQ_Front-1200x600-1.jpg","width":1200,"height":600,"caption":"New Cold Jet Headquarters"},{"@type":"BreadcrumbList","@id":"https:\/\/www.coldjet.com\/es\/trabajar-en-cold-jet\/#breadcrumb","itemListElement":[{"@type":"ListItem","position":1,"name":"Home","item":"https:\/\/www.coldjet.com\/es\/"},{"@type":"ListItem","position":2,"name":"Trabajar en Cold Jet"}]},{"@type":"WebSite","@id":"https:\/\/www.coldjet.com\/es\/#website","url":"https:\/\/www.coldjet.com\/es\/","name":"Cold Jet","description":"Dry Ice Blasting Equipment and Machines by Cold Jet","publisher":{"@id":"https:\/\/www.coldjet.com\/es\/#organization"},"potentialAction":[{"@type":"SearchAction","target":{"@type":"EntryPoint","urlTemplate":"https:\/\/www.coldjet.com\/es\/?s={search_term_string}"},"query-input":{"@type":"PropertyValueSpecification","valueRequired":true,"valueName":"search_term_string"}}],"inLanguage":"es"},{"@type":"Organization","@id":"https:\/\/www.coldjet.com\/es\/#organization","name":"Cold Jet","url":"https:\/\/www.coldjet.com\/es\/","logo":{"@type":"ImageObject","inLanguage":"es","@id":"https:\/\/www.coldjet.com\/es\/#\/schema\/logo\/image\/","url":"https:\/\/www.coldjet.com\/wp-content\/uploads\/blue-tagline_transparent.png","contentUrl":"https:\/\/www.coldjet.com\/wp-content\/uploads\/blue-tagline_transparent.png","width":957,"height":237,"caption":"Cold Jet"},"image":{"@id":"https:\/\/www.coldjet.com\/es\/#\/schema\/logo\/image\/"}}]},"breadcrumb_title":"","focus_keyphrase":"","seo_score":null,"readability_score":30,"is_cornerstone":false,"plugin":"yoast","plugin_version":"26.3"},"_links":{"self":[{"href":"https:\/\/www.coldjet.com\/es\/wp-json\/wp\/v2\/pages\/22471","targetHints":{"allow":["GET"]}}],"collection":[{"href":"https:\/\/www.coldjet.com\/es\/wp-json\/wp\/v2\/pages"}],"about":[{"href":"https:\/\/www.coldjet.com\/es\/wp-json\/wp\/v2\/types\/page"}],"author":[{"embeddable":true,"href":"https:\/\/www.coldjet.com\/es\/wp-json\/wp\/v2\/users\/1"}],"replies":[{"embeddable":true,"href":"https:\/\/www.coldjet.com\/es\/wp-json\/wp\/v2\/comments?post=22471"}],"version-history":[{"count":0,"href":"https:\/\/www.coldjet.com\/es\/wp-json\/wp\/v2\/pages\/22471\/revisions"}],"wp:featuredmedia":[{"embeddable":true,"href":"https:\/\/www.coldjet.com\/es\/wp-json\/wp\/v2\/media\/90551"}],"wp:attachment":[{"href":"https:\/\/www.coldjet.com\/es\/wp-json\/wp\/v2\/media?parent=22471"}],"curies":[{"name":"wp","href":"https:\/\/api.w.org\/{rel}","templated":true}]}}