{"id":38269,"date":"2020-02-10T23:56:51","date_gmt":"2020-02-11T04:56:51","guid":{"rendered":"https:\/\/www.coldjet.com\/?page_id=38269"},"modified":"2024-12-18T03:55:01","modified_gmt":"2024-12-18T08:55:01","slug":"veranstaltungskalender","status":"publish","type":"page","link":"https:\/\/www.coldjet.com\/de\/veranstaltungskalender\/","title":{"rendered":"Veranstaltungskalender"},"content":{"rendered":"<section class=\"section-background container gradient-primary-to-lower-right margin-top--none margin-bottom--none padding-top--xl padding-bottom--xl container--full-width\" style=\"text-align:center\">\n<div class=\"wysiwyg-content container text-component margin-top--lg margin-bottom--xl padding-top--none padding-bottom--none container--xs\">\n<h1 class=\"g-h-kicker color--secondary\">VERANSTALTUNGSKALENDER<\/h1>\n<h2 class=\"color--white text--xxxl text-shadow-heavy balance-text\">Treffen Sie uns auf einer Veranstaltung in Ihrer N\u00e4he<\/h2>\n<p class=\"color--white opacity-90 text--lg text-shadow-dark balance-text\">Wir planen, auf folgenden Messen und Veranstaltungen auszustellen, zu pr\u00e4sentieren oder teilzunehmen. Alle Daten und Orte k\u00f6nnen sich \u00e4ndern. F\u00fcr weitere Informationen oder um ein Treffen auf einer dieser Messen zu vereinbaren, kontaktieren Sie uns bitte unter\u00a0info.de@coldjet.com<\/p>\n<\/div>\n<\/section>\n","protected":false},"excerpt":{"rendered":"<p>VERANSTALTUNGSKALENDER Treffen Sie uns auf einer Veranstaltung in Ihrer N\u00e4he Wir planen, auf folgenden Messen und Veranstaltungen auszustellen, zu pr\u00e4sentieren oder teilzunehmen. Alle Daten und Orte k\u00f6nnen sich \u00e4ndern. F\u00fcr weitere Informationen oder um ein Treffen auf einer dieser Messen zu vereinbaren, kontaktieren Sie uns bitte unter\u00a0info.de@coldjet.com<\/p>\n","protected":false},"author":3,"featured_media":0,"parent":0,"menu_order":7,"comment_status":"closed","ping_status":"closed","template":"template-events.php","meta":{"_acf_changed":false,"footnotes":""},"class_list":["post-38269","page","type-page","status-publish","hentry"],"acf":[],"_links":{"self":[{"href":"https:\/\/www.coldjet.com\/de\/wp-json\/wp\/v2\/pages\/38269","targetHints":{"allow":["GET"]}}],"collection":[{"href":"https:\/\/www.coldjet.com\/de\/wp-json\/wp\/v2\/pages"}],"about":[{"href":"https:\/\/www.coldjet.com\/de\/wp-json\/wp\/v2\/types\/page"}],"author":[{"embeddable":true,"href":"https:\/\/www.coldjet.com\/de\/wp-json\/wp\/v2\/users\/3"}],"replies":[{"embeddable":true,"href":"https:\/\/www.coldjet.com\/de\/wp-json\/wp\/v2\/comments?post=38269"}],"version-history":[{"count":0,"href":"https:\/\/www.coldjet.com\/de\/wp-json\/wp\/v2\/pages\/38269\/revisions"}],"wp:attachment":[{"href":"https:\/\/www.coldjet.com\/de\/wp-json\/wp\/v2\/media?parent=38269"}],"curies":[{"name":"wp","href":"https:\/\/api.w.org\/{rel}","templated":true}]}}